{"id":1153,"date":"2019-05-24T11:33:05","date_gmt":"2019-05-24T09:33:05","guid":{"rendered":"https:\/\/stringsandwood.de\/?page_id=1153"},"modified":"2019-05-24T11:37:38","modified_gmt":"2019-05-24T09:37:38","slug":"umrechnung-zoll-in-mm","status":"publish","type":"page","link":"https:\/\/stringsandwood.de\/index.php\/informationen-zum-gitarrenbau\/umrechnung-zoll-in-mm\/","title":{"rendered":"Umrechnung Zoll in mm"},"content":{"rendered":"<h4 class=\"deco-side\" style=\"color: #990000;\">Wieviel iss\u00b4n das?<\/h4>\n<h1 class=\"deco-side\">Umrechnung Zoll nach mm<\/h1>\n<p>Sobald man eine Gitarre in den H\u00e4nden h\u00e4lt wird man mit der Ma\u00dfeinheit Zoll oder im Englischen\/Amerikanischen Inch konfontriert. Diese Ma\u00dfeinheit begegnet uns ebenfalls bei Autoreifen, Fernsehern usw. Zur Umrechung muss lediglich das Zollma\u00df mit 25,4 multipliziert werden, weil 1&#8243; = 25,4 mm entspricht.<\/p>\n<p>Beispiel: Der Griffbrettradius einer alten Tele betr\u00e4gt 7,25&#8243;. Also sind 7,25 x 25,4 = 184,15 mm.<\/p>\n<p>Umgekehrt funktioniert es so.<\/p>\n<p>Beispiel: Der Durchmesser eines Klinkensteckers betr\u00e4gt 6,35 mm. Also sind 6,35 \/ 25,4 = 0,25&#8243; oder als Bruchwert 1\/4&#8243;.<\/p>\n<p>Hier eine Tabelle zur Umechnung Zoll in mm:<\/p>\n<table>\n<tbody>\n<tr>\n<th>Bruchwert in Zoll<\/th>\n<th align=\"center\">Dezimalwert in Zoll<\/th>\n<th align=\"right\">Metrisch (mm)<\/th>\n<\/tr>\n<tr>\n<td align=\"center\">1\/64&#8243;<\/td>\n<td align=\"center\">0,016&#8243;<\/td>\n<td align=\"right\">0,397 mm<\/td>\n<\/tr>\n<tr>\n<td align=\"center\">1\/32&#8243;<\/td>\n<td align=\"center\">0,031&#8243;<\/td>\n<td align=\"right\">0,794 mm<\/td>\n<\/tr>\n<tr>\n<td align=\"center\">1\/16&#8243;<\/td>\n<td align=\"center\">0,063&#8243;<\/td>\n<td align=\"right\">1,587 mm<\/td>\n<\/tr>\n<tr>\n<td align=\"center\">1\/8&#8243;<\/td>\n<td align=\"center\">0,125&#8243;<\/td>\n<td align=\"right\">3,175 mm<\/td>\n<\/tr>\n<tr>\n<td align=\"center\">1\/4&#8243;<\/td>\n<td align=\"center\">0,250<\/td>\n<td align=\"right\">6,350 mm<\/td>\n<\/tr>\n<tr>\n<td align=\"center\">3\/8&#8243;<\/td>\n<td align=\"center\">0,375&#8243;<\/td>\n<td align=\"right\">9,525 mm<\/td>\n<\/tr>\n<tr>\n<td align=\"center\">1\/2&#8243;<\/td>\n<td align=\"center\">0,500&#8243;<\/td>\n<td align=\"right\">12,700 mm<\/td>\n<\/tr>\n<tr>\n<td align=\"center\">5\/8&#8243;<\/td>\n<td align=\"center\">0,625&#8243;<\/td>\n<td align=\"right\">15,875 mm<\/td>\n<\/tr>\n<tr>\n<td align=\"center\">3\/4&#8243;<\/td>\n<td align=\"center\">0,750<\/td>\n<td align=\"right\">19,050 mm<\/td>\n<\/tr>\n<tr>\n<td align=\"center\">7\/8&#8243;<\/td>\n<td align=\"center\">0,875&#8243;<\/td>\n<td align=\"right\">22,225 mm<\/td>\n<\/tr>\n<tr>\n<td align=\"center\">1&#8243;<\/td>\n<td align=\"center\">1&#8243;<\/td>\n<td align=\"right\">25,400 mm<\/td>\n<\/tr>\n<tr>\n<td align=\"center\">1<br \/>\n1\/4&#8243;<\/td>\n<td align=\"center\">1,250&#8243;<\/td>\n<td align=\"right\">31,750 mm<\/td>\n<\/tr>\n<tr>\n<td align=\"center\">1<br \/>\n1\/2&#8243;<\/td>\n<td align=\"center\">1,500&#8243;<\/td>\n<td align=\"right\">38,100 mm<\/td>\n<\/tr>\n<tr>\n<td align=\"center\">1<br \/>\n3\/4&#8243;<\/td>\n<td align=\"center\">1,750&#8243;<\/td>\n<td align=\"right\">44,450 mm<\/td>\n<\/tr>\n<tr>\n<td align=\"center\">2&#8243;<\/td>\n<td align=\"center\">2&#8243;<\/td>\n<td align=\"right\">50,800 mm<\/td>\n<\/tr>\n<tr>\n<td align=\"center\">2<br \/>\n1\/4&#8243;<\/td>\n<td align=\"center\">2,250&#8243;<\/td>\n<td align=\"right\">57,150 mm<\/td>\n<\/tr>\n<tr>\n<td align=\"center\">2<br \/>\n1\/2&#8243;<\/td>\n<td align=\"center\">2,500&#8243;<\/td>\n<td align=\"right\">63,500 mm<\/td>\n<\/tr>\n<tr>\n<td align=\"center\">2<br \/>\n3\/4&#8243;<\/td>\n<td align=\"center\">2,750&#8243;<\/td>\n<td align=\"right\">69,850 mm<\/td>\n<\/tr>\n<tr>\n<td align=\"center\">3&#8243;<\/td>\n<td align=\"center\">3&#8243;<\/td>\n<td align=\"right\">76,200 mm<\/td>\n<\/tr>\n<tr>\n<td align=\"center\">3<br \/>\n1\/4&#8243;<\/td>\n<td align=\"center\">3,250&#8243;<\/td>\n<td align=\"right\">82,550 mm<\/td>\n<\/tr>\n<tr>\n<td align=\"center\">3<br \/>\n1\/2&#8243;<\/td>\n<td align=\"center\">3,500&#8243;<\/td>\n<td align=\"right\">88,900 mm<\/td>\n<\/tr>\n<tr>\n<td align=\"center\">3<br \/>\n3\/4&#8243;<\/td>\n<td align=\"center\">3,750&#8243;<\/td>\n<td align=\"right\">95,250 mm<\/td>\n<\/tr>\n<tr>\n<td align=\"center\">4&#8243;<\/td>\n<td align=\"center\">4&#8243;<\/td>\n<td align=\"right\">101,60 mm<\/td>\n<\/tr>\n<tr>\n<td align=\"center\">4<br \/>\n1\/4&#8243;<\/td>\n<td align=\"center\">4,250&#8243;<\/td>\n<td align=\"right\">107,95 mm<\/td>\n<\/tr>\n<tr>\n<td align=\"center\">4<br \/>\n1\/2&#8243;<\/td>\n<td align=\"center\">4,500&#8243;<\/td>\n<td align=\"right\">114,30 mm<\/td>\n<\/tr>\n<tr>\n<td align=\"center\">4<br \/>\n3\/4&#8243;<\/td>\n<td align=\"center\">4,750&#8243;<\/td>\n<td align=\"right\">120,65 mm<\/td>\n<\/tr>\n<tr>\n<td align=\"center\">5&#8243;<\/td>\n<td align=\"center\">5&#8243;<\/td>\n<td align=\"right\">127,00 mm<\/td>\n<\/tr>\n<tr>\n<td align=\"center\">6&#8243;<\/td>\n<td align=\"center\">6&#8243;<\/td>\n<td align=\"right\">152,40 mm<\/td>\n<\/tr>\n<tr>\n<td align=\"center\">7&#8243;<\/td>\n<td align=\"center\">7&#8243;<\/td>\n<td align=\"right\">177,80 mm<\/td>\n<\/tr>\n<tr>\n<td align=\"center\">8&#8243;<\/td>\n<td align=\"center\">8&#8243;<\/td>\n<td align=\"right\">203,20 mm<\/td>\n<\/tr>\n<tr>\n<td align=\"center\">9&#8243;<\/td>\n<td align=\"center\">9&#8243;<\/td>\n<td align=\"right\">228,60 mm<\/td>\n<\/tr>\n<tr>\n<td align=\"center\">10&#8243;<\/td>\n<td align=\"center\">10&#8243;<\/td>\n<td align=\"right\">254,00 mm<\/td>\n<\/tr>\n<\/tbody>\n<\/table>\n","protected":false},"excerpt":{"rendered":"<p>Wieviel iss\u00b4n das? Umrechnung Zoll nach mm Sobald man eine Gitarre in den H\u00e4nden h\u00e4lt wird man mit der Ma\u00dfeinheit Zoll oder im Englischen\/Amerikanischen Inch konfontriert. Diese Ma\u00dfeinheit begegnet uns [&hellip;]<\/p>\n","protected":false},"author":3,"featured_media":0,"parent":363,"menu_order":45,"comment_status":"closed","ping_status":"closed","template":"page_Infos-Gitarrenbau.php","meta":{"footnotes":""},"class_list":["post-1153","page","type-page","status-publish","hentry"],"yoast_head":"<!-- This site is optimized with the Yoast SEO plugin v27.5 - https:\/\/yoast.com\/product\/yoast-seo-wordpress\/ -->\n<title>Umrechnung Zoll in mm - Strings And Wood - Gitarrenbau aus Hamm<\/title>\n<meta name=\"description\" content=\"Zur Umrechnung von Zoll oder Inch in mm helfen diese Formeln und Tabellen. So versteht man die Ma\u00dfe der Gitarre besser. Wie gro\u00df ist was?\" \/>\n<meta name=\"robots\" content=\"index, follow, max-snippet:-1, max-image-preview:large, max-video-preview:-1\" \/>\n<link rel=\"canonical\" href=\"https:\/\/stringsandwood.de\/index.php\/informationen-zum-gitarrenbau\/umrechnung-zoll-in-mm\/\" \/>\n<meta property=\"og:locale\" content=\"de_DE\" \/>\n<meta property=\"og:type\" content=\"article\" \/>\n<meta property=\"og:title\" content=\"Umrechnung Zoll in mm - Strings And Wood - Gitarrenbau aus Hamm\" \/>\n<meta property=\"og:description\" content=\"Zur Umrechnung von Zoll oder Inch in mm helfen diese Formeln und Tabellen. So versteht man die Ma\u00dfe der Gitarre besser. Wie gro\u00df ist was?\" \/>\n<meta property=\"og:url\" content=\"https:\/\/stringsandwood.de\/index.php\/informationen-zum-gitarrenbau\/umrechnung-zoll-in-mm\/\" \/>\n<meta property=\"og:site_name\" content=\"Strings And Wood - Gitarrenbau aus Hamm\" \/>\n<meta property=\"article:publisher\" content=\"https:\/\/www.facebook.com\/F.Zillmann\" \/>\n<meta property=\"article:modified_time\" content=\"2019-05-24T09:37:38+00:00\" \/>\n<meta name=\"twitter:card\" content=\"summary_large_image\" \/>\n<meta name=\"twitter:label1\" content=\"Gesch\u00e4tzte Lesezeit\" \/>\n\t<meta name=\"twitter:data1\" content=\"1\u00a0Minute\" \/>\n<script type=\"application\/ld+json\" class=\"yoast-schema-graph\">{\"@context\":\"https:\\\/\\\/schema.org\",\"@graph\":[{\"@type\":\"WebPage\",\"@id\":\"https:\\\/\\\/stringsandwood.de\\\/index.php\\\/informationen-zum-gitarrenbau\\\/umrechnung-zoll-in-mm\\\/\",\"url\":\"https:\\\/\\\/stringsandwood.de\\\/index.php\\\/informationen-zum-gitarrenbau\\\/umrechnung-zoll-in-mm\\\/\",\"name\":\"Umrechnung Zoll in mm - Strings And Wood - Gitarrenbau aus Hamm\",\"isPartOf\":{\"@id\":\"https:\\\/\\\/stringsandwood.de\\\/#website\"},\"datePublished\":\"2019-05-24T09:33:05+00:00\",\"dateModified\":\"2019-05-24T09:37:38+00:00\",\"description\":\"Zur Umrechnung von Zoll oder Inch in mm helfen diese Formeln und Tabellen. So versteht man die Ma\u00dfe der Gitarre besser. Wie gro\u00df ist was?\",\"breadcrumb\":{\"@id\":\"https:\\\/\\\/stringsandwood.de\\\/index.php\\\/informationen-zum-gitarrenbau\\\/umrechnung-zoll-in-mm\\\/#breadcrumb\"},\"inLanguage\":\"de\",\"potentialAction\":[{\"@type\":\"ReadAction\",\"target\":[\"https:\\\/\\\/stringsandwood.de\\\/index.php\\\/informationen-zum-gitarrenbau\\\/umrechnung-zoll-in-mm\\\/\"]}]},{\"@type\":\"BreadcrumbList\",\"@id\":\"https:\\\/\\\/stringsandwood.de\\\/index.php\\\/informationen-zum-gitarrenbau\\\/umrechnung-zoll-in-mm\\\/#breadcrumb\",\"itemListElement\":[{\"@type\":\"ListItem\",\"position\":1,\"name\":\"Home\",\"item\":\"https:\\\/\\\/stringsandwood.de\\\/\"},{\"@type\":\"ListItem\",\"position\":2,\"name\":\"Infos zum Gitarrenbau\",\"item\":\"https:\\\/\\\/stringsandwood.de\\\/index.php\\\/informationen-zum-gitarrenbau\\\/\"},{\"@type\":\"ListItem\",\"position\":3,\"name\":\"Umrechnung Zoll in mm\"}]},{\"@type\":\"WebSite\",\"@id\":\"https:\\\/\\\/stringsandwood.de\\\/#website\",\"url\":\"https:\\\/\\\/stringsandwood.de\\\/\",\"name\":\"Strings And Wood - Gitarrenbau aus Hamm\",\"description\":\"Gitarren in Handarbeit - Custom Guitars\",\"publisher\":{\"@id\":\"https:\\\/\\\/stringsandwood.de\\\/#organization\"},\"potentialAction\":[{\"@type\":\"SearchAction\",\"target\":{\"@type\":\"EntryPoint\",\"urlTemplate\":\"https:\\\/\\\/stringsandwood.de\\\/?s={search_term_string}\"},\"query-input\":{\"@type\":\"PropertyValueSpecification\",\"valueRequired\":true,\"valueName\":\"search_term_string\"}}],\"inLanguage\":\"de\"},{\"@type\":\"Organization\",\"@id\":\"https:\\\/\\\/stringsandwood.de\\\/#organization\",\"name\":\"Frank Zillmann Custom Guitars - Strings And Wood\",\"url\":\"https:\\\/\\\/stringsandwood.de\\\/\",\"logo\":{\"@type\":\"ImageObject\",\"inLanguage\":\"de\",\"@id\":\"https:\\\/\\\/stringsandwood.de\\\/#\\\/schema\\\/logo\\\/image\\\/\",\"url\":\"https:\\\/\\\/stringsandwood.de\\\/wp-content\\\/uploads\\\/2015\\\/08\\\/Strings-And-Wood.png\",\"contentUrl\":\"https:\\\/\\\/stringsandwood.de\\\/wp-content\\\/uploads\\\/2015\\\/08\\\/Strings-And-Wood.png\",\"width\":300,\"height\":31,\"caption\":\"Frank Zillmann Custom Guitars - Strings And Wood\"},\"image\":{\"@id\":\"https:\\\/\\\/stringsandwood.de\\\/#\\\/schema\\\/logo\\\/image\\\/\"},\"sameAs\":[\"https:\\\/\\\/www.facebook.com\\\/F.Zillmann\",\"https:\\\/\\\/www.instagram.com\\\/fzillmann\\\/\"]}]}<\/script>\n<!-- \/ Yoast SEO plugin. -->","yoast_head_json":{"title":"Umrechnung Zoll in mm - Strings And Wood - Gitarrenbau aus Hamm","description":"Zur Umrechnung von Zoll oder Inch in mm helfen diese Formeln und Tabellen. So versteht man die Ma\u00dfe der Gitarre besser. Wie gro\u00df ist was?","robots":{"index":"index","follow":"follow","max-snippet":"max-snippet:-1","max-image-preview":"max-image-preview:large","max-video-preview":"max-video-preview:-1"},"canonical":"https:\/\/stringsandwood.de\/index.php\/informationen-zum-gitarrenbau\/umrechnung-zoll-in-mm\/","og_locale":"de_DE","og_type":"article","og_title":"Umrechnung Zoll in mm - Strings And Wood - Gitarrenbau aus Hamm","og_description":"Zur Umrechnung von Zoll oder Inch in mm helfen diese Formeln und Tabellen. So versteht man die Ma\u00dfe der Gitarre besser. Wie gro\u00df ist was?","og_url":"https:\/\/stringsandwood.de\/index.php\/informationen-zum-gitarrenbau\/umrechnung-zoll-in-mm\/","og_site_name":"Strings And Wood - Gitarrenbau aus Hamm","article_publisher":"https:\/\/www.facebook.com\/F.Zillmann","article_modified_time":"2019-05-24T09:37:38+00:00","twitter_card":"summary_large_image","twitter_misc":{"Gesch\u00e4tzte Lesezeit":"1\u00a0Minute"},"schema":{"@context":"https:\/\/schema.org","@graph":[{"@type":"WebPage","@id":"https:\/\/stringsandwood.de\/index.php\/informationen-zum-gitarrenbau\/umrechnung-zoll-in-mm\/","url":"https:\/\/stringsandwood.de\/index.php\/informationen-zum-gitarrenbau\/umrechnung-zoll-in-mm\/","name":"Umrechnung Zoll in mm - Strings And Wood - Gitarrenbau aus Hamm","isPartOf":{"@id":"https:\/\/stringsandwood.de\/#website"},"datePublished":"2019-05-24T09:33:05+00:00","dateModified":"2019-05-24T09:37:38+00:00","description":"Zur Umrechnung von Zoll oder Inch in mm helfen diese Formeln und Tabellen. So versteht man die Ma\u00dfe der Gitarre besser. Wie gro\u00df ist was?","breadcrumb":{"@id":"https:\/\/stringsandwood.de\/index.php\/informationen-zum-gitarrenbau\/umrechnung-zoll-in-mm\/#breadcrumb"},"inLanguage":"de","potentialAction":[{"@type":"ReadAction","target":["https:\/\/stringsandwood.de\/index.php\/informationen-zum-gitarrenbau\/umrechnung-zoll-in-mm\/"]}]},{"@type":"BreadcrumbList","@id":"https:\/\/stringsandwood.de\/index.php\/informationen-zum-gitarrenbau\/umrechnung-zoll-in-mm\/#breadcrumb","itemListElement":[{"@type":"ListItem","position":1,"name":"Home","item":"https:\/\/stringsandwood.de\/"},{"@type":"ListItem","position":2,"name":"Infos zum Gitarrenbau","item":"https:\/\/stringsandwood.de\/index.php\/informationen-zum-gitarrenbau\/"},{"@type":"ListItem","position":3,"name":"Umrechnung Zoll in mm"}]},{"@type":"WebSite","@id":"https:\/\/stringsandwood.de\/#website","url":"https:\/\/stringsandwood.de\/","name":"Strings And Wood - Gitarrenbau aus Hamm","description":"Gitarren in Handarbeit - Custom Guitars","publisher":{"@id":"https:\/\/stringsandwood.de\/#organization"},"potentialAction":[{"@type":"SearchAction","target":{"@type":"EntryPoint","urlTemplate":"https:\/\/stringsandwood.de\/?s={search_term_string}"},"query-input":{"@type":"PropertyValueSpecification","valueRequired":true,"valueName":"search_term_string"}}],"inLanguage":"de"},{"@type":"Organization","@id":"https:\/\/stringsandwood.de\/#organization","name":"Frank Zillmann Custom Guitars - Strings And Wood","url":"https:\/\/stringsandwood.de\/","logo":{"@type":"ImageObject","inLanguage":"de","@id":"https:\/\/stringsandwood.de\/#\/schema\/logo\/image\/","url":"https:\/\/stringsandwood.de\/wp-content\/uploads\/2015\/08\/Strings-And-Wood.png","contentUrl":"https:\/\/stringsandwood.de\/wp-content\/uploads\/2015\/08\/Strings-And-Wood.png","width":300,"height":31,"caption":"Frank Zillmann Custom Guitars - Strings And Wood"},"image":{"@id":"https:\/\/stringsandwood.de\/#\/schema\/logo\/image\/"},"sameAs":["https:\/\/www.facebook.com\/F.Zillmann","https:\/\/www.instagram.com\/fzillmann\/"]}]}},"_links":{"self":[{"href":"https:\/\/stringsandwood.de\/index.php\/wp-json\/wp\/v2\/pages\/1153","targetHints":{"allow":["GET"]}}],"collection":[{"href":"https:\/\/stringsandwood.de\/index.php\/wp-json\/wp\/v2\/pages"}],"about":[{"href":"https:\/\/stringsandwood.de\/index.php\/wp-json\/wp\/v2\/types\/page"}],"author":[{"embeddable":true,"href":"https:\/\/stringsandwood.de\/index.php\/wp-json\/wp\/v2\/users\/3"}],"replies":[{"embeddable":true,"href":"https:\/\/stringsandwood.de\/index.php\/wp-json\/wp\/v2\/comments?post=1153"}],"version-history":[{"count":5,"href":"https:\/\/stringsandwood.de\/index.php\/wp-json\/wp\/v2\/pages\/1153\/revisions"}],"predecessor-version":[{"id":1159,"href":"https:\/\/stringsandwood.de\/index.php\/wp-json\/wp\/v2\/pages\/1153\/revisions\/1159"}],"up":[{"embeddable":true,"href":"https:\/\/stringsandwood.de\/index.php\/wp-json\/wp\/v2\/pages\/363"}],"wp:attachment":[{"href":"https:\/\/stringsandwood.de\/index.php\/wp-json\/wp\/v2\/media?parent=1153"}],"curies":[{"name":"wp","href":"https:\/\/api.w.org\/{rel}","templated":true}]}}