{"id":1185,"date":"2020-06-29T17:18:20","date_gmt":"2020-06-29T15:18:20","guid":{"rendered":"https:\/\/stringsandwood.de\/?page_id=1185"},"modified":"2020-07-01T14:53:19","modified_gmt":"2020-07-01T12:53:19","slug":"jm1958","status":"publish","type":"page","link":"https:\/\/stringsandwood.de\/index.php\/e-gitarren\/jm1958\/","title":{"rendered":"JM1958"},"content":{"rendered":"\n<h4 class=\"deco-side\" style=\"color: #990000;\">Nicht der Meister des Jazz\u00b4, aber vielseitig mit eigenem Sound<\/h4>\n<h1 class=\"deco-side\">Jm1958<\/h1>\n\n\n\n<p>Im Jahre 1958 erschien die Jazzmaster<sup>TM<\/sup> als das Modell f\u00fcr die Zukunft des Herstellers Fender <sup>TM<\/sup> ; sie sollte sogar Tele und Strat abl\u00f6sen, was aber nie geschah. Die Jazzer mieden dieses Modell, genau wie die Rocker. Erst in der \u00c4ra der Surfmusik und im Grunge fand dieses Instrument den verdiensten Respekt. <\/p>\n\n\n\n<p>Oft verkannt und daher nicht so beliebt wie die Platzhirsche Tele und Strat hat die  Jazzmaster<sup>TM<\/sup> jedoch einiges zu bieten, es steckt mehr in ihr als so Mancher vermuten mag. <\/p>\n\n\n\n<p>Diese JM1958 hat eine komplett \u00fcberarbeitete Kombination f\u00fcr das Tremolo und die Br\u00fccke. Als Tremolo ist ein G\u00f6ldo DG verbaut. Die DG-Serie kommt auch in Gitarren von D\u00fcsenberg zum Einstz und ist sehr  beliebt. Die Br\u00fccke ist eine Kombination aus Mustang-Br\u00fccke und Tune-O-Matic. Da rutscht nichts und das Instrument l\u00e4sst sich perfekt intonieren. Ein G\u00f6ldo Downholder bringt noch zus\u00e4tzlichen Druck auf die Reiter die Br\u00fccke. Das sorgt nicht nur f\u00fcr eine stattes Sustain, sondern auch f\u00fcr optimale Stimmstabilit\u00e4t bein Einsatz des Tremolos. Diese Modifikationen sorgen daf\u00fcr, dass die oft mangelhafte Stimmstabilit\u00e4t der Jazzmaster<sup>TM<\/sup>  g\u00e4nzlich kompensiert wird<\/p>\n\n\n\n<p> <strong>Sepcs:<\/strong><br><strong>H\u00f6lzer:<\/strong> Body, One Piece ultraleichte Kiefer- Hals One Piece Vogelaugenahorn mit Nussbaum Skunk Stripe<br><strong>Mechaniken:<\/strong> Kluson Roundbacks<br><strong>Sattel:<\/strong> Rindsknochen, von Hand gekerbt<br><strong>B\u00fcnde:<\/strong> 21<br><strong>Griffbrettradius:<\/strong> 9,5\u2033<br><strong>Halsprofil:<\/strong> Vintage-C<br><strong>Mensur:<\/strong> 25,5\u2033 (648 mm)<br><strong>Br\u00fccke:<\/strong> Modifizierte Mustang-Br\u00fccke mit H\u00f6henjustage einer Tune-O-Matic<br><strong>Tonabnehmer Hals:<\/strong>&nbsp; handgewickelt aus eigener Herstellung AlNiCo-5, AWG-42 PE, 7,81k\u03a9<br><strong>Tonabnehmer Br\u00fccke:<\/strong> handgewickelt aus eigener Herstellung, AlNiCo-5, AWG-42 PE, 8,55 k\u03a9<br><strong>Elektronik:<\/strong> 250 k\u03a9 Volume- und 250 k\u03a9 Ton-Potentiometer (org. CTS) mit original Orange Drop .022uF Kondensator, <strong>Dark-Circuit:<\/strong>  1 Meg\u03a9 Volume- und Ton-Potentiometer,  original Orange Drop .033uF Kondensator <br><strong>PickUp-Schalter:<\/strong> 3-Wege Toggle-Switch<br><strong>Saiten:<\/strong> ERNIE BALL 0.10 Regualr Slinky<\/p>\n","protected":false},"excerpt":{"rendered":"<p>Nicht der Meister des Jazz\u00b4, aber vielseitig mit eigenem Sound Jm1958 Im Jahre 1958 erschien die JazzmasterTM als das Modell f\u00fcr die Zukunft des Herstellers Fender TM ; sie sollte [&hellip;]<\/p>\n","protected":false},"author":3,"featured_media":0,"parent":202,"menu_order":35,"comment_status":"closed","ping_status":"closed","template":"page_jm1958.php","meta":{"footnotes":""},"class_list":["post-1185","page","type-page","status-publish","hentry"],"yoast_head":"<!-- This site is optimized with the Yoast SEO plugin v27.3 - https:\/\/yoast.com\/product\/yoast-seo-wordpress\/ -->\n<title>JM1958, eine Jazzmaster(TM), die mehr kann als man vermutet<\/title>\n<meta name=\"description\" content=\"Die JM1958, eine Jazzmaster(TM), die mehr kann als man vermutet - handgewickelte Tonabnehmer und eine speziell angefertigte Br\u00fccken-Tremolo-Kombination!\" \/>\n<meta name=\"robots\" content=\"index, follow, max-snippet:-1, max-image-preview:large, max-video-preview:-1\" \/>\n<link rel=\"canonical\" href=\"https:\/\/stringsandwood.de\/index.php\/e-gitarren\/jm1958\/\" \/>\n<meta property=\"og:locale\" content=\"de_DE\" \/>\n<meta property=\"og:type\" content=\"article\" \/>\n<meta property=\"og:title\" content=\"JM1958, eine Jazzmaster(TM), die mehr kann als man vermutet\" \/>\n<meta property=\"og:description\" content=\"Die JM1958, eine Jazzmaster(TM), die mehr kann als man vermutet - handgewickelte Tonabnehmer und eine speziell angefertigte Br\u00fccken-Tremolo-Kombination!\" \/>\n<meta property=\"og:url\" content=\"https:\/\/stringsandwood.de\/index.php\/e-gitarren\/jm1958\/\" \/>\n<meta property=\"og:site_name\" content=\"Strings And Wood - Gitarrenbau aus Hamm\" \/>\n<meta property=\"article:publisher\" content=\"https:\/\/www.facebook.com\/F.Zillmann\" \/>\n<meta property=\"article:modified_time\" content=\"2020-07-01T12:53:19+00:00\" \/>\n<meta name=\"twitter:card\" content=\"summary_large_image\" \/>\n<meta name=\"twitter:label1\" content=\"Gesch\u00e4tzte Lesezeit\" \/>\n\t<meta name=\"twitter:data1\" content=\"1\u00a0Minute\" \/>\n<script type=\"application\/ld+json\" class=\"yoast-schema-graph\">{\"@context\":\"https:\\\/\\\/schema.org\",\"@graph\":[{\"@type\":\"WebPage\",\"@id\":\"https:\\\/\\\/stringsandwood.de\\\/index.php\\\/e-gitarren\\\/jm1958\\\/\",\"url\":\"https:\\\/\\\/stringsandwood.de\\\/index.php\\\/e-gitarren\\\/jm1958\\\/\",\"name\":\"JM1958, eine Jazzmaster(TM), die mehr kann als man vermutet\",\"isPartOf\":{\"@id\":\"https:\\\/\\\/stringsandwood.de\\\/#website\"},\"datePublished\":\"2020-06-29T15:18:20+00:00\",\"dateModified\":\"2020-07-01T12:53:19+00:00\",\"description\":\"Die JM1958, eine Jazzmaster(TM), die mehr kann als man vermutet - handgewickelte Tonabnehmer und eine speziell angefertigte Br\u00fccken-Tremolo-Kombination!\",\"breadcrumb\":{\"@id\":\"https:\\\/\\\/stringsandwood.de\\\/index.php\\\/e-gitarren\\\/jm1958\\\/#breadcrumb\"},\"inLanguage\":\"de\",\"potentialAction\":[{\"@type\":\"ReadAction\",\"target\":[\"https:\\\/\\\/stringsandwood.de\\\/index.php\\\/e-gitarren\\\/jm1958\\\/\"]}]},{\"@type\":\"BreadcrumbList\",\"@id\":\"https:\\\/\\\/stringsandwood.de\\\/index.php\\\/e-gitarren\\\/jm1958\\\/#breadcrumb\",\"itemListElement\":[{\"@type\":\"ListItem\",\"position\":1,\"name\":\"Home\",\"item\":\"https:\\\/\\\/stringsandwood.de\\\/\"},{\"@type\":\"ListItem\",\"position\":2,\"name\":\"E-Gitarren\",\"item\":\"https:\\\/\\\/stringsandwood.de\\\/index.php\\\/e-gitarren\\\/\"},{\"@type\":\"ListItem\",\"position\":3,\"name\":\"JM1958\"}]},{\"@type\":\"WebSite\",\"@id\":\"https:\\\/\\\/stringsandwood.de\\\/#website\",\"url\":\"https:\\\/\\\/stringsandwood.de\\\/\",\"name\":\"Strings And Wood - Gitarrenbau aus Hamm\",\"description\":\"Gitarren in Handarbeit - Custom Guitars\",\"publisher\":{\"@id\":\"https:\\\/\\\/stringsandwood.de\\\/#organization\"},\"potentialAction\":[{\"@type\":\"SearchAction\",\"target\":{\"@type\":\"EntryPoint\",\"urlTemplate\":\"https:\\\/\\\/stringsandwood.de\\\/?s={search_term_string}\"},\"query-input\":{\"@type\":\"PropertyValueSpecification\",\"valueRequired\":true,\"valueName\":\"search_term_string\"}}],\"inLanguage\":\"de\"},{\"@type\":\"Organization\",\"@id\":\"https:\\\/\\\/stringsandwood.de\\\/#organization\",\"name\":\"Frank Zillmann Custom Guitars - Strings And Wood\",\"url\":\"https:\\\/\\\/stringsandwood.de\\\/\",\"logo\":{\"@type\":\"ImageObject\",\"inLanguage\":\"de\",\"@id\":\"https:\\\/\\\/stringsandwood.de\\\/#\\\/schema\\\/logo\\\/image\\\/\",\"url\":\"https:\\\/\\\/stringsandwood.de\\\/wp-content\\\/uploads\\\/2015\\\/08\\\/Strings-And-Wood.png\",\"contentUrl\":\"https:\\\/\\\/stringsandwood.de\\\/wp-content\\\/uploads\\\/2015\\\/08\\\/Strings-And-Wood.png\",\"width\":300,\"height\":31,\"caption\":\"Frank Zillmann Custom Guitars - Strings And Wood\"},\"image\":{\"@id\":\"https:\\\/\\\/stringsandwood.de\\\/#\\\/schema\\\/logo\\\/image\\\/\"},\"sameAs\":[\"https:\\\/\\\/www.facebook.com\\\/F.Zillmann\",\"https:\\\/\\\/www.instagram.com\\\/fzillmann\\\/\"]}]}<\/script>\n<!-- \/ Yoast SEO plugin. -->","yoast_head_json":{"title":"JM1958, eine Jazzmaster(TM), die mehr kann als man vermutet","description":"Die JM1958, eine Jazzmaster(TM), die mehr kann als man vermutet - handgewickelte Tonabnehmer und eine speziell angefertigte Br\u00fccken-Tremolo-Kombination!","robots":{"index":"index","follow":"follow","max-snippet":"max-snippet:-1","max-image-preview":"max-image-preview:large","max-video-preview":"max-video-preview:-1"},"canonical":"https:\/\/stringsandwood.de\/index.php\/e-gitarren\/jm1958\/","og_locale":"de_DE","og_type":"article","og_title":"JM1958, eine Jazzmaster(TM), die mehr kann als man vermutet","og_description":"Die JM1958, eine Jazzmaster(TM), die mehr kann als man vermutet - handgewickelte Tonabnehmer und eine speziell angefertigte Br\u00fccken-Tremolo-Kombination!","og_url":"https:\/\/stringsandwood.de\/index.php\/e-gitarren\/jm1958\/","og_site_name":"Strings And Wood - Gitarrenbau aus Hamm","article_publisher":"https:\/\/www.facebook.com\/F.Zillmann","article_modified_time":"2020-07-01T12:53:19+00:00","twitter_card":"summary_large_image","twitter_misc":{"Gesch\u00e4tzte Lesezeit":"1\u00a0Minute"},"schema":{"@context":"https:\/\/schema.org","@graph":[{"@type":"WebPage","@id":"https:\/\/stringsandwood.de\/index.php\/e-gitarren\/jm1958\/","url":"https:\/\/stringsandwood.de\/index.php\/e-gitarren\/jm1958\/","name":"JM1958, eine Jazzmaster(TM), die mehr kann als man vermutet","isPartOf":{"@id":"https:\/\/stringsandwood.de\/#website"},"datePublished":"2020-06-29T15:18:20+00:00","dateModified":"2020-07-01T12:53:19+00:00","description":"Die JM1958, eine Jazzmaster(TM), die mehr kann als man vermutet - handgewickelte Tonabnehmer und eine speziell angefertigte Br\u00fccken-Tremolo-Kombination!","breadcrumb":{"@id":"https:\/\/stringsandwood.de\/index.php\/e-gitarren\/jm1958\/#breadcrumb"},"inLanguage":"de","potentialAction":[{"@type":"ReadAction","target":["https:\/\/stringsandwood.de\/index.php\/e-gitarren\/jm1958\/"]}]},{"@type":"BreadcrumbList","@id":"https:\/\/stringsandwood.de\/index.php\/e-gitarren\/jm1958\/#breadcrumb","itemListElement":[{"@type":"ListItem","position":1,"name":"Home","item":"https:\/\/stringsandwood.de\/"},{"@type":"ListItem","position":2,"name":"E-Gitarren","item":"https:\/\/stringsandwood.de\/index.php\/e-gitarren\/"},{"@type":"ListItem","position":3,"name":"JM1958"}]},{"@type":"WebSite","@id":"https:\/\/stringsandwood.de\/#website","url":"https:\/\/stringsandwood.de\/","name":"Strings And Wood - Gitarrenbau aus Hamm","description":"Gitarren in Handarbeit - Custom Guitars","publisher":{"@id":"https:\/\/stringsandwood.de\/#organization"},"potentialAction":[{"@type":"SearchAction","target":{"@type":"EntryPoint","urlTemplate":"https:\/\/stringsandwood.de\/?s={search_term_string}"},"query-input":{"@type":"PropertyValueSpecification","valueRequired":true,"valueName":"search_term_string"}}],"inLanguage":"de"},{"@type":"Organization","@id":"https:\/\/stringsandwood.de\/#organization","name":"Frank Zillmann Custom Guitars - Strings And Wood","url":"https:\/\/stringsandwood.de\/","logo":{"@type":"ImageObject","inLanguage":"de","@id":"https:\/\/stringsandwood.de\/#\/schema\/logo\/image\/","url":"https:\/\/stringsandwood.de\/wp-content\/uploads\/2015\/08\/Strings-And-Wood.png","contentUrl":"https:\/\/stringsandwood.de\/wp-content\/uploads\/2015\/08\/Strings-And-Wood.png","width":300,"height":31,"caption":"Frank Zillmann Custom Guitars - Strings And Wood"},"image":{"@id":"https:\/\/stringsandwood.de\/#\/schema\/logo\/image\/"},"sameAs":["https:\/\/www.facebook.com\/F.Zillmann","https:\/\/www.instagram.com\/fzillmann\/"]}]}},"_links":{"self":[{"href":"https:\/\/stringsandwood.de\/index.php\/wp-json\/wp\/v2\/pages\/1185","targetHints":{"allow":["GET"]}}],"collection":[{"href":"https:\/\/stringsandwood.de\/index.php\/wp-json\/wp\/v2\/pages"}],"about":[{"href":"https:\/\/stringsandwood.de\/index.php\/wp-json\/wp\/v2\/types\/page"}],"author":[{"embeddable":true,"href":"https:\/\/stringsandwood.de\/index.php\/wp-json\/wp\/v2\/users\/3"}],"replies":[{"embeddable":true,"href":"https:\/\/stringsandwood.de\/index.php\/wp-json\/wp\/v2\/comments?post=1185"}],"version-history":[{"count":6,"href":"https:\/\/stringsandwood.de\/index.php\/wp-json\/wp\/v2\/pages\/1185\/revisions"}],"predecessor-version":[{"id":1231,"href":"https:\/\/stringsandwood.de\/index.php\/wp-json\/wp\/v2\/pages\/1185\/revisions\/1231"}],"up":[{"embeddable":true,"href":"https:\/\/stringsandwood.de\/index.php\/wp-json\/wp\/v2\/pages\/202"}],"wp:attachment":[{"href":"https:\/\/stringsandwood.de\/index.php\/wp-json\/wp\/v2\/media?parent=1185"}],"curies":[{"name":"wp","href":"https:\/\/api.w.org\/{rel}","templated":true}]}}