{"id":186,"date":"2015-08-12T08:54:09","date_gmt":"2015-08-12T06:54:09","guid":{"rendered":"https:\/\/stringsandwood.de\/?page_id=186"},"modified":"2025-12-11T12:58:24","modified_gmt":"2025-12-11T11:58:24","slug":"home","status":"publish","type":"page","link":"https:\/\/stringsandwood.de\/","title":{"rendered":"Home"},"content":{"rendered":"<h4 style=\"color: #990000;\">Herzlich Willkommen<\/h4>\n<h1>Gitarrenbau aus Hamm<br \/>\nStrings &amp; Wood Custom Guitars<\/h1>\n<blockquote><p><strong><mark class=\"has-inline-color has-black-color\">Wir machen vom 15.12.2025 bis 28.12.2025 Betriebsferien.<\/mark><\/strong><\/p><\/blockquote>\n<p><strong>Warum eine Gitarre vom Gitarrenbauer und nicht ein gutes Instrument aus der Fabrik?<\/strong><\/p>\n<div id=\"attachment_754\" style=\"width: 550px\" class=\"wp-caption alignright\"><img loading=\"lazy\" decoding=\"async\" aria-describedby=\"caption-attachment-754\" class=\"wp-image-754 size-full\" title=\"Frank Zillmann - Gitarrenbau aus Hamm\" src=\"https:\/\/stringsandwood.de\/wp-content\/uploads\/2015\/08\/Frank-Zillmann-e1533990033836.jpg\" alt=\"Frank Zillmann - Gitarrenbau aus Hamm\" width=\"540\" height=\"541\" \/><p id=\"caption-attachment-754\" class=\"wp-caption-text\">Frank Zillmann &#8211; Gitarrenbau aus Hamm<\/p><\/div>\n<p>Diese Frage bekomme ich nicht selten gestellt. Dazu kommen auch gerne Einw\u00e4nde wie, f\u00fcr 2.000 Euro bekommt man eine super so und so, die hat sogar u.s.w.. Klar die gro\u00dfen Hersteller haben Jahrzehnte lange Erfahrung, optimierte Fertigungsprozesse, genie\u00dfen bessere Einkaufspreise und die Instrumente kennt jeder. Man darf aber eins nicht vergessen, eine Gitarre aus der Fabrik ist Industrieware, nicht mehr und nicht weniger. Wer einmal Ma\u00dfschuhe getragen hat, wird nur ungerne wieder Treter aus der Fabrik anziehen, die eigentlich ganz bequem sind \u2013 denn &#8222;ganz bequem&#8220; ist nicht perfekt.<\/p>\n<p>Genauso verh\u00e4lt es sich mit einer Gitarre vom Gitarrenbauer, hat dieser seinen Job gut gemacht, dann hat man nicht nur ein Instrument, das gut klingt und gut bespielbar ist in den H\u00e4nden, sondern die Gitarre die zu einem perfekt passt, die eigene Spielweise unterst\u00fctzt, optisch gef\u00e4llt und vor allem so klingt, wie man es sich schon immer gew\u00fcnscht hat.<\/p>\n<h2>Frank Zillmann &#8211; Gitarrenbau aus Hamm<\/h2>\n<p>Beste und individuelle Betratung sind so selbstverst\u00e4ndlich wie die Auswahl bester Tonh\u00f6lzer. Handwerkliche Perfektion und Liebe zum Detail sind die Basis f\u00fcr ein wirklich gutes Instrument.<\/p>\n<section class=\"items-3 portfolio\">\n<div class=\"item\">\n<div class=\"thumb\" style=\"background-image: url('\/wp-content\/uploads\/2018\/08\/akkustik_p_item1.jpg');\"><\/div>\n<h3><a href=\"https:\/\/stringsandwood.de\/index.php\/akustikgitarren\/\"><span class=\"category\">Akkustikgitarren<\/span><br \/>\nFeinste H\u00f6lzer<\/a><\/h3>\n<p>Feinste Westerngitarren mit direkter Ansprache und ausgewogenem Ton sind meine Leidenschaft &#8211; Spielfreude pur.<\/p>\n<\/div>\n<div class=\"item\">\n<div class=\"thumb\" style=\"background-image: url('\/wp-content\/uploads\/2018\/08\/e-gitarren_p_item1.jpg');\"><\/div>\n<h3><a href=\"https:\/\/stringsandwood.de\/index.php\/e-gitarren\/\"><span class=\"category\">E-Gitarren<\/span><br \/>\nKlassiker meets Custom<\/a><\/h3>\n<p>Von der klassischen \u00b453er Tele bis hin zur modernen Custom baue ich deine E-Gitarre. Klang, Handhabung und Aussehen nach deinen W\u00fcnschen.<\/p>\n<\/div>\n<div class=\"item\">\n<div class=\"thumb\" style=\"background-image: url('\/wp-content\/uploads\/2018\/08\/reparaturen_p_item1.jpg');\"><\/div>\n<h3><a href=\"https:\/\/stringsandwood.de\/index.php\/informationen-zum-gitarrenbau\/preisliste-reparaturen\/\"><span class=\"category\">Reparaturen<\/span><br \/>\nvon Zupfinstrumenten<\/a><\/h3>\n<p>Vom Halsbruch \u00fcber Tonabnehmereinbau bis Einstellen der Gitarre (Saitenlage, Tremolo usw.) f\u00fchre ich alle Reparaturen durch. Modifikationen und customizing geh\u00f6ren ebenfalls zur Angebotspalette.<\/p>\n<\/div>\n<\/section>\n","protected":false},"excerpt":{"rendered":"<p>Herzlich Willkommen Gitarrenbau aus Hamm Strings &amp; Wood Custom Guitars Wir machen vom 15.12.2025 bis 28.12.2025 Betriebsferien. Warum eine Gitarre vom Gitarrenbauer und nicht ein gutes Instrument aus der Fabrik? [&hellip;]<\/p>\n","protected":false},"author":3,"featured_media":0,"parent":0,"menu_order":1,"comment_status":"closed","ping_status":"closed","template":"page_frontpage.php","meta":{"footnotes":""},"class_list":["post-186","page","type-page","status-publish","hentry"],"yoast_head":"<!-- This site is optimized with the Yoast SEO plugin v27.4 - https:\/\/yoast.com\/product\/yoast-seo-wordpress\/ -->\n<title>Home - Strings And Wood - Gitarrenbau aus Hamm<\/title>\n<meta name=\"description\" content=\"Frank Zillmann aus Hamm stellt seine in Handarbeit gefertigten E-Gitarren und Akustikgitarren vor - Gitarrenbau aus Hamm mit individuellem Charakter. Erlebe Gitarrenbau in Perfektion - von individueller Beratung bis hin zu handselektierten Tonh\u00f6lzern und handgewickelten Tonabnehmern.\" \/>\n<meta name=\"robots\" content=\"index, follow, max-snippet:-1, max-image-preview:large, max-video-preview:-1\" \/>\n<link rel=\"canonical\" href=\"https:\/\/stringsandwood.de\/\" \/>\n<meta property=\"og:locale\" content=\"de_DE\" \/>\n<meta property=\"og:type\" content=\"article\" \/>\n<meta property=\"og:title\" content=\"Home - Strings And Wood - Gitarrenbau aus Hamm\" \/>\n<meta property=\"og:description\" content=\"Frank Zillmann aus Hamm stellt seine in Handarbeit gefertigten E-Gitarren und Akustikgitarren vor - Gitarrenbau aus Hamm mit individuellem Charakter. Erlebe Gitarrenbau in Perfektion - von individueller Beratung bis hin zu handselektierten Tonh\u00f6lzern und handgewickelten Tonabnehmern.\" \/>\n<meta property=\"og:url\" content=\"https:\/\/stringsandwood.de\/\" \/>\n<meta property=\"og:site_name\" content=\"Strings And Wood - Gitarrenbau aus Hamm\" \/>\n<meta property=\"article:publisher\" content=\"https:\/\/www.facebook.com\/F.Zillmann\" \/>\n<meta property=\"article:modified_time\" content=\"2025-12-11T11:58:24+00:00\" \/>\n<meta property=\"og:image\" content=\"https:\/\/stringsandwood.de\/wp-content\/uploads\/2015\/08\/Frank-Zillmann-e1533990033836.jpg\" \/>\n\t<meta property=\"og:image:width\" content=\"540\" \/>\n\t<meta property=\"og:image:height\" content=\"541\" \/>\n\t<meta property=\"og:image:type\" content=\"image\/jpeg\" \/>\n<meta name=\"twitter:card\" content=\"summary_large_image\" \/>\n<meta name=\"twitter:label1\" content=\"Gesch\u00e4tzte Lesezeit\" \/>\n\t<meta name=\"twitter:data1\" content=\"2\u00a0Minuten\" \/>\n<script type=\"application\/ld+json\" class=\"yoast-schema-graph\">{\"@context\":\"https:\\\/\\\/schema.org\",\"@graph\":[{\"@type\":\"WebPage\",\"@id\":\"https:\\\/\\\/stringsandwood.de\\\/\",\"url\":\"https:\\\/\\\/stringsandwood.de\\\/\",\"name\":\"Home - Strings And Wood - Gitarrenbau aus Hamm\",\"isPartOf\":{\"@id\":\"https:\\\/\\\/stringsandwood.de\\\/#website\"},\"primaryImageOfPage\":{\"@id\":\"https:\\\/\\\/stringsandwood.de\\\/#primaryimage\"},\"image\":{\"@id\":\"https:\\\/\\\/stringsandwood.de\\\/#primaryimage\"},\"thumbnailUrl\":\"https:\\\/\\\/stringsandwood.de\\\/wp-content\\\/uploads\\\/2015\\\/08\\\/Frank-Zillmann-e1533990033836.jpg\",\"datePublished\":\"2015-08-12T06:54:09+00:00\",\"dateModified\":\"2025-12-11T11:58:24+00:00\",\"description\":\"Frank Zillmann aus Hamm stellt seine in Handarbeit gefertigten E-Gitarren und Akustikgitarren vor - Gitarrenbau aus Hamm mit individuellem Charakter. Erlebe Gitarrenbau in Perfektion - von individueller Beratung bis hin zu handselektierten Tonh\u00f6lzern und handgewickelten Tonabnehmern.\",\"breadcrumb\":{\"@id\":\"https:\\\/\\\/stringsandwood.de\\\/#breadcrumb\"},\"inLanguage\":\"de\",\"potentialAction\":[{\"@type\":\"ReadAction\",\"target\":[\"https:\\\/\\\/stringsandwood.de\\\/\"]}]},{\"@type\":\"ImageObject\",\"inLanguage\":\"de\",\"@id\":\"https:\\\/\\\/stringsandwood.de\\\/#primaryimage\",\"url\":\"https:\\\/\\\/stringsandwood.de\\\/wp-content\\\/uploads\\\/2015\\\/08\\\/Frank-Zillmann-e1533990033836.jpg\",\"contentUrl\":\"https:\\\/\\\/stringsandwood.de\\\/wp-content\\\/uploads\\\/2015\\\/08\\\/Frank-Zillmann-e1533990033836.jpg\",\"width\":540,\"height\":541,\"caption\":\"Frank Zillmann\"},{\"@type\":\"BreadcrumbList\",\"@id\":\"https:\\\/\\\/stringsandwood.de\\\/#breadcrumb\",\"itemListElement\":[{\"@type\":\"ListItem\",\"position\":1,\"name\":\"Home\",\"item\":\"https:\\\/\\\/stringsandwood.de\\\/\"},{\"@type\":\"ListItem\",\"position\":2,\"name\":\"Home\"}]},{\"@type\":\"WebSite\",\"@id\":\"https:\\\/\\\/stringsandwood.de\\\/#website\",\"url\":\"https:\\\/\\\/stringsandwood.de\\\/\",\"name\":\"Strings And Wood - Gitarrenbau aus Hamm\",\"description\":\"Gitarren in Handarbeit - Custom Guitars\",\"publisher\":{\"@id\":\"https:\\\/\\\/stringsandwood.de\\\/#organization\"},\"potentialAction\":[{\"@type\":\"SearchAction\",\"target\":{\"@type\":\"EntryPoint\",\"urlTemplate\":\"https:\\\/\\\/stringsandwood.de\\\/?s={search_term_string}\"},\"query-input\":{\"@type\":\"PropertyValueSpecification\",\"valueRequired\":true,\"valueName\":\"search_term_string\"}}],\"inLanguage\":\"de\"},{\"@type\":\"Organization\",\"@id\":\"https:\\\/\\\/stringsandwood.de\\\/#organization\",\"name\":\"Frank Zillmann Custom Guitars - Strings And Wood\",\"url\":\"https:\\\/\\\/stringsandwood.de\\\/\",\"logo\":{\"@type\":\"ImageObject\",\"inLanguage\":\"de\",\"@id\":\"https:\\\/\\\/stringsandwood.de\\\/#\\\/schema\\\/logo\\\/image\\\/\",\"url\":\"https:\\\/\\\/stringsandwood.de\\\/wp-content\\\/uploads\\\/2015\\\/08\\\/Strings-And-Wood.png\",\"contentUrl\":\"https:\\\/\\\/stringsandwood.de\\\/wp-content\\\/uploads\\\/2015\\\/08\\\/Strings-And-Wood.png\",\"width\":300,\"height\":31,\"caption\":\"Frank Zillmann Custom Guitars - Strings And Wood\"},\"image\":{\"@id\":\"https:\\\/\\\/stringsandwood.de\\\/#\\\/schema\\\/logo\\\/image\\\/\"},\"sameAs\":[\"https:\\\/\\\/www.facebook.com\\\/F.Zillmann\",\"https:\\\/\\\/www.instagram.com\\\/fzillmann\\\/\"]}]}<\/script>\n<!-- \/ Yoast SEO plugin. -->","yoast_head_json":{"title":"Home - Strings And Wood - Gitarrenbau aus Hamm","description":"Frank Zillmann aus Hamm stellt seine in Handarbeit gefertigten E-Gitarren und Akustikgitarren vor - Gitarrenbau aus Hamm mit individuellem Charakter. Erlebe Gitarrenbau in Perfektion - von individueller Beratung bis hin zu handselektierten Tonh\u00f6lzern und handgewickelten Tonabnehmern.","robots":{"index":"index","follow":"follow","max-snippet":"max-snippet:-1","max-image-preview":"max-image-preview:large","max-video-preview":"max-video-preview:-1"},"canonical":"https:\/\/stringsandwood.de\/","og_locale":"de_DE","og_type":"article","og_title":"Home - Strings And Wood - Gitarrenbau aus Hamm","og_description":"Frank Zillmann aus Hamm stellt seine in Handarbeit gefertigten E-Gitarren und Akustikgitarren vor - Gitarrenbau aus Hamm mit individuellem Charakter. Erlebe Gitarrenbau in Perfektion - von individueller Beratung bis hin zu handselektierten Tonh\u00f6lzern und handgewickelten Tonabnehmern.","og_url":"https:\/\/stringsandwood.de\/","og_site_name":"Strings And Wood - Gitarrenbau aus Hamm","article_publisher":"https:\/\/www.facebook.com\/F.Zillmann","article_modified_time":"2025-12-11T11:58:24+00:00","og_image":[{"width":540,"height":541,"url":"https:\/\/stringsandwood.de\/wp-content\/uploads\/2015\/08\/Frank-Zillmann-e1533990033836.jpg","type":"image\/jpeg"}],"twitter_card":"summary_large_image","twitter_misc":{"Gesch\u00e4tzte Lesezeit":"2\u00a0Minuten"},"schema":{"@context":"https:\/\/schema.org","@graph":[{"@type":"WebPage","@id":"https:\/\/stringsandwood.de\/","url":"https:\/\/stringsandwood.de\/","name":"Home - Strings And Wood - Gitarrenbau aus Hamm","isPartOf":{"@id":"https:\/\/stringsandwood.de\/#website"},"primaryImageOfPage":{"@id":"https:\/\/stringsandwood.de\/#primaryimage"},"image":{"@id":"https:\/\/stringsandwood.de\/#primaryimage"},"thumbnailUrl":"https:\/\/stringsandwood.de\/wp-content\/uploads\/2015\/08\/Frank-Zillmann-e1533990033836.jpg","datePublished":"2015-08-12T06:54:09+00:00","dateModified":"2025-12-11T11:58:24+00:00","description":"Frank Zillmann aus Hamm stellt seine in Handarbeit gefertigten E-Gitarren und Akustikgitarren vor - Gitarrenbau aus Hamm mit individuellem Charakter. Erlebe Gitarrenbau in Perfektion - von individueller Beratung bis hin zu handselektierten Tonh\u00f6lzern und handgewickelten Tonabnehmern.","breadcrumb":{"@id":"https:\/\/stringsandwood.de\/#breadcrumb"},"inLanguage":"de","potentialAction":[{"@type":"ReadAction","target":["https:\/\/stringsandwood.de\/"]}]},{"@type":"ImageObject","inLanguage":"de","@id":"https:\/\/stringsandwood.de\/#primaryimage","url":"https:\/\/stringsandwood.de\/wp-content\/uploads\/2015\/08\/Frank-Zillmann-e1533990033836.jpg","contentUrl":"https:\/\/stringsandwood.de\/wp-content\/uploads\/2015\/08\/Frank-Zillmann-e1533990033836.jpg","width":540,"height":541,"caption":"Frank Zillmann"},{"@type":"BreadcrumbList","@id":"https:\/\/stringsandwood.de\/#breadcrumb","itemListElement":[{"@type":"ListItem","position":1,"name":"Home","item":"https:\/\/stringsandwood.de\/"},{"@type":"ListItem","position":2,"name":"Home"}]},{"@type":"WebSite","@id":"https:\/\/stringsandwood.de\/#website","url":"https:\/\/stringsandwood.de\/","name":"Strings And Wood - Gitarrenbau aus Hamm","description":"Gitarren in Handarbeit - Custom Guitars","publisher":{"@id":"https:\/\/stringsandwood.de\/#organization"},"potentialAction":[{"@type":"SearchAction","target":{"@type":"EntryPoint","urlTemplate":"https:\/\/stringsandwood.de\/?s={search_term_string}"},"query-input":{"@type":"PropertyValueSpecification","valueRequired":true,"valueName":"search_term_string"}}],"inLanguage":"de"},{"@type":"Organization","@id":"https:\/\/stringsandwood.de\/#organization","name":"Frank Zillmann Custom Guitars - Strings And Wood","url":"https:\/\/stringsandwood.de\/","logo":{"@type":"ImageObject","inLanguage":"de","@id":"https:\/\/stringsandwood.de\/#\/schema\/logo\/image\/","url":"https:\/\/stringsandwood.de\/wp-content\/uploads\/2015\/08\/Strings-And-Wood.png","contentUrl":"https:\/\/stringsandwood.de\/wp-content\/uploads\/2015\/08\/Strings-And-Wood.png","width":300,"height":31,"caption":"Frank Zillmann Custom Guitars - Strings And Wood"},"image":{"@id":"https:\/\/stringsandwood.de\/#\/schema\/logo\/image\/"},"sameAs":["https:\/\/www.facebook.com\/F.Zillmann","https:\/\/www.instagram.com\/fzillmann\/"]}]}},"_links":{"self":[{"href":"https:\/\/stringsandwood.de\/index.php\/wp-json\/wp\/v2\/pages\/186","targetHints":{"allow":["GET"]}}],"collection":[{"href":"https:\/\/stringsandwood.de\/index.php\/wp-json\/wp\/v2\/pages"}],"about":[{"href":"https:\/\/stringsandwood.de\/index.php\/wp-json\/wp\/v2\/types\/page"}],"author":[{"embeddable":true,"href":"https:\/\/stringsandwood.de\/index.php\/wp-json\/wp\/v2\/users\/3"}],"replies":[{"embeddable":true,"href":"https:\/\/stringsandwood.de\/index.php\/wp-json\/wp\/v2\/comments?post=186"}],"version-history":[{"count":49,"href":"https:\/\/stringsandwood.de\/index.php\/wp-json\/wp\/v2\/pages\/186\/revisions"}],"predecessor-version":[{"id":1284,"href":"https:\/\/stringsandwood.de\/index.php\/wp-json\/wp\/v2\/pages\/186\/revisions\/1284"}],"wp:attachment":[{"href":"https:\/\/stringsandwood.de\/index.php\/wp-json\/wp\/v2\/media?parent=186"}],"curies":[{"name":"wp","href":"https:\/\/api.w.org\/{rel}","templated":true}]}}