{"id":199,"date":"2015-08-12T11:21:16","date_gmt":"2015-08-12T09:21:16","guid":{"rendered":"https:\/\/stringsandwood.de\/?page_id=199"},"modified":"2022-01-03T12:48:11","modified_gmt":"2022-01-03T11:48:11","slug":"akustikgitarren","status":"publish","type":"page","link":"https:\/\/stringsandwood.de\/index.php\/akustikgitarren\/","title":{"rendered":"Akustikgitarren"},"content":{"rendered":"<h4 class=\"deco-side\" style=\"color: #990000;\">Dreadnought Westerngitarre<\/h4>\n<h1 class=\"deco-side\">Akustikgitarren<\/h1>\n<p>Akustikgitarren bezaubern immer wieder durch ihrem typischen Klang. Diese Westerngitarre wurde aus hochwertigen Tonh\u00f6lzern in der Qualit\u00e4tsstufe AAA gefertigt. Der Korpus und die Halsr\u00fcckseite sind mit Schellack poliert, die Kopfplatte erhielt eine 1K PU-Lackierung. Dieses Instrument zeichnet sich durch knackige Mitten und pr\u00e4sente B\u00e4sse aus. Die H\u00f6hen sind sauber und obertonreich. Das Klangbild ist ausgewogen mit viel Dynamik. Zahlreiche Bilder vom Bau dieser Gitarre <a href=\"https:\/\/stringsandwood.de\/index.php\/akustikgitarren\/bau-einer-dreadnought-westerngitarre\/\">findet ihr auf dieser Seite<\/a>.<\/p>\n<div id='gallery-1' class='gallery galleryid-199 gallery-columns-3 gallery-size-medium'><dl class='gallery-item'>\n\t\t\t<dt class='gallery-icon portrait'>\n\t\t\t\t<a href='https:\/\/stringsandwood.de\/wp-content\/uploads\/2015\/08\/IMG_7312.jpg'><img loading=\"lazy\" decoding=\"async\" width=\"200\" height=\"300\" src=\"https:\/\/stringsandwood.de\/wp-content\/uploads\/2015\/08\/IMG_7312-200x300.jpg\" class=\"attachment-medium size-medium\" alt=\"Dreadnought - orchestraler Sound\" aria-describedby=\"gallery-1-256\" srcset=\"https:\/\/stringsandwood.de\/wp-content\/uploads\/2015\/08\/IMG_7312-200x300.jpg 200w, https:\/\/stringsandwood.de\/wp-content\/uploads\/2015\/08\/IMG_7312.jpg 600w\" sizes=\"auto, (max-width: 200px) 100vw, 200px\" \/><\/a>\n\t\t\t<\/dt>\n\t\t\t\t<dd class='wp-caption-text gallery-caption' id='gallery-1-256'>\n\t\t\t\tDreadnought &#8211; orchestraler Sound\n\t\t\t\t<\/dd><\/dl><dl class='gallery-item'>\n\t\t\t<dt class='gallery-icon portrait'>\n\t\t\t\t<a href='https:\/\/stringsandwood.de\/wp-content\/uploads\/2015\/08\/IMG_7299.jpg'><img loading=\"lazy\" decoding=\"async\" width=\"200\" height=\"300\" src=\"https:\/\/stringsandwood.de\/wp-content\/uploads\/2015\/08\/IMG_7299-200x300.jpg\" class=\"attachment-medium size-medium\" alt=\"Kopfplatte Reosenholz\" aria-describedby=\"gallery-1-260\" srcset=\"https:\/\/stringsandwood.de\/wp-content\/uploads\/2015\/08\/IMG_7299-200x300.jpg 200w, https:\/\/stringsandwood.de\/wp-content\/uploads\/2015\/08\/IMG_7299.jpg 600w\" sizes=\"auto, (max-width: 200px) 100vw, 200px\" \/><\/a>\n\t\t\t<\/dt>\n\t\t\t\t<dd class='wp-caption-text gallery-caption' id='gallery-1-260'>\n\t\t\t\tKopfplatte Rosenholz\n\t\t\t\t<\/dd><\/dl><dl class='gallery-item'>\n\t\t\t<dt class='gallery-icon portrait'>\n\t\t\t\t<a href='https:\/\/stringsandwood.de\/wp-content\/uploads\/2015\/08\/IMG_7306.jpg'><img loading=\"lazy\" decoding=\"async\" width=\"200\" height=\"300\" src=\"https:\/\/stringsandwood.de\/wp-content\/uploads\/2015\/08\/IMG_7306-200x300.jpg\" class=\"attachment-medium size-medium\" alt=\"Mechaniken Wikinson (19:1) Waverly Style\" aria-describedby=\"gallery-1-262\" srcset=\"https:\/\/stringsandwood.de\/wp-content\/uploads\/2015\/08\/IMG_7306-200x300.jpg 200w, https:\/\/stringsandwood.de\/wp-content\/uploads\/2015\/08\/IMG_7306.jpg 600w\" sizes=\"auto, (max-width: 200px) 100vw, 200px\" \/><\/a>\n\t\t\t<\/dt>\n\t\t\t\t<dd class='wp-caption-text gallery-caption' id='gallery-1-262'>\n\t\t\t\tMechaniken Wikinson (19:1) Waverly Style\n\t\t\t\t<\/dd><\/dl><br style=\"clear: both\" \/>\n\t\t<\/div>\n\n<p>Technische Daten:<\/p>\n<ul>\n<li>Mensur: 645 mm<\/li>\n<li>Sattelbreite: 42 mm<\/li>\n<li>B\u00fcnde: 20, Halsansatz am 14. Bund<\/li>\n<li>Decke: Sitka Fichte AAA<\/li>\n<li>Boden, Zargen: Mahagoni AAA<\/li>\n<li>Deckenverbalkung: X-Bracing<\/li>\n<li>Hals: Mahagoni AAA<\/li>\n<li>Griffbrett: Rosenholz mit Mother of Pearl Einlagen<\/li>\n<li>Br\u00fccke: Rosenholz<\/li>\n<li>Sattel und Steg: Rindsknochen<\/li>\n<li>Halsstab: Double action, Zugang vom Korpus aus<\/li>\n<li>Mechaniken: Offen, waverly style von Wikinson, \u00dcbersetzung 19:1<\/li>\n<li>Baujahr: 2014<\/li>\n<\/ul>\n<p>Diese Gitarre entspricht weitestgehend einer C.F. Martin D28. Das \u201eD\u201c im Modellnamen steht f\u00fcr Dreadnought. Dieser Name wurde in den 1910er von einem Schlachtschiff adaptiert. Dreadnought bedeutet frei \u00fcbersetzt \u201eF\u00fcrchtenichts\u201c; das legend\u00e4re Schlachtschiff \u00fcberragte seinerzeit die Konkurrenz in Gr\u00f6\u00dfe und Bewaffnung. Die Dreadnought-Akustikgitarre ist im Vergleich zu den damals vorherrschenden Modellen OO und OOO in Gr\u00f6\u00dfe, Volumen und Tonumfang \u00fcberlegen. Diese Bauform bietet \u00fcber das komplette Klangspektrum viel Kraft. Knackige und pr\u00e4sente B\u00e4sse, obertonreiche klare H\u00f6hen und kr\u00e4ftige Mitten zeichnen eine gute Dreadnought aus.<\/p>\n<p>Der Hals ist am 14. Bund an den Korpus angesetzt, vergleichsweise befindet sich bei OO und OOO der Halsansatz i.d.R. schon am 12. Bund.<\/p>\n<p>Urspr\u00fcnglich wurde die D28 mit Walknochen verziert, aber aus Tierschutzgr\u00fcnden und vor allem um den Walfang Einhalt zu gebieten sind bei dieser Gitarre die Bindings aus sogenanntem Herringbone. Hier wird in mehreren Lagen und unterschiedlichenWinkeln helles und dunkles Holz miteinander verleimt, so dass bei Aufschneiden ein Fischgr\u00e4tenmuster entsteht. Die Bundmarkierungen wurden aus handges\u00e4gter Mother Of Perl (Perlmut) gerfertigt.<\/p>\n<p>Klassisch w\u00e4ren Boden und Zargen aus Palisanderholz, bei dieser Akustikgitarre habe ich jedoch Mahagoni verbaut. Dieses Holz bietet sch\u00f6ne warme Mitten. Wenn die Dreadnought-Modelle ein kleines Manko haben, dann sind es die Mitten, das wird jedoch durch die Verwendung von Mahagoni mehr als kompensiert.<\/p>\n<p>Typisch f\u00fcr eine Dreadnought ist, dass die Decke durch ein sogenanntes X-Bracing, also in Kreuzform aufgeleimte Leisten (B\u00e4lkchen) auf der Innenseite der Decke, stabilisiert wird.<\/p>\n<p><iframe loading=\"lazy\" width=\"1000\" height=\"563\" data-cookieconsent=\"pr\u00e4ferenzen, statistik, Marketing\" data-src=\"https:\/\/www.youtube.com\/embed\/RyksBhJnnas?feature=oembed\" frameborder=\"0\" allow=\"accelerometer; autoplay; encrypted-media; gyroscope; picture-in-picture\" allowfullscreen><\/iframe><div class=\"cookieconsent-optout-preferences cookieconsent-optout-statistics cookieconsent-optout-marketing\"><\/div><\/p>\n","protected":false},"excerpt":{"rendered":"<p>Dreadnought Westerngitarre Akustikgitarren Akustikgitarren bezaubern immer wieder durch ihrem typischen Klang. Diese Westerngitarre wurde aus hochwertigen Tonh\u00f6lzern in der Qualit\u00e4tsstufe AAA gefertigt. Der Korpus und die Halsr\u00fcckseite sind mit Schellack [&hellip;]<\/p>\n","protected":false},"author":3,"featured_media":0,"parent":0,"menu_order":20,"comment_status":"closed","ping_status":"closed","template":"page_akkustikgitarren.php","meta":{"footnotes":""},"class_list":["post-199","page","type-page","status-publish","hentry"],"yoast_head":"<!-- This site is optimized with the Yoast SEO plugin v27.5 - https:\/\/yoast.com\/product\/yoast-seo-wordpress\/ -->\n<title>Akustikgitarre - Dreadnought - Westerngitarre<\/title>\n<meta name=\"description\" content=\"Bericht \u00fcber eine Dreadnought Westerngitarre. Diese Akustikgitarre entspricht weitestgehend einer Martin D28. Die Gitarre zeichnet ein voller Klang aus.\" \/>\n<meta name=\"robots\" content=\"index, follow, max-snippet:-1, max-image-preview:large, max-video-preview:-1\" \/>\n<link rel=\"canonical\" href=\"https:\/\/stringsandwood.de\/index.php\/akustikgitarren\/\" \/>\n<meta property=\"og:locale\" content=\"de_DE\" \/>\n<meta property=\"og:type\" content=\"article\" \/>\n<meta property=\"og:title\" content=\"Akustikgitarre - Dreadnought - Westerngitarre\" \/>\n<meta property=\"og:description\" content=\"Bericht \u00fcber eine Dreadnought Westerngitarre. Diese Akustikgitarre entspricht weitestgehend einer Martin D28. Die Gitarre zeichnet ein voller Klang aus.\" \/>\n<meta property=\"og:url\" content=\"https:\/\/stringsandwood.de\/index.php\/akustikgitarren\/\" \/>\n<meta property=\"og:site_name\" content=\"Strings And Wood - Gitarrenbau aus Hamm\" \/>\n<meta property=\"article:publisher\" content=\"https:\/\/www.facebook.com\/F.Zillmann\" \/>\n<meta property=\"article:modified_time\" content=\"2022-01-03T11:48:11+00:00\" \/>\n<meta property=\"og:image\" content=\"https:\/\/stringsandwood.de\/wp-content\/uploads\/2015\/08\/IMG_7312-200x300.jpg\" \/>\n<meta name=\"twitter:card\" content=\"summary_large_image\" \/>\n<meta name=\"twitter:label1\" content=\"Gesch\u00e4tzte Lesezeit\" \/>\n\t<meta name=\"twitter:data1\" content=\"3\u00a0Minuten\" \/>\n<script type=\"application\/ld+json\" class=\"yoast-schema-graph\">{\"@context\":\"https:\\\/\\\/schema.org\",\"@graph\":[{\"@type\":\"WebPage\",\"@id\":\"https:\\\/\\\/stringsandwood.de\\\/index.php\\\/akustikgitarren\\\/\",\"url\":\"https:\\\/\\\/stringsandwood.de\\\/index.php\\\/akustikgitarren\\\/\",\"name\":\"Akustikgitarre - Dreadnought - Westerngitarre\",\"isPartOf\":{\"@id\":\"https:\\\/\\\/stringsandwood.de\\\/#website\"},\"datePublished\":\"2015-08-12T09:21:16+00:00\",\"dateModified\":\"2022-01-03T11:48:11+00:00\",\"description\":\"Bericht \u00fcber eine Dreadnought Westerngitarre. Diese Akustikgitarre entspricht weitestgehend einer Martin D28. Die Gitarre zeichnet ein voller Klang aus.\",\"breadcrumb\":{\"@id\":\"https:\\\/\\\/stringsandwood.de\\\/index.php\\\/akustikgitarren\\\/#breadcrumb\"},\"inLanguage\":\"de\",\"potentialAction\":[{\"@type\":\"ReadAction\",\"target\":[\"https:\\\/\\\/stringsandwood.de\\\/index.php\\\/akustikgitarren\\\/\"]}]},{\"@type\":\"BreadcrumbList\",\"@id\":\"https:\\\/\\\/stringsandwood.de\\\/index.php\\\/akustikgitarren\\\/#breadcrumb\",\"itemListElement\":[{\"@type\":\"ListItem\",\"position\":1,\"name\":\"Home\",\"item\":\"https:\\\/\\\/stringsandwood.de\\\/\"},{\"@type\":\"ListItem\",\"position\":2,\"name\":\"Akustikgitarren\"}]},{\"@type\":\"WebSite\",\"@id\":\"https:\\\/\\\/stringsandwood.de\\\/#website\",\"url\":\"https:\\\/\\\/stringsandwood.de\\\/\",\"name\":\"Strings And Wood - Gitarrenbau aus Hamm\",\"description\":\"Gitarren in Handarbeit - Custom Guitars\",\"publisher\":{\"@id\":\"https:\\\/\\\/stringsandwood.de\\\/#organization\"},\"potentialAction\":[{\"@type\":\"SearchAction\",\"target\":{\"@type\":\"EntryPoint\",\"urlTemplate\":\"https:\\\/\\\/stringsandwood.de\\\/?s={search_term_string}\"},\"query-input\":{\"@type\":\"PropertyValueSpecification\",\"valueRequired\":true,\"valueName\":\"search_term_string\"}}],\"inLanguage\":\"de\"},{\"@type\":\"Organization\",\"@id\":\"https:\\\/\\\/stringsandwood.de\\\/#organization\",\"name\":\"Frank Zillmann Custom Guitars - Strings And Wood\",\"url\":\"https:\\\/\\\/stringsandwood.de\\\/\",\"logo\":{\"@type\":\"ImageObject\",\"inLanguage\":\"de\",\"@id\":\"https:\\\/\\\/stringsandwood.de\\\/#\\\/schema\\\/logo\\\/image\\\/\",\"url\":\"https:\\\/\\\/stringsandwood.de\\\/wp-content\\\/uploads\\\/2015\\\/08\\\/Strings-And-Wood.png\",\"contentUrl\":\"https:\\\/\\\/stringsandwood.de\\\/wp-content\\\/uploads\\\/2015\\\/08\\\/Strings-And-Wood.png\",\"width\":300,\"height\":31,\"caption\":\"Frank Zillmann Custom Guitars - Strings And Wood\"},\"image\":{\"@id\":\"https:\\\/\\\/stringsandwood.de\\\/#\\\/schema\\\/logo\\\/image\\\/\"},\"sameAs\":[\"https:\\\/\\\/www.facebook.com\\\/F.Zillmann\",\"https:\\\/\\\/www.instagram.com\\\/fzillmann\\\/\"]}]}<\/script>\n<!-- \/ Yoast SEO plugin. -->","yoast_head_json":{"title":"Akustikgitarre - Dreadnought - Westerngitarre","description":"Bericht \u00fcber eine Dreadnought Westerngitarre. Diese Akustikgitarre entspricht weitestgehend einer Martin D28. Die Gitarre zeichnet ein voller Klang aus.","robots":{"index":"index","follow":"follow","max-snippet":"max-snippet:-1","max-image-preview":"max-image-preview:large","max-video-preview":"max-video-preview:-1"},"canonical":"https:\/\/stringsandwood.de\/index.php\/akustikgitarren\/","og_locale":"de_DE","og_type":"article","og_title":"Akustikgitarre - Dreadnought - Westerngitarre","og_description":"Bericht \u00fcber eine Dreadnought Westerngitarre. Diese Akustikgitarre entspricht weitestgehend einer Martin D28. Die Gitarre zeichnet ein voller Klang aus.","og_url":"https:\/\/stringsandwood.de\/index.php\/akustikgitarren\/","og_site_name":"Strings And Wood - Gitarrenbau aus Hamm","article_publisher":"https:\/\/www.facebook.com\/F.Zillmann","article_modified_time":"2022-01-03T11:48:11+00:00","og_image":[{"url":"https:\/\/stringsandwood.de\/wp-content\/uploads\/2015\/08\/IMG_7312-200x300.jpg","type":"","width":"","height":""}],"twitter_card":"summary_large_image","twitter_misc":{"Gesch\u00e4tzte Lesezeit":"3\u00a0Minuten"},"schema":{"@context":"https:\/\/schema.org","@graph":[{"@type":"WebPage","@id":"https:\/\/stringsandwood.de\/index.php\/akustikgitarren\/","url":"https:\/\/stringsandwood.de\/index.php\/akustikgitarren\/","name":"Akustikgitarre - Dreadnought - Westerngitarre","isPartOf":{"@id":"https:\/\/stringsandwood.de\/#website"},"datePublished":"2015-08-12T09:21:16+00:00","dateModified":"2022-01-03T11:48:11+00:00","description":"Bericht \u00fcber eine Dreadnought Westerngitarre. Diese Akustikgitarre entspricht weitestgehend einer Martin D28. Die Gitarre zeichnet ein voller Klang aus.","breadcrumb":{"@id":"https:\/\/stringsandwood.de\/index.php\/akustikgitarren\/#breadcrumb"},"inLanguage":"de","potentialAction":[{"@type":"ReadAction","target":["https:\/\/stringsandwood.de\/index.php\/akustikgitarren\/"]}]},{"@type":"BreadcrumbList","@id":"https:\/\/stringsandwood.de\/index.php\/akustikgitarren\/#breadcrumb","itemListElement":[{"@type":"ListItem","position":1,"name":"Home","item":"https:\/\/stringsandwood.de\/"},{"@type":"ListItem","position":2,"name":"Akustikgitarren"}]},{"@type":"WebSite","@id":"https:\/\/stringsandwood.de\/#website","url":"https:\/\/stringsandwood.de\/","name":"Strings And Wood - Gitarrenbau aus Hamm","description":"Gitarren in Handarbeit - Custom Guitars","publisher":{"@id":"https:\/\/stringsandwood.de\/#organization"},"potentialAction":[{"@type":"SearchAction","target":{"@type":"EntryPoint","urlTemplate":"https:\/\/stringsandwood.de\/?s={search_term_string}"},"query-input":{"@type":"PropertyValueSpecification","valueRequired":true,"valueName":"search_term_string"}}],"inLanguage":"de"},{"@type":"Organization","@id":"https:\/\/stringsandwood.de\/#organization","name":"Frank Zillmann Custom Guitars - Strings And Wood","url":"https:\/\/stringsandwood.de\/","logo":{"@type":"ImageObject","inLanguage":"de","@id":"https:\/\/stringsandwood.de\/#\/schema\/logo\/image\/","url":"https:\/\/stringsandwood.de\/wp-content\/uploads\/2015\/08\/Strings-And-Wood.png","contentUrl":"https:\/\/stringsandwood.de\/wp-content\/uploads\/2015\/08\/Strings-And-Wood.png","width":300,"height":31,"caption":"Frank Zillmann Custom Guitars - Strings And Wood"},"image":{"@id":"https:\/\/stringsandwood.de\/#\/schema\/logo\/image\/"},"sameAs":["https:\/\/www.facebook.com\/F.Zillmann","https:\/\/www.instagram.com\/fzillmann\/"]}]}},"_links":{"self":[{"href":"https:\/\/stringsandwood.de\/index.php\/wp-json\/wp\/v2\/pages\/199","targetHints":{"allow":["GET"]}}],"collection":[{"href":"https:\/\/stringsandwood.de\/index.php\/wp-json\/wp\/v2\/pages"}],"about":[{"href":"https:\/\/stringsandwood.de\/index.php\/wp-json\/wp\/v2\/types\/page"}],"author":[{"embeddable":true,"href":"https:\/\/stringsandwood.de\/index.php\/wp-json\/wp\/v2\/users\/3"}],"replies":[{"embeddable":true,"href":"https:\/\/stringsandwood.de\/index.php\/wp-json\/wp\/v2\/comments?post=199"}],"version-history":[{"count":28,"href":"https:\/\/stringsandwood.de\/index.php\/wp-json\/wp\/v2\/pages\/199\/revisions"}],"predecessor-version":[{"id":1268,"href":"https:\/\/stringsandwood.de\/index.php\/wp-json\/wp\/v2\/pages\/199\/revisions\/1268"}],"wp:attachment":[{"href":"https:\/\/stringsandwood.de\/index.php\/wp-json\/wp\/v2\/media?parent=199"}],"curies":[{"name":"wp","href":"https:\/\/api.w.org\/{rel}","templated":true}]}}