{"id":202,"date":"2015-08-12T11:22:06","date_gmt":"2015-08-12T09:22:06","guid":{"rendered":"https:\/\/stringsandwood.de\/?page_id=202"},"modified":"2020-07-01T15:13:51","modified_gmt":"2020-07-01T13:13:51","slug":"e-gitarren","status":"publish","type":"page","link":"https:\/\/stringsandwood.de\/index.php\/e-gitarren\/","title":{"rendered":"E-Gitarren"},"content":{"rendered":"\n<h4 class=\"deco-side\" style=\"color: #990000;\">Individuell oder vintage correct<\/h4>\n<h1 class=\"deco-side\">E-Gitarren<\/h1>\n\n\n\n<p>E-Gitarren in Handarbeit &#8211; hier entstehen individuelle Custom-Guitars, die perfekt auf die Bed\u00fcrfnisse des K\u00fcnstlers angepasst sind. Die W\u00fcnsche des Gitarristen zu erkennen und diese dann handwerklich umzusetzen und genau den Sound mit entsprechendem Look &amp; Feel zu kreieren sind die Maxime. Ob Single Coil oder Humbucker, oder Jazz oder Schwermetall, wichtig ist, dass das Instrument den K\u00fcnstler nicht nur unterst\u00fctzt sondern f\u00fcr ihn und seine Musik gemacht ist.<\/p>\n\n\n\n<p>Die Auswahl der Tonh\u00f6lzer, PickUps und der Hardware f\u00fcr die E-Gitarre wollen diskutiert werden. Das passiert in ausf\u00fchrlicher Beratung mit dem Gitarristen. Zur Verwendung kommen nur hochwertigste Materialien. Die Tonh\u00f6lzer sind nat\u00fcrlich Vollholz und jahrelang luftgetrocknet, ihre Auswahl ist handverlesen. Handgefertigte E-Gitarren sind immer Unikate, nur so kann ein wirklich individueller Sound entstehen.<\/p>\n\n\n\n<p> Ein kurze \u00dcbersicht der E-Gitarren (Modelle):<\/p>\n\n\n\n<div class=\"wp-block-media-text alignwide\" style=\"grid-template-columns:31% auto\"><figure class=\"wp-block-media-text__media\"><img loading=\"lazy\" decoding=\"async\" width=\"359\" height=\"600\" src=\"https:\/\/stringsandwood.de\/wp-content\/uploads\/2020\/07\/VT-HB-P90_659x600.jpg\" alt=\"VT-HB-P90\" class=\"wp-image-1209\"\/><\/figure><div class=\"wp-block-media-text__content\">\n<h2>VINTAGE-T HB P90<\/h2>\n<ul>\n<li>Body: Sipo Mahagoni (Entandrophragma utile), einteilig inkl. Sustainblock<\/li>\n<li>Decke: Heller Bergahorn geriegelt (Acer pseudoplatanus)<\/li>\n<li>Hals: Sapelli Mahagoni (Entandrophragma cylindricum)<\/li>\n<li>Griffbrett: Wenge (Millettia laurentii)<\/li>\n<li>Mensur: 25,5\u2033 (64,77 cm)<\/li>\n<li>B\u00fcnde: 22<\/li>\n<li>Pickup Neck: P90 50 mm Polespacing (handgewickelt)<\/li>\n<li>Pickup Bridge: P90 52 mm Polespacing (handgewickelt)<\/li>\n<li>Schalter: Toggle Switch<\/li>\n<li>Volumeregler: 2 x CTS 500 k\u03a9<\/li>\n<li>Tonregler: 2 x CTS 500 k\u03a9 i<\/li>\n<li>Bridge: Moderne Br\u00fccke mit 6 Reitern und String-thru-Body<\/li>\n<li>Sattel: Rindsknochen<\/li>\n<li>Mechaniken: KLUSON \u201cEbony\u201d Round-Backs, Ebenholzk\u00f6pfe, \u00dcbersetzung 1:18<\/li>\n<li>Saiten: Ernie Ball 010-046 Regular Slinky<\/li>\n<\/ul>\n<p>&nbsp;<\/p>\n<p><a href=\"https:\/\/stringsandwood.de\/index.php\/e-gitarren\/vintage-t-hollow-body-p90\/\">weiterlesen<\/a><\/p>\n<\/div><\/div>\n\n\n\n<div class=\"wp-block-media-text alignwide\" style=\"grid-template-columns:31% auto\"><figure class=\"wp-block-media-text__media\"><img loading=\"lazy\" decoding=\"async\" width=\"359\" height=\"600\" src=\"https:\/\/stringsandwood.de\/wp-content\/uploads\/2020\/07\/JM1958-Preview.jpg\" alt=\"JM1958 - Jazzmaster(TM)\" class=\"wp-image-1201\"\/><\/figure><div class=\"wp-block-media-text__content\">\n<h2>JM1958<\/h2>\n<ul>\n<li>Body: One Piece ultraleichte Pine<\/li>\n<li>Hals: One Piece Vogelaugenahorn mit Nussbaum Skunk Stripe<\/li>\n<li>Mensur: 25,5\u2033 (64,77 cm)<\/li>\n<li>B\u00fcnde: 21<\/li>\n<li>Pickup Neck: handgewickelt aus eigener Herstellung AlNiCo-5, AWG-42 PE, 7,81k\u03a9<\/li>\n<li>Pickup Bridge: handgewickelt aus eigener Herstellung AlNiCo-5, AWG-42 PE, 8,55k\u03a9<\/li>\n<li>Elektronik: 250 k\u03a9 Volume- und 250 k\u03a9 Ton-Potentiometer (org. CTS) mit original Orange Drop .022uF Kondensator, <strong>Dark-Circuit:<\/strong> 1 Meg\u03a9 Volume- und Ton-Potentiometer, original Orange Drop .033uF Kondensator<\/li>\n<li>Bridge\/Tremolo: Modifizierte Mustang-Br\u00fccke mit H\u00f6henjustage einer Tune-O-Matic und G\u00f6ldo DG-Tremolo<\/li>\n<li>Sattel: Rindsknochen<\/li>\n<li>Mechaniken: KLUSON Roundbacks<\/li>\n<li>Saiten: Ernie Ball 010-046 Regular Slinky<\/li>\n<\/ul>\n<p>&nbsp;<\/p>\n<p><a href=\"https:\/\/stringsandwood.de\/index.php\/e-gitarren\/jm1958\/\">weiterlesen<\/a><\/p>\n<\/div>\n<\/div><\/div>\n\n\n\n<div class=\"wp-block-media-text alignwide\" style=\"grid-template-columns:33% auto\"><figure class=\"wp-block-media-text__media\"><img loading=\"lazy\" decoding=\"async\" width=\"359\" height=\"600\" src=\"https:\/\/stringsandwood.de\/wp-content\/uploads\/2018\/09\/blackguard.jpg\" alt=\"The 1950 Blackguard\" class=\"wp-image-1100\"\/><\/figure><div class=\"wp-block-media-text__content\">\n<h2>The 1950 Blackguard<\/h2>\n<ul>\n<li>Hals: Ahorn (Acer saccharum)<\/li>\n<li>Dot Inlays: ABS schwarz<\/li>\n<li>Skunk Stripe: Nussbaum (Juglans regia)<\/li>\n<li>Korpusholz: Sumpfesche (Fraxinus), leicht ca. 400 kg\/m\u00b3<\/li>\n<li>Alle H\u00f6lzer sind im Riftschnitt ges\u00e4gt (quarter sawn).<\/li>\n<li>Mechaniken: Kluson Vintage Deluxe, nickel, Single Line Pr\u00e4gung, \u00dcbersetzung 1:15<\/li>\n<li>Sattel: Rindsknochen, von Hand gekerbt<\/li>\n<li>B\u00fcnde: 21<\/li>\n<li>Griffbrettradius: 7,5\u2033<\/li>\n<li>Halsprofil: Fat Nocaster-U<\/li>\n<li>Mensur: 25,5\u2033 (648 mm)<\/li>\n<li>Br\u00fccke: Kluson Vintage Style Br\u00fccke mit drei Messing-B\u00f6ckchen Stringspacing 54mm<br>und original Fender&#x2122; Ash Tray<\/li>\n<li>Tonabnehmer Hals: handgewickelt aus eigener Herstellung, AlNiCo-3, AWG-43 PE, 7,85 k\u03a9<\/li>\n<li>Tonabnehmer Br\u00fccke: handgewickelt aus eigener Herstellung, AlNiCo-5, AWG-42 PE, 8,10 k\u03a9<\/li>\n<li>Elektronik: 250 k\u03a9 Volume- und 250 k\u03a9 Ton-Potentiometer (org. CTS) mit 1k\u03a9 Kohleschichtwiderstand<br>und original Fender&#x2122; Pure Vintage Wax Paper Capacitor .05uF \u2013 150V<\/li>\n<li>PickUp-Schalter: 3-Wege CRL<\/li>\n<li>Saiten: ERNIE BALL 010-046, Regular Slinky<\/li>\n<li>Lackierung: Nitrocellulose Klarlack<\/li>\n<\/ul>\n<p>&nbsp;<\/p>\n<p><a href=\"https:\/\/stringsandwood.de\/index.php\/e-gitarren\/the-1950-blackguard\/\">weiterlesen<\/a><\/p>\n<\/div><\/div>\n\n\n\n<div class=\"wp-block-media-text alignwide is-stacked-on-mobile\" style=\"grid-template-columns:35% auto\"><figure class=\"wp-block-media-text__media\"><img loading=\"lazy\" decoding=\"async\" width=\"359\" height=\"600\" src=\"https:\/\/stringsandwood.de\/wp-content\/uploads\/2020\/07\/335b7_659x600.jpg\" alt=\"Electric Spanish mit B7 Tremolo\" class=\"wp-image-1235\"\/><\/figure><div class=\"wp-block-media-text__content\">\n<h2>SEMIACCOUSTIC B7<\/h2>\n<ul>\n<li>Decke und Boden Ahorn laminiert<\/li>\n<li>Hals Mahagoni mit Palisander-Griffbrett<\/li>\n<li>Dot-Inlays aus Makassar-Perlmutt<\/li>\n<li>Elektronik: 2 x 500 k\u03a9 Volume- und 2 x 500 k\u03a9 Ton-Potentiometer (org. CTS), Bumblebee PIO Tonkondenstaoren \u2013 0.015uf f\u00fcr Neck- und 0.022uf Bumblebee f\u00fcr Bridge-PU, 3-Wege-Toggle-Switch<\/li>\n<li>Lack Nitro-Cellulose<\/li>\n<\/ul>\n<p>&nbsp;<\/p>\n<p><a href=\"https:\/\/stringsandwood.de\/index.php\/e-gitarren\/semiaccoustic-b7-es335-style\/\">weiterlesen<\/a><\/p>\n<p>&nbsp;<\/p>\n<p>&nbsp;<\/p>\n<p>&nbsp;<\/p>\n<p>&nbsp;<\/p>\n<p>&nbsp;<\/p>\n<p>&nbsp;<\/p>\n<p>&nbsp;<\/p>\n<\/div><\/div>\n\n\n\n<div class=\"wp-block-media-text alignwide\" style=\"grid-template-columns:33% auto\"><figure class=\"wp-block-media-text__media\"><img loading=\"lazy\" decoding=\"async\" width=\"359\" height=\"600\" src=\"https:\/\/stringsandwood.de\/wp-content\/uploads\/2019\/04\/Micawber-600.jpg\" alt=\"Micawber\" class=\"wp-image-1148\"\/><\/figure><div class=\"wp-block-media-text__content\">\n<h2>Micawber<\/h2>\n<ul>\n<li>Hals: Ahorn (Acer saccharum)<\/li>\n<li>Dot Inlays: ABS schwarz<\/li>\n<li>Skunk Stripe: Nussbaum (Juglans regia)<\/li>\n<li>Korpusholz: Sumpfesche (Fraxinus), leicht ca. 380 kg\/m\u00b3<\/li>\n<li>Alle H\u00f6lzer sind im Riftschnitt ges\u00e4gt (quarter sawn).<\/li>\n<li>Mechaniken: Kluson Vintage Deluxe, nickel, Single Line Pr\u00e4gung, \u00dcbersetzung 1:15<\/li>\n<li>Sattel: Rindsknochen, von Hand gekerbt<\/li>\n<li>B\u00fcnde: 21<\/li>\n<li>Griffbrettradius: 7,5\u2033<\/li>\n<li>Halsprofil: Fat Nocaster-U<\/li>\n<li>Mensur: 25,5\u2033 (648 mm)<\/li>\n<li>Kluson Bridge Tele, Messing gold<\/li>\n<li>Tonabnehmer Hals: handgewickelt aus eigener Herstellung PAF Style, AlNiCo-2, AWG-42 PE, 7,46k\u03a9<\/li>\n<li>Tonabnehmer Br\u00fccke: handgewickelt aus eigener Herstellung, AlNiCo-5, AWG-42 PE, 8,25 k\u03a9<\/li>\n<li>Elektronik: 250 k\u03a9 Volume- und 250 k\u03a9 Ton-Potentiometer (org. CTS) mit original Orange Drop .047uF<\/li>\n<li>PickUp-Schalter: 3-Wege CRL<\/li>\n<li>Saiten: ERNIE BALL CLASSIC Rock N Roll 011-048, Custom Gauge \u2013 ohne tiefe E-Saite in Open-G gestimmt<\/li>\n<li>Lackierung: Nitrocellulose Klarlack<\/li>\n<\/ul>\n<p>&nbsp;<\/p>\n<p><a href=\"https:\/\/stringsandwood.de\/index.php\/e-gitarren\/micawber\/\">weiterlesen<\/a><\/p>\n<\/div><\/div>\n\n\n\n<div class=\"wp-block-media-text alignwide\" style=\"grid-template-columns:33% auto\"><figure class=\"wp-block-media-text__media\"><img loading=\"lazy\" decoding=\"async\" width=\"540\" height=\"902\" src=\"https:\/\/stringsandwood.de\/wp-content\/uploads\/2018\/08\/ST-62-TRIBUTE.jpg\" alt=\"\" class=\"wp-image-998\" srcset=\"https:\/\/stringsandwood.de\/wp-content\/uploads\/2018\/08\/ST-62-TRIBUTE.jpg 540w, https:\/\/stringsandwood.de\/wp-content\/uploads\/2018\/08\/ST-62-TRIBUTE-359x600.jpg 359w\" sizes=\"auto, (max-width: 540px) 100vw, 540px\" \/><\/figure><div class=\"wp-block-media-text__content\">\n<h2>ST-62-TRIBUTE 2015<\/h2>\n<ul>\n<li>Body: US Rot Erle (red alder)<\/li>\n<li>Hals und Griffbrett: Ahorn<\/li>\n<li>Mensur: 25,5\u2033 (64,77 cm)<\/li>\n<li>B\u00fcnde: 22<\/li>\n<li>Pickup: S-S-S, 3x Singlecoil<\/li>\n<li>Pickup Neck: Fender 54 Custom Shop<\/li>\n<li>Pickup Middle: Fender 54 Custom Shop<\/li>\n<li>Pickup Bridge: Fender 54 Custom Shop<\/li>\n<li>Schalter: Original CRL US 5-Wege Schalter<\/li>\n<li>Volumeregler: Original Fender 250K Split shaft poti<\/li>\n<li>Tonregler: 2 x Original Fender 250K Split shaft poti<\/li>\n<li>Bridge\/Tremolo: Wilkinson WVC SB CR \u2013 licenced by Fender mit Stahlblock<\/li>\n<li>Sattel: Rindsknochen<\/li>\n<li>Mechaniken: Chorm, 16:1<\/li>\n<li>Saiten: Ernie Ball 010-046 Regular Slinky<\/li>\n<\/ul>\n<p>&nbsp;<\/p>\n<p><a href=\"https:\/\/stringsandwood.de\/index.php\/e-gitarren\/st-62-tribute\/\">weiterlesen<\/a><\/p>\n<p>&nbsp;<\/p>\n<p>&nbsp;<\/p>\n<\/div><\/div>\n\n\n\n<div class=\"wp-block-media-text alignwide\" style=\"grid-template-columns:33% auto\"><figure class=\"wp-block-media-text__media\"><img loading=\"lazy\" decoding=\"async\" width=\"359\" height=\"600\" src=\"https:\/\/stringsandwood.de\/wp-content\/uploads\/2020\/07\/VT-2016_659x600.jpg\" alt=\"\" class=\"wp-image-1210\"\/><\/figure><div class=\"wp-block-media-text__content\">\n<h2>VINTAGE-T 2016<\/h2>\n<ul>\n<li>Body: Sumpfesche mit Aufleimer (7 mm) Ahorn geriegelt<\/li>\n<li>Hals und Griffbrett: Ahorn<\/li>\n<li>Mensur: 25,5\u2033 (64,77 cm)<\/li>\n<li>B\u00fcnde: 22<\/li>\n<li>Pickup: S-S, 2x Singlecoil<\/li>\n<li>Pickup Neck: Leo Sounds Mud Cat (handgewickelt)<\/li>\n<li>Pickup Bridge: Leo Sounds Mud Cat (handgewickelt)<\/li>\n<li>Schalter: Original CRL US 3-Wege Schalter<\/li>\n<li>Volumeregler: Original Fender 250K Split shaft poti<\/li>\n<li>Tonregler: 2 x Original Fender 250K Split shaft poti<\/li>\n<li>Bridge: Moderne Br\u00fccke mit 6 Reitern und String-thru-Body<\/li>\n<li>Sattel: Rindsknochen<\/li>\n<li>Mechaniken: Schaller<sup>\u00ae<\/sup> ST6, 6 links, gold<\/li>\n<li>Saiten: Ernie Ball 010-046 Regular Slinky<\/li>\n<\/ul>\n<p>&nbsp;<\/p>\n<p><a href=\"https:\/\/stringsandwood.de\/index.php\/e-gitarren\/vintage-t-2016\/\">weiterlesen<\/a><\/p>\n<p>&nbsp;<\/p>\n<p>&nbsp;<\/p>\n<p>&nbsp;<\/p>\n<p>&nbsp;<\/p>\n<\/div><\/div>\n\n\n\n<div class=\"wp-block-media-text alignwide\" style=\"grid-template-columns:33% auto\"><figure class=\"wp-block-media-text__media\"><img loading=\"lazy\" decoding=\"async\" width=\"359\" height=\"600\" src=\"https:\/\/stringsandwood.de\/wp-content\/uploads\/2020\/07\/VT-2014_659x600.jpg\" alt=\"Vintage-T olympic white\" class=\"wp-image-1213\"\/><\/figure><div class=\"wp-block-media-text__content\">\n<h2>VINTAGE-T 2014<\/h2>\n<ul>\n<li>Mensur: 25,5 Zoll (648 mm)<\/li>\n<li>Griffbrett: Palisander, 22 B\u00fcnde<\/li>\n<li>Sattel: Rindsknochen mit Nullbund<\/li>\n<li>Body: Esche<\/li>\n<li>Tonabnehmer: Fender\u00ae Vintage Tele Pickup Set<\/li>\n<li>Br\u00fccke: G\u00f6ldo HW48C, 6 B\u00f6ckchen, String-thru-Body<\/li>\n<li>Mechaniken: Fender\u00ae 70Tuner<\/li>\n<li>Saiten: Ernie Ball 010-046 Regular Slinky<\/li>\n<\/ul>\n<p>&nbsp;<\/p>\n<p><a href=\"https:\/\/stringsandwood.de\/index.php\/e-gitarren\/vintage-t\/\">weiterlesen<\/a>\n<p>&nbsp;<\/p>\n<p>&nbsp;<\/p>\n<p>&nbsp;<\/p>\n<p>&nbsp;<\/p>\n<p>&nbsp;<\/p>\n<p>&nbsp;<\/p>\n<\/div><\/div>\n","protected":false},"excerpt":{"rendered":"<p>Individuell oder vintage correct E-Gitarren E-Gitarren in Handarbeit &#8211; hier entstehen individuelle Custom-Guitars, die perfekt auf die Bed\u00fcrfnisse des K\u00fcnstlers angepasst sind. Die W\u00fcnsche des Gitarristen zu erkennen und diese [&hellip;]<\/p>\n","protected":false},"author":3,"featured_media":0,"parent":0,"menu_order":30,"comment_status":"closed","ping_status":"closed","template":"page_vintage-t-hbp90.php","meta":{"footnotes":""},"class_list":["post-202","page","type-page","status-publish","hentry"],"yoast_head":"<!-- This site is optimized with the Yoast SEO plugin v27.4 - https:\/\/yoast.com\/product\/yoast-seo-wordpress\/ -->\n<title>E-Gitarren - Strings And Wood - Gitarrenbau aus Hamm<\/title>\n<meta name=\"robots\" content=\"index, follow, max-snippet:-1, max-image-preview:large, max-video-preview:-1\" \/>\n<link rel=\"canonical\" href=\"https:\/\/stringsandwood.de\/index.php\/e-gitarren\/\" \/>\n<meta property=\"og:locale\" content=\"de_DE\" \/>\n<meta property=\"og:type\" content=\"article\" \/>\n<meta property=\"og:title\" content=\"E-Gitarren - Strings And Wood - Gitarrenbau aus Hamm\" \/>\n<meta property=\"og:description\" content=\"Individuell oder vintage correct E-Gitarren E-Gitarren in Handarbeit &#8211; hier entstehen individuelle Custom-Guitars, die perfekt auf die Bed\u00fcrfnisse des K\u00fcnstlers angepasst sind. Die W\u00fcnsche des Gitarristen zu erkennen und diese [&hellip;]\" \/>\n<meta property=\"og:url\" content=\"https:\/\/stringsandwood.de\/index.php\/e-gitarren\/\" \/>\n<meta property=\"og:site_name\" content=\"Strings And Wood - Gitarrenbau aus Hamm\" \/>\n<meta property=\"article:publisher\" content=\"https:\/\/www.facebook.com\/F.Zillmann\" \/>\n<meta property=\"article:modified_time\" content=\"2020-07-01T13:13:51+00:00\" \/>\n<meta property=\"og:image\" content=\"https:\/\/stringsandwood.de\/wp-content\/uploads\/2020\/07\/VT-HB-P90_659x600.jpg\" \/>\n<meta name=\"twitter:card\" content=\"summary_large_image\" \/>\n<meta name=\"twitter:label1\" content=\"Gesch\u00e4tzte Lesezeit\" \/>\n\t<meta name=\"twitter:data1\" content=\"4\u00a0Minuten\" \/>\n<script type=\"application\/ld+json\" class=\"yoast-schema-graph\">{\"@context\":\"https:\\\/\\\/schema.org\",\"@graph\":[{\"@type\":\"WebPage\",\"@id\":\"https:\\\/\\\/stringsandwood.de\\\/index.php\\\/e-gitarren\\\/\",\"url\":\"https:\\\/\\\/stringsandwood.de\\\/index.php\\\/e-gitarren\\\/\",\"name\":\"E-Gitarren - Strings And Wood - Gitarrenbau aus Hamm\",\"isPartOf\":{\"@id\":\"https:\\\/\\\/stringsandwood.de\\\/#website\"},\"primaryImageOfPage\":{\"@id\":\"https:\\\/\\\/stringsandwood.de\\\/index.php\\\/e-gitarren\\\/#primaryimage\"},\"image\":{\"@id\":\"https:\\\/\\\/stringsandwood.de\\\/index.php\\\/e-gitarren\\\/#primaryimage\"},\"thumbnailUrl\":\"https:\\\/\\\/stringsandwood.de\\\/wp-content\\\/uploads\\\/2020\\\/07\\\/VT-HB-P90_659x600.jpg\",\"datePublished\":\"2015-08-12T09:22:06+00:00\",\"dateModified\":\"2020-07-01T13:13:51+00:00\",\"breadcrumb\":{\"@id\":\"https:\\\/\\\/stringsandwood.de\\\/index.php\\\/e-gitarren\\\/#breadcrumb\"},\"inLanguage\":\"de\",\"potentialAction\":[{\"@type\":\"ReadAction\",\"target\":[\"https:\\\/\\\/stringsandwood.de\\\/index.php\\\/e-gitarren\\\/\"]}]},{\"@type\":\"ImageObject\",\"inLanguage\":\"de\",\"@id\":\"https:\\\/\\\/stringsandwood.de\\\/index.php\\\/e-gitarren\\\/#primaryimage\",\"url\":\"https:\\\/\\\/stringsandwood.de\\\/wp-content\\\/uploads\\\/2020\\\/07\\\/VT-HB-P90_659x600.jpg\",\"contentUrl\":\"https:\\\/\\\/stringsandwood.de\\\/wp-content\\\/uploads\\\/2020\\\/07\\\/VT-HB-P90_659x600.jpg\",\"width\":359,\"height\":600,\"caption\":\"VT-HB-P90\"},{\"@type\":\"BreadcrumbList\",\"@id\":\"https:\\\/\\\/stringsandwood.de\\\/index.php\\\/e-gitarren\\\/#breadcrumb\",\"itemListElement\":[{\"@type\":\"ListItem\",\"position\":1,\"name\":\"Home\",\"item\":\"https:\\\/\\\/stringsandwood.de\\\/\"},{\"@type\":\"ListItem\",\"position\":2,\"name\":\"E-Gitarren\"}]},{\"@type\":\"WebSite\",\"@id\":\"https:\\\/\\\/stringsandwood.de\\\/#website\",\"url\":\"https:\\\/\\\/stringsandwood.de\\\/\",\"name\":\"Strings And Wood - Gitarrenbau aus Hamm\",\"description\":\"Gitarren in Handarbeit - Custom Guitars\",\"publisher\":{\"@id\":\"https:\\\/\\\/stringsandwood.de\\\/#organization\"},\"potentialAction\":[{\"@type\":\"SearchAction\",\"target\":{\"@type\":\"EntryPoint\",\"urlTemplate\":\"https:\\\/\\\/stringsandwood.de\\\/?s={search_term_string}\"},\"query-input\":{\"@type\":\"PropertyValueSpecification\",\"valueRequired\":true,\"valueName\":\"search_term_string\"}}],\"inLanguage\":\"de\"},{\"@type\":\"Organization\",\"@id\":\"https:\\\/\\\/stringsandwood.de\\\/#organization\",\"name\":\"Frank Zillmann Custom Guitars - Strings And Wood\",\"url\":\"https:\\\/\\\/stringsandwood.de\\\/\",\"logo\":{\"@type\":\"ImageObject\",\"inLanguage\":\"de\",\"@id\":\"https:\\\/\\\/stringsandwood.de\\\/#\\\/schema\\\/logo\\\/image\\\/\",\"url\":\"https:\\\/\\\/stringsandwood.de\\\/wp-content\\\/uploads\\\/2015\\\/08\\\/Strings-And-Wood.png\",\"contentUrl\":\"https:\\\/\\\/stringsandwood.de\\\/wp-content\\\/uploads\\\/2015\\\/08\\\/Strings-And-Wood.png\",\"width\":300,\"height\":31,\"caption\":\"Frank Zillmann Custom Guitars - Strings And Wood\"},\"image\":{\"@id\":\"https:\\\/\\\/stringsandwood.de\\\/#\\\/schema\\\/logo\\\/image\\\/\"},\"sameAs\":[\"https:\\\/\\\/www.facebook.com\\\/F.Zillmann\",\"https:\\\/\\\/www.instagram.com\\\/fzillmann\\\/\"]}]}<\/script>\n<!-- \/ Yoast SEO plugin. -->","yoast_head_json":{"title":"E-Gitarren - Strings And Wood - Gitarrenbau aus Hamm","robots":{"index":"index","follow":"follow","max-snippet":"max-snippet:-1","max-image-preview":"max-image-preview:large","max-video-preview":"max-video-preview:-1"},"canonical":"https:\/\/stringsandwood.de\/index.php\/e-gitarren\/","og_locale":"de_DE","og_type":"article","og_title":"E-Gitarren - Strings And Wood - Gitarrenbau aus Hamm","og_description":"Individuell oder vintage correct E-Gitarren E-Gitarren in Handarbeit &#8211; hier entstehen individuelle Custom-Guitars, die perfekt auf die Bed\u00fcrfnisse des K\u00fcnstlers angepasst sind. Die W\u00fcnsche des Gitarristen zu erkennen und diese [&hellip;]","og_url":"https:\/\/stringsandwood.de\/index.php\/e-gitarren\/","og_site_name":"Strings And Wood - Gitarrenbau aus Hamm","article_publisher":"https:\/\/www.facebook.com\/F.Zillmann","article_modified_time":"2020-07-01T13:13:51+00:00","og_image":[{"url":"https:\/\/stringsandwood.de\/wp-content\/uploads\/2020\/07\/VT-HB-P90_659x600.jpg","type":"","width":"","height":""}],"twitter_card":"summary_large_image","twitter_misc":{"Gesch\u00e4tzte Lesezeit":"4\u00a0Minuten"},"schema":{"@context":"https:\/\/schema.org","@graph":[{"@type":"WebPage","@id":"https:\/\/stringsandwood.de\/index.php\/e-gitarren\/","url":"https:\/\/stringsandwood.de\/index.php\/e-gitarren\/","name":"E-Gitarren - Strings And Wood - Gitarrenbau aus Hamm","isPartOf":{"@id":"https:\/\/stringsandwood.de\/#website"},"primaryImageOfPage":{"@id":"https:\/\/stringsandwood.de\/index.php\/e-gitarren\/#primaryimage"},"image":{"@id":"https:\/\/stringsandwood.de\/index.php\/e-gitarren\/#primaryimage"},"thumbnailUrl":"https:\/\/stringsandwood.de\/wp-content\/uploads\/2020\/07\/VT-HB-P90_659x600.jpg","datePublished":"2015-08-12T09:22:06+00:00","dateModified":"2020-07-01T13:13:51+00:00","breadcrumb":{"@id":"https:\/\/stringsandwood.de\/index.php\/e-gitarren\/#breadcrumb"},"inLanguage":"de","potentialAction":[{"@type":"ReadAction","target":["https:\/\/stringsandwood.de\/index.php\/e-gitarren\/"]}]},{"@type":"ImageObject","inLanguage":"de","@id":"https:\/\/stringsandwood.de\/index.php\/e-gitarren\/#primaryimage","url":"https:\/\/stringsandwood.de\/wp-content\/uploads\/2020\/07\/VT-HB-P90_659x600.jpg","contentUrl":"https:\/\/stringsandwood.de\/wp-content\/uploads\/2020\/07\/VT-HB-P90_659x600.jpg","width":359,"height":600,"caption":"VT-HB-P90"},{"@type":"BreadcrumbList","@id":"https:\/\/stringsandwood.de\/index.php\/e-gitarren\/#breadcrumb","itemListElement":[{"@type":"ListItem","position":1,"name":"Home","item":"https:\/\/stringsandwood.de\/"},{"@type":"ListItem","position":2,"name":"E-Gitarren"}]},{"@type":"WebSite","@id":"https:\/\/stringsandwood.de\/#website","url":"https:\/\/stringsandwood.de\/","name":"Strings And Wood - Gitarrenbau aus Hamm","description":"Gitarren in Handarbeit - Custom Guitars","publisher":{"@id":"https:\/\/stringsandwood.de\/#organization"},"potentialAction":[{"@type":"SearchAction","target":{"@type":"EntryPoint","urlTemplate":"https:\/\/stringsandwood.de\/?s={search_term_string}"},"query-input":{"@type":"PropertyValueSpecification","valueRequired":true,"valueName":"search_term_string"}}],"inLanguage":"de"},{"@type":"Organization","@id":"https:\/\/stringsandwood.de\/#organization","name":"Frank Zillmann Custom Guitars - Strings And Wood","url":"https:\/\/stringsandwood.de\/","logo":{"@type":"ImageObject","inLanguage":"de","@id":"https:\/\/stringsandwood.de\/#\/schema\/logo\/image\/","url":"https:\/\/stringsandwood.de\/wp-content\/uploads\/2015\/08\/Strings-And-Wood.png","contentUrl":"https:\/\/stringsandwood.de\/wp-content\/uploads\/2015\/08\/Strings-And-Wood.png","width":300,"height":31,"caption":"Frank Zillmann Custom Guitars - Strings And Wood"},"image":{"@id":"https:\/\/stringsandwood.de\/#\/schema\/logo\/image\/"},"sameAs":["https:\/\/www.facebook.com\/F.Zillmann","https:\/\/www.instagram.com\/fzillmann\/"]}]}},"_links":{"self":[{"href":"https:\/\/stringsandwood.de\/index.php\/wp-json\/wp\/v2\/pages\/202","targetHints":{"allow":["GET"]}}],"collection":[{"href":"https:\/\/stringsandwood.de\/index.php\/wp-json\/wp\/v2\/pages"}],"about":[{"href":"https:\/\/stringsandwood.de\/index.php\/wp-json\/wp\/v2\/types\/page"}],"author":[{"embeddable":true,"href":"https:\/\/stringsandwood.de\/index.php\/wp-json\/wp\/v2\/users\/3"}],"replies":[{"embeddable":true,"href":"https:\/\/stringsandwood.de\/index.php\/wp-json\/wp\/v2\/comments?post=202"}],"version-history":[{"count":52,"href":"https:\/\/stringsandwood.de\/index.php\/wp-json\/wp\/v2\/pages\/202\/revisions"}],"predecessor-version":[{"id":1238,"href":"https:\/\/stringsandwood.de\/index.php\/wp-json\/wp\/v2\/pages\/202\/revisions\/1238"}],"wp:attachment":[{"href":"https:\/\/stringsandwood.de\/index.php\/wp-json\/wp\/v2\/media?parent=202"}],"curies":[{"name":"wp","href":"https:\/\/api.w.org\/{rel}","templated":true}]}}