{"id":205,"date":"2015-08-12T11:23:12","date_gmt":"2015-08-12T09:23:12","guid":{"rendered":"https:\/\/stringsandwood.de\/?page_id=205"},"modified":"2018-11-03T16:26:39","modified_gmt":"2018-11-03T15:26:39","slug":"st-62-tribute","status":"publish","type":"page","link":"https:\/\/stringsandwood.de\/index.php\/e-gitarren\/st-62-tribute\/","title":{"rendered":"ST-62-TRIBUTE"},"content":{"rendered":"<h4 style=\"color: #990000;\">Strat at its best<\/h4>\n<h1>ST-62-TRIBUTE<\/h1>\n<p>Dieses ST-Modell wurde nach original Pl\u00e4nen von 1962 in Handarbeit gerfertigt. Der Body ist aus einem einteiligen Blank aus amreikanischer Roterle gefertigt. Der Ahornhals erhielt ebenfalls ein Ahorngriffbrett. Typisch f\u00fcr die fr\u00fchen 60er ST-Modell ist zwar ein Griffbrett aus Palisander, aber aufgrund der besonderen Lackierung habe ich mich f\u00fcr die Ahorn Variante entschieden.<\/p>\n<div id='gallery-1' class='gallery galleryid-205 gallery-columns-4 gallery-size-thumbnail'><dl class='gallery-item'>\n\t\t\t<dt class='gallery-icon portrait'>\n\t\t\t\t<a href='https:\/\/stringsandwood.de\/wp-content\/uploads\/2015\/08\/IMG_7285-e1496737944673.jpg'><img loading=\"lazy\" decoding=\"async\" width=\"300\" height=\"300\" src=\"https:\/\/stringsandwood.de\/wp-content\/uploads\/2015\/08\/IMG_7285-300x300.jpg\" class=\"attachment-thumbnail size-thumbnail\" alt=\"Schlagbrett Perloid 3-lagig mit Fender 54 Custom Shop PickUps\" aria-describedby=\"gallery-1-331\" \/><\/a>\n\t\t\t<\/dt>\n\t\t\t\t<dd class='wp-caption-text gallery-caption' id='gallery-1-331'>\n\t\t\t\tSchlagbrett Perloid 3-lagig mit Fender 54 Custom Shop PickUps\n\t\t\t\t<\/dd><\/dl><dl class='gallery-item'>\n\t\t\t<dt class='gallery-icon portrait'>\n\t\t\t\t<a href='https:\/\/stringsandwood.de\/wp-content\/uploads\/2015\/08\/IMG_72911-e1496737973429.jpg'><img loading=\"lazy\" decoding=\"async\" width=\"300\" height=\"300\" src=\"https:\/\/stringsandwood.de\/wp-content\/uploads\/2015\/08\/IMG_72911-300x300.jpg\" class=\"attachment-thumbnail size-thumbnail\" alt=\"ST-62-TRIBUTE\" aria-describedby=\"gallery-1-330\" \/><\/a>\n\t\t\t<\/dt>\n\t\t\t\t<dd class='wp-caption-text gallery-caption' id='gallery-1-330'>\n\t\t\t\tST-62-TRIBUTE\n\t\t\t\t<\/dd><\/dl><dl class='gallery-item'>\n\t\t\t<dt class='gallery-icon portrait'>\n\t\t\t\t<a href='https:\/\/stringsandwood.de\/wp-content\/uploads\/2015\/08\/IMG_7283-e1496737990681.jpg'><img loading=\"lazy\" decoding=\"async\" width=\"300\" height=\"300\" src=\"https:\/\/stringsandwood.de\/wp-content\/uploads\/2015\/08\/IMG_7283-300x300.jpg\" class=\"attachment-thumbnail size-thumbnail\" alt=\"Kopfplatte im klassischen Stil der fr\u00fchen 60er\" aria-describedby=\"gallery-1-329\" \/><\/a>\n\t\t\t<\/dt>\n\t\t\t\t<dd class='wp-caption-text gallery-caption' id='gallery-1-329'>\n\t\t\t\tKopfplatte im klassischen Stil der fr\u00fchen 60er\n\t\t\t\t<\/dd><\/dl><dl class='gallery-item'>\n\t\t\t<dt class='gallery-icon portrait'>\n\t\t\t\t<a href='https:\/\/stringsandwood.de\/wp-content\/uploads\/2015\/08\/20150523_104002-e1496738010643.jpg'><img loading=\"lazy\" decoding=\"async\" width=\"300\" height=\"300\" src=\"https:\/\/stringsandwood.de\/wp-content\/uploads\/2015\/08\/20150523_104002-e1439476616554-300x300.jpg\" class=\"attachment-thumbnail size-thumbnail\" alt=\"Das Ausgangsmaterial \u2013 Einteiliger Blank Roterle\" aria-describedby=\"gallery-1-284\" \/><\/a>\n\t\t\t<\/dt>\n\t\t\t\t<dd class='wp-caption-text gallery-caption' id='gallery-1-284'>\n\t\t\t\tDas Ausgangsmaterial \u2013 Einteiliger Blank Roterle\n\t\t\t\t<\/dd><\/dl><br style=\"clear: both\" \/>\n\t\t<\/div>\n\n<p>&nbsp;<\/p>\n<hr \/>\n<p>Technische Daten:<\/p>\n<ul>\n<li>Body: US Rot Erle (red alder)<\/li>\n<li>Hals und Griffbrett: Ahorn<\/li>\n<li>Mensur: 25,5&#8243; (64,77 cm)<\/li>\n<li>B\u00fcnde: 22<\/li>\n<li>Pickup: S-S-S, 3x Singlecoil<\/li>\n<li>Pickup Neck: Fender 54 Custom Shop<\/li>\n<li>Pickup Middle: Fender 54 Custom Shop<\/li>\n<li>Pickup Bridge: Fender 54 Custom Shop<\/li>\n<li>Schalter: Original CRL US 5-Wege Schalter<\/li>\n<li>Volumeregler: Original Fender 250K Split shaft poti<\/li>\n<li>Tonregler: 2 x Original Fender 250K Split shaft poti<\/li>\n<li>Bridge\/Tremolo: Wilkinson WVC SB CR &#8211; licenced by Fender mit Stahlblock<\/li>\n<li>Sattel: Rindsknochen<\/li>\n<li>Mechaniken: Chorm, 16:1<\/li>\n<li>Saiten: Ernie Ball 010-046 Regular Slinky<\/li>\n<\/ul>\n<p><iframe loading=\"lazy\" width=\"1000\" height=\"563\" data-cookieconsent=\"pr\u00e4ferenzen, statistik, Marketing\" data-src=\"https:\/\/www.youtube.com\/embed\/FZA01k5mFLk?feature=oembed\" frameborder=\"0\" allow=\"accelerometer; autoplay; encrypted-media; gyroscope; picture-in-picture\" allowfullscreen><\/iframe><div class=\"cookieconsent-optout-preferences cookieconsent-optout-statistics cookieconsent-optout-marketing\"><\/div><\/p>\n<p>Preis: 3.150,00 EUR (<a href=\"mailto:info@stringsandwood.de?subject=Anfrage%20ST-62-TRIBUTE&amp;body=Hallo%20Frank,%0D%0A%0D%0Agerne%20m\u00f6chte%20ich%20das%20Modell%20ST-62-TRIBUTE%20unverbindlich%20anfragen.%0D%0A%0D%0AName:%0D%0A%0D%0ATelefon:%0D%0A%0D%0AE-Mail:%0D%0A%0D%0AMitteilung:\">jetzt unverbindlich anfragen<\/a>)<\/p>\n","protected":false},"excerpt":{"rendered":"<p>Strat at its best ST-62-TRIBUTE Dieses ST-Modell wurde nach original Pl\u00e4nen von 1962 in Handarbeit gerfertigt. Der Body ist aus einem einteiligen Blank aus amreikanischer Roterle gefertigt. Der Ahornhals erhielt [&hellip;]<\/p>\n","protected":false},"author":3,"featured_media":0,"parent":202,"menu_order":32,"comment_status":"closed","ping_status":"closed","template":"page_ST-62_TRIBUTE.php","meta":{"footnotes":""},"class_list":["post-205","page","type-page","status-publish","hentry"],"yoast_head":"<!-- This site is optimized with the Yoast SEO plugin v27.5 - https:\/\/yoast.com\/product\/yoast-seo-wordpress\/ -->\n<title>ST-62-TRIBUTE - Strings And Wood - Gitarrenbau aus Hamm<\/title>\n<meta name=\"robots\" content=\"index, follow, max-snippet:-1, max-image-preview:large, max-video-preview:-1\" \/>\n<link rel=\"canonical\" href=\"https:\/\/stringsandwood.de\/index.php\/e-gitarren\/st-62-tribute\/\" \/>\n<meta property=\"og:locale\" content=\"de_DE\" \/>\n<meta property=\"og:type\" content=\"article\" \/>\n<meta property=\"og:title\" content=\"ST-62-TRIBUTE - Strings And Wood - Gitarrenbau aus Hamm\" \/>\n<meta property=\"og:description\" content=\"Strat at its best ST-62-TRIBUTE Dieses ST-Modell wurde nach original Pl\u00e4nen von 1962 in Handarbeit gerfertigt. Der Body ist aus einem einteiligen Blank aus amreikanischer Roterle gefertigt. Der Ahornhals erhielt [&hellip;]\" \/>\n<meta property=\"og:url\" content=\"https:\/\/stringsandwood.de\/index.php\/e-gitarren\/st-62-tribute\/\" \/>\n<meta property=\"og:site_name\" content=\"Strings And Wood - Gitarrenbau aus Hamm\" \/>\n<meta property=\"article:publisher\" content=\"https:\/\/www.facebook.com\/F.Zillmann\" \/>\n<meta property=\"article:modified_time\" content=\"2018-11-03T15:26:39+00:00\" \/>\n<meta property=\"og:image\" content=\"https:\/\/stringsandwood.de\/wp-content\/uploads\/2015\/08\/IMG_7285-300x300.jpg\" \/>\n<meta name=\"twitter:card\" content=\"summary_large_image\" \/>\n<meta name=\"twitter:label1\" content=\"Gesch\u00e4tzte Lesezeit\" \/>\n\t<meta name=\"twitter:data1\" content=\"1\u00a0Minute\" \/>\n<script type=\"application\/ld+json\" class=\"yoast-schema-graph\">{\"@context\":\"https:\\\/\\\/schema.org\",\"@graph\":[{\"@type\":\"WebPage\",\"@id\":\"https:\\\/\\\/stringsandwood.de\\\/index.php\\\/e-gitarren\\\/st-62-tribute\\\/\",\"url\":\"https:\\\/\\\/stringsandwood.de\\\/index.php\\\/e-gitarren\\\/st-62-tribute\\\/\",\"name\":\"ST-62-TRIBUTE - Strings And Wood - Gitarrenbau aus Hamm\",\"isPartOf\":{\"@id\":\"https:\\\/\\\/stringsandwood.de\\\/#website\"},\"datePublished\":\"2015-08-12T09:23:12+00:00\",\"dateModified\":\"2018-11-03T15:26:39+00:00\",\"breadcrumb\":{\"@id\":\"https:\\\/\\\/stringsandwood.de\\\/index.php\\\/e-gitarren\\\/st-62-tribute\\\/#breadcrumb\"},\"inLanguage\":\"de\",\"potentialAction\":[{\"@type\":\"ReadAction\",\"target\":[\"https:\\\/\\\/stringsandwood.de\\\/index.php\\\/e-gitarren\\\/st-62-tribute\\\/\"]}]},{\"@type\":\"BreadcrumbList\",\"@id\":\"https:\\\/\\\/stringsandwood.de\\\/index.php\\\/e-gitarren\\\/st-62-tribute\\\/#breadcrumb\",\"itemListElement\":[{\"@type\":\"ListItem\",\"position\":1,\"name\":\"Home\",\"item\":\"https:\\\/\\\/stringsandwood.de\\\/\"},{\"@type\":\"ListItem\",\"position\":2,\"name\":\"E-Gitarren\",\"item\":\"https:\\\/\\\/stringsandwood.de\\\/index.php\\\/e-gitarren\\\/\"},{\"@type\":\"ListItem\",\"position\":3,\"name\":\"ST-62-TRIBUTE\"}]},{\"@type\":\"WebSite\",\"@id\":\"https:\\\/\\\/stringsandwood.de\\\/#website\",\"url\":\"https:\\\/\\\/stringsandwood.de\\\/\",\"name\":\"Strings And Wood - Gitarrenbau aus Hamm\",\"description\":\"Gitarren in Handarbeit - Custom Guitars\",\"publisher\":{\"@id\":\"https:\\\/\\\/stringsandwood.de\\\/#organization\"},\"potentialAction\":[{\"@type\":\"SearchAction\",\"target\":{\"@type\":\"EntryPoint\",\"urlTemplate\":\"https:\\\/\\\/stringsandwood.de\\\/?s={search_term_string}\"},\"query-input\":{\"@type\":\"PropertyValueSpecification\",\"valueRequired\":true,\"valueName\":\"search_term_string\"}}],\"inLanguage\":\"de\"},{\"@type\":\"Organization\",\"@id\":\"https:\\\/\\\/stringsandwood.de\\\/#organization\",\"name\":\"Frank Zillmann Custom Guitars - Strings And Wood\",\"url\":\"https:\\\/\\\/stringsandwood.de\\\/\",\"logo\":{\"@type\":\"ImageObject\",\"inLanguage\":\"de\",\"@id\":\"https:\\\/\\\/stringsandwood.de\\\/#\\\/schema\\\/logo\\\/image\\\/\",\"url\":\"https:\\\/\\\/stringsandwood.de\\\/wp-content\\\/uploads\\\/2015\\\/08\\\/Strings-And-Wood.png\",\"contentUrl\":\"https:\\\/\\\/stringsandwood.de\\\/wp-content\\\/uploads\\\/2015\\\/08\\\/Strings-And-Wood.png\",\"width\":300,\"height\":31,\"caption\":\"Frank Zillmann Custom Guitars - Strings And Wood\"},\"image\":{\"@id\":\"https:\\\/\\\/stringsandwood.de\\\/#\\\/schema\\\/logo\\\/image\\\/\"},\"sameAs\":[\"https:\\\/\\\/www.facebook.com\\\/F.Zillmann\",\"https:\\\/\\\/www.instagram.com\\\/fzillmann\\\/\"]}]}<\/script>\n<!-- \/ Yoast SEO plugin. -->","yoast_head_json":{"title":"ST-62-TRIBUTE - Strings And Wood - Gitarrenbau aus Hamm","robots":{"index":"index","follow":"follow","max-snippet":"max-snippet:-1","max-image-preview":"max-image-preview:large","max-video-preview":"max-video-preview:-1"},"canonical":"https:\/\/stringsandwood.de\/index.php\/e-gitarren\/st-62-tribute\/","og_locale":"de_DE","og_type":"article","og_title":"ST-62-TRIBUTE - Strings And Wood - Gitarrenbau aus Hamm","og_description":"Strat at its best ST-62-TRIBUTE Dieses ST-Modell wurde nach original Pl\u00e4nen von 1962 in Handarbeit gerfertigt. Der Body ist aus einem einteiligen Blank aus amreikanischer Roterle gefertigt. Der Ahornhals erhielt [&hellip;]","og_url":"https:\/\/stringsandwood.de\/index.php\/e-gitarren\/st-62-tribute\/","og_site_name":"Strings And Wood - Gitarrenbau aus Hamm","article_publisher":"https:\/\/www.facebook.com\/F.Zillmann","article_modified_time":"2018-11-03T15:26:39+00:00","og_image":[{"url":"https:\/\/stringsandwood.de\/wp-content\/uploads\/2015\/08\/IMG_7285-300x300.jpg","type":"","width":"","height":""}],"twitter_card":"summary_large_image","twitter_misc":{"Gesch\u00e4tzte Lesezeit":"1\u00a0Minute"},"schema":{"@context":"https:\/\/schema.org","@graph":[{"@type":"WebPage","@id":"https:\/\/stringsandwood.de\/index.php\/e-gitarren\/st-62-tribute\/","url":"https:\/\/stringsandwood.de\/index.php\/e-gitarren\/st-62-tribute\/","name":"ST-62-TRIBUTE - Strings And Wood - Gitarrenbau aus Hamm","isPartOf":{"@id":"https:\/\/stringsandwood.de\/#website"},"datePublished":"2015-08-12T09:23:12+00:00","dateModified":"2018-11-03T15:26:39+00:00","breadcrumb":{"@id":"https:\/\/stringsandwood.de\/index.php\/e-gitarren\/st-62-tribute\/#breadcrumb"},"inLanguage":"de","potentialAction":[{"@type":"ReadAction","target":["https:\/\/stringsandwood.de\/index.php\/e-gitarren\/st-62-tribute\/"]}]},{"@type":"BreadcrumbList","@id":"https:\/\/stringsandwood.de\/index.php\/e-gitarren\/st-62-tribute\/#breadcrumb","itemListElement":[{"@type":"ListItem","position":1,"name":"Home","item":"https:\/\/stringsandwood.de\/"},{"@type":"ListItem","position":2,"name":"E-Gitarren","item":"https:\/\/stringsandwood.de\/index.php\/e-gitarren\/"},{"@type":"ListItem","position":3,"name":"ST-62-TRIBUTE"}]},{"@type":"WebSite","@id":"https:\/\/stringsandwood.de\/#website","url":"https:\/\/stringsandwood.de\/","name":"Strings And Wood - Gitarrenbau aus Hamm","description":"Gitarren in Handarbeit - Custom Guitars","publisher":{"@id":"https:\/\/stringsandwood.de\/#organization"},"potentialAction":[{"@type":"SearchAction","target":{"@type":"EntryPoint","urlTemplate":"https:\/\/stringsandwood.de\/?s={search_term_string}"},"query-input":{"@type":"PropertyValueSpecification","valueRequired":true,"valueName":"search_term_string"}}],"inLanguage":"de"},{"@type":"Organization","@id":"https:\/\/stringsandwood.de\/#organization","name":"Frank Zillmann Custom Guitars - Strings And Wood","url":"https:\/\/stringsandwood.de\/","logo":{"@type":"ImageObject","inLanguage":"de","@id":"https:\/\/stringsandwood.de\/#\/schema\/logo\/image\/","url":"https:\/\/stringsandwood.de\/wp-content\/uploads\/2015\/08\/Strings-And-Wood.png","contentUrl":"https:\/\/stringsandwood.de\/wp-content\/uploads\/2015\/08\/Strings-And-Wood.png","width":300,"height":31,"caption":"Frank Zillmann Custom Guitars - Strings And Wood"},"image":{"@id":"https:\/\/stringsandwood.de\/#\/schema\/logo\/image\/"},"sameAs":["https:\/\/www.facebook.com\/F.Zillmann","https:\/\/www.instagram.com\/fzillmann\/"]}]}},"_links":{"self":[{"href":"https:\/\/stringsandwood.de\/index.php\/wp-json\/wp\/v2\/pages\/205","targetHints":{"allow":["GET"]}}],"collection":[{"href":"https:\/\/stringsandwood.de\/index.php\/wp-json\/wp\/v2\/pages"}],"about":[{"href":"https:\/\/stringsandwood.de\/index.php\/wp-json\/wp\/v2\/types\/page"}],"author":[{"embeddable":true,"href":"https:\/\/stringsandwood.de\/index.php\/wp-json\/wp\/v2\/users\/3"}],"replies":[{"embeddable":true,"href":"https:\/\/stringsandwood.de\/index.php\/wp-json\/wp\/v2\/comments?post=205"}],"version-history":[{"count":42,"href":"https:\/\/stringsandwood.de\/index.php\/wp-json\/wp\/v2\/pages\/205\/revisions"}],"predecessor-version":[{"id":1120,"href":"https:\/\/stringsandwood.de\/index.php\/wp-json\/wp\/v2\/pages\/205\/revisions\/1120"}],"up":[{"embeddable":true,"href":"https:\/\/stringsandwood.de\/index.php\/wp-json\/wp\/v2\/pages\/202"}],"wp:attachment":[{"href":"https:\/\/stringsandwood.de\/index.php\/wp-json\/wp\/v2\/media?parent=205"}],"curies":[{"name":"wp","href":"https:\/\/api.w.org\/{rel}","templated":true}]}}