{"id":363,"date":"2015-09-30T14:07:32","date_gmt":"2015-09-30T12:07:32","guid":{"rendered":"https:\/\/stringsandwood.de\/?page_id=363"},"modified":"2018-08-13T10:09:20","modified_gmt":"2018-08-13T08:09:20","slug":"informationen-zum-gitarrenbau","status":"publish","type":"page","link":"https:\/\/stringsandwood.de\/index.php\/informationen-zum-gitarrenbau\/","title":{"rendered":"Infos zum Gitarrenbau"},"content":{"rendered":"<p>Zu den hier ver\u00f6ffentlichen Infomationen zum Gitarrenbau z\u00e4hlen Infos zu Materialien, Pflege und wie eine Gitarre eingestellt werden sollte. Viel Spa\u00df beim St\u00f6bern.<\/p>\n<h2>Informationen zum Gitarrenbau: Qualit\u00e4tsabstufungen von Tonholz<\/h2>\n<p><strong>1. Master:<\/strong> Der Jahrringaufbau ist gerade, fein und sehr regelm\u00e4\u00dfig, das Holz hat eine einheitliche Farbe<img loading=\"lazy\" decoding=\"async\" class=\"alignright wp-image-368\" src=\"https:\/\/stringsandwood.de\/wp-content\/uploads\/2015\/09\/Sitkafichte-AAA.jpg\" alt=\"Informationen zum Gitarrenbau - Tonholz Sitkafichte Qualit\u00e4tsstufe AAA\" width=\"117\" height=\"146\" \/><br \/>\n<strong>2. AAA:<\/strong> Der Jahrringaufbau ist gerade und fein, aber nicht ganz so regelm\u00e4\u00dfig wie Master, das Holz hat eine einheitliche Farbe<br \/>\n<strong>3. AA\/AAA:<\/strong> Der Jahrringaufbau ist fein und aber zum Rand hin etwas breiter, es sind leichte Farbver\u00e4nderungen m\u00f6glich<br \/>\n<strong>4. AA:<\/strong> Der Jahrringaufbau ist fein bis mittel, Farbver\u00e4nderungen und leichte Wellen in der Maser sind m\u00f6glich<br \/>\n<strong>5. A:<\/strong> Der Jahrringaufbau ist mittel, Farbver\u00e4nderungen und leichte Wellen in der Maser sind m\u00f6glich<br \/>\n<strong>6. B<\/strong>: Diese Kategorie ist f\u00fcr Versuchsmodelle geeignet, wird aber in der Industrie f\u00fcr g\u00fcnstige Massenware verwendet<\/p>\n<p>Das Foto zeigt eine Decke aus Sitkafichte in der Qualit\u00e4tstufe AAA.<br \/>\nWeitere Informationen zu den einzelnen Tonh\u00f6lzern findet ihr auf der Seite &#8222;<a href=\"https:\/\/stringsandwood.de\/index.php\/informationen-zum-gitarrenbau\/tonholz\/\">Tonholz<\/a>&#8222;.<\/p>\n<h2>Informationen zum Gitarrenbau: Halsstab &#8211; Truss Rod richtig einstellen<\/h2>\n<p>Der Halsstab soll den Hals in die richtige Lage bringen, d.h. man kann mit seiner Hilfe den Hals und nat\u00fcrlich damit auch das Griffbrett konkav oder konvex &#8222;biegen&#8220;. Oft verwechseln Gitarristen das Einstellen des Truss Rods mit dem Einstellen der Saitenlage, also dem Abstand der Saiten zu den Bundst\u00e4bchen. Das wird \u00fcber Steg und Sattel gemacht. Der Halsstab ist daf\u00fcr da, damit der Hals fast gerade ist oder nur eine ganz leichte konkave W\u00f6lbung nach innen beschreibt. Ob der Hals gut eingstellt ist, pr\u00fcft iht wie folgt:<\/p>\n<ol>\n<li>Saitenspannung: Sind die richtigen Saiten drauf? Wenn ihr immer 0.9er Saiten spielt, dann keine 0.11er zum Einstellen aufziehen. Gitarre in der gew\u00fcnschten Tonh\u00f6he stimmen (Standartstimmung, Halbton tiefer, etc.)<\/li>\n<li>Einstellung des Sattels, bzw. der Saitenreiter pr\u00fcfen. Die Saiten m\u00fcssen die gleiche W\u00f6lbung (korrekter Begriff ist hier Radius) beschreiben wie das Griffbrett.<\/li>\n<li>Jetzt kann die Einstellung des Halsstabes \u00fcberpr\u00fcft, bzw. korrigiert werden. Dazu m\u00fcssen die tiefe E-Saite im 1. und letzten Bund gedr\u00fcckt werden. Nehmt am besten ein Capo zur Hilfe, dann habt ihr noch eine Hand frei. In der Mitte des Griffbretts sollte nun ein minimaler Abstand von 0,2 bis 0,5 mm sein. Auf keinen Fall d\u00fcrfen die Saiten die Bundst\u00e4bchen ber\u00fchren. Pr\u00fcfen k\u00f6nnet ihr entweder mit einer F\u00fchlerblattlehre oder mit einem Blatt Papier aus eurem Drucker. Das 80g-Papier ist ca. 0,1 mm dick. Ein genaues Einstellen ist damit nicht m\u00f6glich, aber ihr wisst wie der grunds\u00e4tzliche Trend ist.<\/li>\n<\/ol>\n<p><strong>ACHTUNG!<\/strong> Wenn ihr den Truss Rod einstellt, auf keinen Fall Werkzeug, bzw. Imbusschl\u00fcssel benutzen die einigerma\u00dfen passen. Es muss genau das perfekt passende Schl\u00fcsselchen sein, sonst ruiniert ihr den Halsstab.<\/p>\n<p>Jetzt k\u00f6nnt ihr noch die Saitenlage einstellen indem ihr die Reiter an der Br\u00fccke rauf oder runter schraubt, auch hier wieder den Griffbrettradius beachten. Folgenden Ma\u00dfe k\u00f6nnen als Richtwert genommen werden,<strong> gemessen wird immer am 12. Bund<\/strong>:<\/p>\n<p><strong>Hohe Saitenlage: <\/strong>Tiefe E-Saite 2,5 mm, hohe E-Saite 3,0 mm<br \/>\n<strong>Normale Saitenlage: <\/strong>Tiefe E-Saite 1,8 mm, hohe E-Saite 2,0 mm<br \/>\n<strong>Flache Saitenlage: <\/strong>Tiefe E-Saite 1,0 mm, hohe E-Saite 1,5 mm<\/p>\n<p><strong>ACHTUNG!<\/strong> Nach Arbeiten am Halsstab, den Reiterchen, Br\u00fccke, Steg und Sattel, ist immer die Oktavreinheit neu einzustellen, sonst l\u00e4sst sich eure Gitarre zwar super bespielen, aber besonders gut klingen wird sie dann nicht mehr.<\/p>\n<h3>Links zu Informationen zum Gitarrenbau:<\/h3>\n<p><a href=\"https:\/\/de.wikipedia.org\/wiki\/Gitarre\" target=\"_blank\" rel=\"noopener\">Wikipedia<\/a><\/p>\n","protected":false},"excerpt":{"rendered":"<p>Zu den hier ver\u00f6ffentlichen Infomationen zum Gitarrenbau z\u00e4hlen Infos zu Materialien, Pflege und wie eine Gitarre eingestellt werden sollte. Viel Spa\u00df beim St\u00f6bern. Informationen zum Gitarrenbau: Qualit\u00e4tsabstufungen von Tonholz 1. [&hellip;]<\/p>\n","protected":false},"author":3,"featured_media":0,"parent":0,"menu_order":40,"comment_status":"closed","ping_status":"closed","template":"page_Infos-Gitarrenbau.php","meta":{"footnotes":""},"class_list":["post-363","page","type-page","status-publish","hentry"],"yoast_head":"<!-- This site is optimized with the Yoast SEO plugin v27.4 - https:\/\/yoast.com\/product\/yoast-seo-wordpress\/ -->\n<title>Informationen zum Gitarrenbau - Strings And Wood, Custom Guitars<\/title>\n<meta name=\"description\" content=\"Die Seite Informationen zum Gitarrenbau beinhaltet Infos zu Tonholz und dessen Qualit\u00e4tsabstufungen, sowie Beschreibungen zum Einstellen der Gitarre.\" \/>\n<meta name=\"robots\" content=\"index, follow, max-snippet:-1, max-image-preview:large, max-video-preview:-1\" \/>\n<link rel=\"canonical\" href=\"https:\/\/stringsandwood.de\/index.php\/informationen-zum-gitarrenbau\/\" \/>\n<meta property=\"og:locale\" content=\"de_DE\" \/>\n<meta property=\"og:type\" content=\"article\" \/>\n<meta property=\"og:title\" content=\"Informationen zum Gitarrenbau - Strings And Wood, Custom Guitars\" \/>\n<meta property=\"og:description\" content=\"Die Seite Informationen zum Gitarrenbau beinhaltet Infos zu Tonholz und dessen Qualit\u00e4tsabstufungen, sowie Beschreibungen zum Einstellen der Gitarre.\" \/>\n<meta property=\"og:url\" content=\"https:\/\/stringsandwood.de\/index.php\/informationen-zum-gitarrenbau\/\" \/>\n<meta property=\"og:site_name\" content=\"Strings And Wood - Gitarrenbau aus Hamm\" \/>\n<meta property=\"article:publisher\" content=\"https:\/\/www.facebook.com\/F.Zillmann\" \/>\n<meta property=\"article:modified_time\" content=\"2018-08-13T08:09:20+00:00\" \/>\n<meta property=\"og:image\" content=\"https:\/\/stringsandwood.de\/wp-content\/uploads\/2015\/09\/Sitkafichte-AAA.jpg\" \/>\n<meta name=\"twitter:card\" content=\"summary_large_image\" \/>\n<meta name=\"twitter:label1\" content=\"Gesch\u00e4tzte Lesezeit\" \/>\n\t<meta name=\"twitter:data1\" content=\"3\u00a0Minuten\" \/>\n<script type=\"application\/ld+json\" class=\"yoast-schema-graph\">{\"@context\":\"https:\\\/\\\/schema.org\",\"@graph\":[{\"@type\":\"WebPage\",\"@id\":\"https:\\\/\\\/stringsandwood.de\\\/index.php\\\/informationen-zum-gitarrenbau\\\/\",\"url\":\"https:\\\/\\\/stringsandwood.de\\\/index.php\\\/informationen-zum-gitarrenbau\\\/\",\"name\":\"Informationen zum Gitarrenbau - Strings And Wood, Custom Guitars\",\"isPartOf\":{\"@id\":\"https:\\\/\\\/stringsandwood.de\\\/#website\"},\"primaryImageOfPage\":{\"@id\":\"https:\\\/\\\/stringsandwood.de\\\/index.php\\\/informationen-zum-gitarrenbau\\\/#primaryimage\"},\"image\":{\"@id\":\"https:\\\/\\\/stringsandwood.de\\\/index.php\\\/informationen-zum-gitarrenbau\\\/#primaryimage\"},\"thumbnailUrl\":\"https:\\\/\\\/stringsandwood.de\\\/wp-content\\\/uploads\\\/2015\\\/09\\\/Sitkafichte-AAA.jpg\",\"datePublished\":\"2015-09-30T12:07:32+00:00\",\"dateModified\":\"2018-08-13T08:09:20+00:00\",\"description\":\"Die Seite Informationen zum Gitarrenbau beinhaltet Infos zu Tonholz und dessen Qualit\u00e4tsabstufungen, sowie Beschreibungen zum Einstellen der Gitarre.\",\"breadcrumb\":{\"@id\":\"https:\\\/\\\/stringsandwood.de\\\/index.php\\\/informationen-zum-gitarrenbau\\\/#breadcrumb\"},\"inLanguage\":\"de\",\"potentialAction\":[{\"@type\":\"ReadAction\",\"target\":[\"https:\\\/\\\/stringsandwood.de\\\/index.php\\\/informationen-zum-gitarrenbau\\\/\"]}]},{\"@type\":\"ImageObject\",\"inLanguage\":\"de\",\"@id\":\"https:\\\/\\\/stringsandwood.de\\\/index.php\\\/informationen-zum-gitarrenbau\\\/#primaryimage\",\"url\":\"https:\\\/\\\/stringsandwood.de\\\/wp-content\\\/uploads\\\/2015\\\/09\\\/Sitkafichte-AAA.jpg\",\"contentUrl\":\"https:\\\/\\\/stringsandwood.de\\\/wp-content\\\/uploads\\\/2015\\\/09\\\/Sitkafichte-AAA.jpg\",\"width\":350,\"height\":447},{\"@type\":\"BreadcrumbList\",\"@id\":\"https:\\\/\\\/stringsandwood.de\\\/index.php\\\/informationen-zum-gitarrenbau\\\/#breadcrumb\",\"itemListElement\":[{\"@type\":\"ListItem\",\"position\":1,\"name\":\"Home\",\"item\":\"https:\\\/\\\/stringsandwood.de\\\/\"},{\"@type\":\"ListItem\",\"position\":2,\"name\":\"Infos zum Gitarrenbau\"}]},{\"@type\":\"WebSite\",\"@id\":\"https:\\\/\\\/stringsandwood.de\\\/#website\",\"url\":\"https:\\\/\\\/stringsandwood.de\\\/\",\"name\":\"Strings And Wood - Gitarrenbau aus Hamm\",\"description\":\"Gitarren in Handarbeit - Custom Guitars\",\"publisher\":{\"@id\":\"https:\\\/\\\/stringsandwood.de\\\/#organization\"},\"potentialAction\":[{\"@type\":\"SearchAction\",\"target\":{\"@type\":\"EntryPoint\",\"urlTemplate\":\"https:\\\/\\\/stringsandwood.de\\\/?s={search_term_string}\"},\"query-input\":{\"@type\":\"PropertyValueSpecification\",\"valueRequired\":true,\"valueName\":\"search_term_string\"}}],\"inLanguage\":\"de\"},{\"@type\":\"Organization\",\"@id\":\"https:\\\/\\\/stringsandwood.de\\\/#organization\",\"name\":\"Frank Zillmann Custom Guitars - Strings And Wood\",\"url\":\"https:\\\/\\\/stringsandwood.de\\\/\",\"logo\":{\"@type\":\"ImageObject\",\"inLanguage\":\"de\",\"@id\":\"https:\\\/\\\/stringsandwood.de\\\/#\\\/schema\\\/logo\\\/image\\\/\",\"url\":\"https:\\\/\\\/stringsandwood.de\\\/wp-content\\\/uploads\\\/2015\\\/08\\\/Strings-And-Wood.png\",\"contentUrl\":\"https:\\\/\\\/stringsandwood.de\\\/wp-content\\\/uploads\\\/2015\\\/08\\\/Strings-And-Wood.png\",\"width\":300,\"height\":31,\"caption\":\"Frank Zillmann Custom Guitars - Strings And Wood\"},\"image\":{\"@id\":\"https:\\\/\\\/stringsandwood.de\\\/#\\\/schema\\\/logo\\\/image\\\/\"},\"sameAs\":[\"https:\\\/\\\/www.facebook.com\\\/F.Zillmann\",\"https:\\\/\\\/www.instagram.com\\\/fzillmann\\\/\"]}]}<\/script>\n<!-- \/ Yoast SEO plugin. -->","yoast_head_json":{"title":"Informationen zum Gitarrenbau - Strings And Wood, Custom Guitars","description":"Die Seite Informationen zum Gitarrenbau beinhaltet Infos zu Tonholz und dessen Qualit\u00e4tsabstufungen, sowie Beschreibungen zum Einstellen der Gitarre.","robots":{"index":"index","follow":"follow","max-snippet":"max-snippet:-1","max-image-preview":"max-image-preview:large","max-video-preview":"max-video-preview:-1"},"canonical":"https:\/\/stringsandwood.de\/index.php\/informationen-zum-gitarrenbau\/","og_locale":"de_DE","og_type":"article","og_title":"Informationen zum Gitarrenbau - Strings And Wood, Custom Guitars","og_description":"Die Seite Informationen zum Gitarrenbau beinhaltet Infos zu Tonholz und dessen Qualit\u00e4tsabstufungen, sowie Beschreibungen zum Einstellen der Gitarre.","og_url":"https:\/\/stringsandwood.de\/index.php\/informationen-zum-gitarrenbau\/","og_site_name":"Strings And Wood - Gitarrenbau aus Hamm","article_publisher":"https:\/\/www.facebook.com\/F.Zillmann","article_modified_time":"2018-08-13T08:09:20+00:00","og_image":[{"url":"https:\/\/stringsandwood.de\/wp-content\/uploads\/2015\/09\/Sitkafichte-AAA.jpg","type":"","width":"","height":""}],"twitter_card":"summary_large_image","twitter_misc":{"Gesch\u00e4tzte Lesezeit":"3\u00a0Minuten"},"schema":{"@context":"https:\/\/schema.org","@graph":[{"@type":"WebPage","@id":"https:\/\/stringsandwood.de\/index.php\/informationen-zum-gitarrenbau\/","url":"https:\/\/stringsandwood.de\/index.php\/informationen-zum-gitarrenbau\/","name":"Informationen zum Gitarrenbau - Strings And Wood, Custom Guitars","isPartOf":{"@id":"https:\/\/stringsandwood.de\/#website"},"primaryImageOfPage":{"@id":"https:\/\/stringsandwood.de\/index.php\/informationen-zum-gitarrenbau\/#primaryimage"},"image":{"@id":"https:\/\/stringsandwood.de\/index.php\/informationen-zum-gitarrenbau\/#primaryimage"},"thumbnailUrl":"https:\/\/stringsandwood.de\/wp-content\/uploads\/2015\/09\/Sitkafichte-AAA.jpg","datePublished":"2015-09-30T12:07:32+00:00","dateModified":"2018-08-13T08:09:20+00:00","description":"Die Seite Informationen zum Gitarrenbau beinhaltet Infos zu Tonholz und dessen Qualit\u00e4tsabstufungen, sowie Beschreibungen zum Einstellen der Gitarre.","breadcrumb":{"@id":"https:\/\/stringsandwood.de\/index.php\/informationen-zum-gitarrenbau\/#breadcrumb"},"inLanguage":"de","potentialAction":[{"@type":"ReadAction","target":["https:\/\/stringsandwood.de\/index.php\/informationen-zum-gitarrenbau\/"]}]},{"@type":"ImageObject","inLanguage":"de","@id":"https:\/\/stringsandwood.de\/index.php\/informationen-zum-gitarrenbau\/#primaryimage","url":"https:\/\/stringsandwood.de\/wp-content\/uploads\/2015\/09\/Sitkafichte-AAA.jpg","contentUrl":"https:\/\/stringsandwood.de\/wp-content\/uploads\/2015\/09\/Sitkafichte-AAA.jpg","width":350,"height":447},{"@type":"BreadcrumbList","@id":"https:\/\/stringsandwood.de\/index.php\/informationen-zum-gitarrenbau\/#breadcrumb","itemListElement":[{"@type":"ListItem","position":1,"name":"Home","item":"https:\/\/stringsandwood.de\/"},{"@type":"ListItem","position":2,"name":"Infos zum Gitarrenbau"}]},{"@type":"WebSite","@id":"https:\/\/stringsandwood.de\/#website","url":"https:\/\/stringsandwood.de\/","name":"Strings And Wood - Gitarrenbau aus Hamm","description":"Gitarren in Handarbeit - Custom Guitars","publisher":{"@id":"https:\/\/stringsandwood.de\/#organization"},"potentialAction":[{"@type":"SearchAction","target":{"@type":"EntryPoint","urlTemplate":"https:\/\/stringsandwood.de\/?s={search_term_string}"},"query-input":{"@type":"PropertyValueSpecification","valueRequired":true,"valueName":"search_term_string"}}],"inLanguage":"de"},{"@type":"Organization","@id":"https:\/\/stringsandwood.de\/#organization","name":"Frank Zillmann Custom Guitars - Strings And Wood","url":"https:\/\/stringsandwood.de\/","logo":{"@type":"ImageObject","inLanguage":"de","@id":"https:\/\/stringsandwood.de\/#\/schema\/logo\/image\/","url":"https:\/\/stringsandwood.de\/wp-content\/uploads\/2015\/08\/Strings-And-Wood.png","contentUrl":"https:\/\/stringsandwood.de\/wp-content\/uploads\/2015\/08\/Strings-And-Wood.png","width":300,"height":31,"caption":"Frank Zillmann Custom Guitars - Strings And Wood"},"image":{"@id":"https:\/\/stringsandwood.de\/#\/schema\/logo\/image\/"},"sameAs":["https:\/\/www.facebook.com\/F.Zillmann","https:\/\/www.instagram.com\/fzillmann\/"]}]}},"_links":{"self":[{"href":"https:\/\/stringsandwood.de\/index.php\/wp-json\/wp\/v2\/pages\/363","targetHints":{"allow":["GET"]}}],"collection":[{"href":"https:\/\/stringsandwood.de\/index.php\/wp-json\/wp\/v2\/pages"}],"about":[{"href":"https:\/\/stringsandwood.de\/index.php\/wp-json\/wp\/v2\/types\/page"}],"author":[{"embeddable":true,"href":"https:\/\/stringsandwood.de\/index.php\/wp-json\/wp\/v2\/users\/3"}],"replies":[{"embeddable":true,"href":"https:\/\/stringsandwood.de\/index.php\/wp-json\/wp\/v2\/comments?post=363"}],"version-history":[{"count":28,"href":"https:\/\/stringsandwood.de\/index.php\/wp-json\/wp\/v2\/pages\/363\/revisions"}],"predecessor-version":[{"id":926,"href":"https:\/\/stringsandwood.de\/index.php\/wp-json\/wp\/v2\/pages\/363\/revisions\/926"}],"wp:attachment":[{"href":"https:\/\/stringsandwood.de\/index.php\/wp-json\/wp\/v2\/media?parent=363"}],"curies":[{"name":"wp","href":"https:\/\/api.w.org\/{rel}","templated":true}]}}