{"id":380,"date":"2016-01-26T16:09:39","date_gmt":"2016-01-26T15:09:39","guid":{"rendered":"https:\/\/stringsandwood.de\/?page_id=380"},"modified":"2018-08-13T11:15:18","modified_gmt":"2018-08-13T09:15:18","slug":"bau-einer-dreadnought-westerngitarre","status":"publish","type":"page","link":"https:\/\/stringsandwood.de\/index.php\/akustikgitarren\/bau-einer-dreadnought-westerngitarre\/","title":{"rendered":"Bau einer Dreadnought Westerngitarre"},"content":{"rendered":"<h2>Bau einer Dreadnought Westerngitarre<\/h2>\n<p>Die Bilder zeigen einige der Arbeitsschritte beim Bau einer Dreadnought Westerngitarre. Nat\u00fcrlich zeigen die Fotos nicht alle Schritte, was aber an dieser Stelle auch nicht zu erwarten ist. Ausf\u00fchrliche Bauanleitungen findet Ihr in der entsprechenden Fachliteratur, besonders ist hier das Standardwerk zum Gitarrenbau &#8222;Die Gitarre und ihr Bau&#8220; von Franz Jahnel zu erw\u00e4hnen. Ebenfalls k\u00f6nnt Ihr zahlreiche Baupl\u00e4ne (Blueprints als PDF oder DWG) im Netz herunter laden. Die kostenlosen Pl\u00e4ne sind zum Teil ganz gut &#8211; aber Vorsicht &#8211; nicht immer stimmen alle Angaben, was zu Problemem beim Bau oder Spielen f\u00fchren kann. Gute Pl\u00e4ne f\u00fcr kleines Geld und sehr gute Werkzeuge bekommt Ihr bspw. bei Stewart-MacDonald. Unter diesem Link findet Ihr sogar einen <a href=\"http:\/\/www.stewmac.com\/How-To\/Blueprints_and_Plans\/Herringbone_Guitar_Plan.html?pref_currency=E\" target=\"_blank\" rel=\"noopener\">Dreadnoughtplan<\/a>.<\/p>\n<p>Die Gitarre wurde mit einer Schellackpolitur versehen. Schellack sind die ausgeschiedenen Baums\u00e4fte von Gummi-Schildl\u00e4usen. Der Schellack wird in Alkohol (Ethanol) aufgel\u00f6st und mithilfe eines Ballens aus Leinen, gef\u00fcllt mit Watte, aufgetragen. Hierbei entsteht eine hauchd\u00fcnne, hochgl\u00e4nzende Politur. Selbst extrem d\u00fcnn aufgetragene synthetische Lacke sind vergleichsweise sehr dick. Die Schellackpolitur l\u00e4sst das Holz so klingen, wie es ist. Hochwertige Violinen und Konzertgitarren werden ebenfalls mit Schallack behandelt. Der Aufwand f\u00fcr eine gute Schellackpolitur ist hoch. Zun\u00e4chst werden die Poren mit einer Mischung aus Bimsmehl und Schellack durch schleifen gef\u00fcllt. Das beim Schleifen entstehende feinste Holzmehl f\u00fcllt dabei die Poren des Holzes. Danach werden nach und die einzelnen Schichten poliert, hierbei wird noch ein Polier\u00f6l hinzugegeben. Um einen optimalen Glanz zu erhalten wird zum Schluss das \u00d6l wieder auspoliert.<\/p>\n<p>Die nachfolgenden Bilder zeigen einige der Arbeitsschritte beim Bau einer Dreadnought Westerngitarre.<\/p>\n<div id='gallery-1' class='gallery galleryid-380 gallery-columns-3 gallery-size-thumbnail'><dl class='gallery-item'>\n\t\t\t<dt class='gallery-icon landscape'>\n\t\t\t\t<a href='https:\/\/stringsandwood.de\/wp-content\/uploads\/2016\/01\/20140801_174738.jpg'><img loading=\"lazy\" decoding=\"async\" width=\"300\" height=\"300\" src=\"https:\/\/stringsandwood.de\/wp-content\/uploads\/2016\/01\/20140801_174738-300x300.jpg\" class=\"attachment-thumbnail size-thumbnail\" alt=\"Bau einer Dreadnought Westerngitarre - Die Zargen\" aria-describedby=\"gallery-1-381\" \/><\/a>\n\t\t\t<\/dt>\n\t\t\t\t<dd class='wp-caption-text gallery-caption' id='gallery-1-381'>\n\t\t\t\tDie Zargen sind gebogen und liegen in der Mulde.\n\t\t\t\t<\/dd><\/dl><dl class='gallery-item'>\n\t\t\t<dt class='gallery-icon landscape'>\n\t\t\t\t<a href='https:\/\/stringsandwood.de\/wp-content\/uploads\/2016\/01\/20140805_112305.jpg'><img loading=\"lazy\" decoding=\"async\" width=\"300\" height=\"300\" src=\"https:\/\/stringsandwood.de\/wp-content\/uploads\/2016\/01\/20140805_112305-300x300.jpg\" class=\"attachment-thumbnail size-thumbnail\" alt=\"\" aria-describedby=\"gallery-1-382\" \/><\/a>\n\t\t\t<\/dt>\n\t\t\t\t<dd class='wp-caption-text gallery-caption' id='gallery-1-382'>\n\t\t\t\tDie Reifchen f\u00fcr die Decke werden eingeleimt.\n\t\t\t\t<\/dd><\/dl><dl class='gallery-item'>\n\t\t\t<dt class='gallery-icon landscape'>\n\t\t\t\t<a href='https:\/\/stringsandwood.de\/wp-content\/uploads\/2016\/01\/20140806_141254.jpg'><img loading=\"lazy\" decoding=\"async\" width=\"300\" height=\"300\" src=\"https:\/\/stringsandwood.de\/wp-content\/uploads\/2016\/01\/20140806_141254-300x300.jpg\" class=\"attachment-thumbnail size-thumbnail\" alt=\"\" aria-describedby=\"gallery-1-383\" \/><\/a>\n\t\t\t<\/dt>\n\t\t\t\t<dd class='wp-caption-text gallery-caption' id='gallery-1-383'>\n\t\t\t\tDie Schallochrosette wird eingeleimt.\n\t\t\t\t<\/dd><\/dl><br style=\"clear: both\" \/><dl class='gallery-item'>\n\t\t\t<dt class='gallery-icon landscape'>\n\t\t\t\t<a href='https:\/\/stringsandwood.de\/wp-content\/uploads\/2016\/01\/20140806_220335.jpg'><img loading=\"lazy\" decoding=\"async\" width=\"300\" height=\"300\" src=\"https:\/\/stringsandwood.de\/wp-content\/uploads\/2016\/01\/20140806_220335-300x300.jpg\" class=\"attachment-thumbnail size-thumbnail\" alt=\"\" aria-describedby=\"gallery-1-384\" \/><\/a>\n\t\t\t<\/dt>\n\t\t\t\t<dd class='wp-caption-text gallery-caption' id='gallery-1-384'>\n\t\t\t\tDie B\u00e4lkchen f\u00fcr das X-Bracing sind angezeichnet.\n\t\t\t\t<\/dd><\/dl><dl class='gallery-item'>\n\t\t\t<dt class='gallery-icon landscape'>\n\t\t\t\t<a href='https:\/\/stringsandwood.de\/wp-content\/uploads\/2016\/01\/20140812_165702.jpg'><img loading=\"lazy\" decoding=\"async\" width=\"300\" height=\"300\" src=\"https:\/\/stringsandwood.de\/wp-content\/uploads\/2016\/01\/20140812_165702-300x300.jpg\" class=\"attachment-thumbnail size-thumbnail\" alt=\"\" aria-describedby=\"gallery-1-385\" \/><\/a>\n\t\t\t<\/dt>\n\t\t\t\t<dd class='wp-caption-text gallery-caption' id='gallery-1-385'>\n\t\t\t\tDie B\u00e4lkchen sind aufgeleimt.\n\t\t\t\t<\/dd><\/dl><dl class='gallery-item'>\n\t\t\t<dt class='gallery-icon landscape'>\n\t\t\t\t<a href='https:\/\/stringsandwood.de\/wp-content\/uploads\/2016\/01\/20140812_171701.jpg'><img loading=\"lazy\" decoding=\"async\" width=\"300\" height=\"300\" src=\"https:\/\/stringsandwood.de\/wp-content\/uploads\/2016\/01\/20140812_171701-300x300.jpg\" class=\"attachment-thumbnail size-thumbnail\" alt=\"\" aria-describedby=\"gallery-1-386\" \/><\/a>\n\t\t\t<\/dt>\n\t\t\t\t<dd class='wp-caption-text gallery-caption' id='gallery-1-386'>\n\t\t\t\tDie B\u00e4lkchen wurden getrimmt.\n\t\t\t\t<\/dd><\/dl><br style=\"clear: both\" \/><dl class='gallery-item'>\n\t\t\t<dt class='gallery-icon landscape'>\n\t\t\t\t<a href='https:\/\/stringsandwood.de\/wp-content\/uploads\/2016\/01\/20140817_093326.jpg'><img loading=\"lazy\" decoding=\"async\" width=\"300\" height=\"300\" src=\"https:\/\/stringsandwood.de\/wp-content\/uploads\/2016\/01\/20140817_093326-300x300.jpg\" class=\"attachment-thumbnail size-thumbnail\" alt=\"\" aria-describedby=\"gallery-1-387\" \/><\/a>\n\t\t\t<\/dt>\n\t\t\t\t<dd class='wp-caption-text gallery-caption' id='gallery-1-387'>\n\t\t\t\tDer Boden ist mit den Zargen verbunden.\n\t\t\t\t<\/dd><\/dl><dl class='gallery-item'>\n\t\t\t<dt class='gallery-icon portrait'>\n\t\t\t\t<a href='https:\/\/stringsandwood.de\/wp-content\/uploads\/2016\/01\/20140817_093937.jpg'><img loading=\"lazy\" decoding=\"async\" width=\"300\" height=\"300\" src=\"https:\/\/stringsandwood.de\/wp-content\/uploads\/2016\/01\/20140817_093937-300x300.jpg\" class=\"attachment-thumbnail size-thumbnail\" alt=\"\" aria-describedby=\"gallery-1-388\" \/><\/a>\n\t\t\t<\/dt>\n\t\t\t\t<dd class='wp-caption-text gallery-caption' id='gallery-1-388'>\n\t\t\t\tDie Aufnahme f\u00fcr Taubenschwanzverbindung des Halses.\n\t\t\t\t<\/dd><\/dl><dl class='gallery-item'>\n\t\t\t<dt class='gallery-icon landscape'>\n\t\t\t\t<a href='https:\/\/stringsandwood.de\/wp-content\/uploads\/2016\/01\/20140820_114005.jpg'><img loading=\"lazy\" decoding=\"async\" width=\"300\" height=\"300\" src=\"https:\/\/stringsandwood.de\/wp-content\/uploads\/2016\/01\/20140820_114005-300x300.jpg\" class=\"attachment-thumbnail size-thumbnail\" alt=\"\" aria-describedby=\"gallery-1-389\" \/><\/a>\n\t\t\t<\/dt>\n\t\t\t\t<dd class='wp-caption-text gallery-caption' id='gallery-1-389'>\n\t\t\t\tDie Decke ist aufgeleimt.\n\t\t\t\t<\/dd><\/dl><br style=\"clear: both\" \/><dl class='gallery-item'>\n\t\t\t<dt class='gallery-icon landscape'>\n\t\t\t\t<a href='https:\/\/stringsandwood.de\/wp-content\/uploads\/2016\/01\/20140830_165628.jpg'><img loading=\"lazy\" decoding=\"async\" width=\"300\" height=\"300\" src=\"https:\/\/stringsandwood.de\/wp-content\/uploads\/2016\/01\/20140830_165628-300x300.jpg\" class=\"attachment-thumbnail size-thumbnail\" alt=\"\" aria-describedby=\"gallery-1-390\" \/><\/a>\n\t\t\t<\/dt>\n\t\t\t\t<dd class='wp-caption-text gallery-caption' id='gallery-1-390'>\n\t\t\t\tDas Griffbrett wird mit dem Hals verleimt.\n\t\t\t\t<\/dd><\/dl><dl class='gallery-item'>\n\t\t\t<dt class='gallery-icon portrait'>\n\t\t\t\t<a href='https:\/\/stringsandwood.de\/wp-content\/uploads\/2016\/01\/20140918_111201.jpg'><img loading=\"lazy\" decoding=\"async\" width=\"300\" height=\"300\" src=\"https:\/\/stringsandwood.de\/wp-content\/uploads\/2016\/01\/20140918_111201-300x300.jpg\" class=\"attachment-thumbnail size-thumbnail\" alt=\"\" aria-describedby=\"gallery-1-391\" \/><\/a>\n\t\t\t<\/dt>\n\t\t\t\t<dd class='wp-caption-text gallery-caption' id='gallery-1-391'>\n\t\t\t\tHier wird ein sch\u00f6nes St\u00fcck Palisander geingelegt.\n\t\t\t\t<\/dd><\/dl><dl class='gallery-item'>\n\t\t\t<dt class='gallery-icon portrait'>\n\t\t\t\t<a href='https:\/\/stringsandwood.de\/wp-content\/uploads\/2016\/01\/20140923_181450.jpg'><img loading=\"lazy\" decoding=\"async\" width=\"300\" height=\"300\" src=\"https:\/\/stringsandwood.de\/wp-content\/uploads\/2016\/01\/20140923_181450-300x300.jpg\" class=\"attachment-thumbnail size-thumbnail\" alt=\"\" aria-describedby=\"gallery-1-392\" \/><\/a>\n\t\t\t<\/dt>\n\t\t\t\t<dd class='wp-caption-text gallery-caption' id='gallery-1-392'>\n\t\t\t\tDas Bindung entsteht.\n\t\t\t\t<\/dd><\/dl><br style=\"clear: both\" \/><dl class='gallery-item'>\n\t\t\t<dt class='gallery-icon portrait'>\n\t\t\t\t<a href='https:\/\/stringsandwood.de\/wp-content\/uploads\/2016\/01\/20140924_160206.jpg'><img loading=\"lazy\" decoding=\"async\" width=\"300\" height=\"300\" src=\"https:\/\/stringsandwood.de\/wp-content\/uploads\/2016\/01\/20140924_160206-300x300.jpg\" class=\"attachment-thumbnail size-thumbnail\" alt=\"\" aria-describedby=\"gallery-1-393\" \/><\/a>\n\t\t\t<\/dt>\n\t\t\t\t<dd class='wp-caption-text gallery-caption' id='gallery-1-393'>\n\t\t\t\tHerringbone Randeinlage\n\t\t\t\t<\/dd><\/dl><dl class='gallery-item'>\n\t\t\t<dt class='gallery-icon portrait'>\n\t\t\t\t<a href='https:\/\/stringsandwood.de\/wp-content\/uploads\/2016\/01\/20140924_190453.jpg'><img loading=\"lazy\" decoding=\"async\" width=\"300\" height=\"300\" src=\"https:\/\/stringsandwood.de\/wp-content\/uploads\/2016\/01\/20140924_190453-300x300.jpg\" class=\"attachment-thumbnail size-thumbnail\" alt=\"\" aria-describedby=\"gallery-1-394\" \/><\/a>\n\t\t\t<\/dt>\n\t\t\t\t<dd class='wp-caption-text gallery-caption' id='gallery-1-394'>\n\t\t\t\tHier nun mit Binding abgerundet.\n\t\t\t\t<\/dd><\/dl><dl class='gallery-item'>\n\t\t\t<dt class='gallery-icon landscape'>\n\t\t\t\t<a href='https:\/\/stringsandwood.de\/wp-content\/uploads\/2016\/01\/20141005_132023.jpg'><img loading=\"lazy\" decoding=\"async\" width=\"300\" height=\"300\" src=\"https:\/\/stringsandwood.de\/wp-content\/uploads\/2016\/01\/20141005_132023-300x300.jpg\" class=\"attachment-thumbnail size-thumbnail\" alt=\"\" aria-describedby=\"gallery-1-395\" \/><\/a>\n\t\t\t<\/dt>\n\t\t\t\t<dd class='wp-caption-text gallery-caption' id='gallery-1-395'>\n\t\t\t\tHochzeit &#8211; der Hals wird eingeleimt.\n\t\t\t\t<\/dd><\/dl><br style=\"clear: both\" \/>\n\t\t<\/div>\n\n<p>&nbsp;<\/p>\n","protected":false},"excerpt":{"rendered":"<p>Bau einer Dreadnought Westerngitarre Die Bilder zeigen einige der Arbeitsschritte beim Bau einer Dreadnought Westerngitarre. Nat\u00fcrlich zeigen die Fotos nicht alle Schritte, was aber an dieser Stelle auch nicht zu [&hellip;]<\/p>\n","protected":false},"author":3,"featured_media":0,"parent":199,"menu_order":21,"comment_status":"closed","ping_status":"closed","template":"page_bauformen.php","meta":{"footnotes":""},"class_list":["post-380","page","type-page","status-publish","hentry"],"yoast_head":"<!-- This site is optimized with the Yoast SEO plugin v27.5 - https:\/\/yoast.com\/product\/yoast-seo-wordpress\/ -->\n<title>Bau einer Dreadnought Westerngitarre - eine Bildergalerie<\/title>\n<meta name=\"description\" content=\"Der Bau einer Dreadnought Westerngitarre wird auf dieser Seite dargestellt, vom Einleimen der Zargen bis zur Hochzeit von Hals und Korpus.\" \/>\n<meta name=\"robots\" content=\"index, follow, max-snippet:-1, max-image-preview:large, max-video-preview:-1\" \/>\n<link rel=\"canonical\" href=\"https:\/\/stringsandwood.de\/index.php\/akustikgitarren\/bau-einer-dreadnought-westerngitarre\/\" \/>\n<meta property=\"og:locale\" content=\"de_DE\" \/>\n<meta property=\"og:type\" content=\"article\" \/>\n<meta property=\"og:title\" content=\"Bau einer Dreadnought Westerngitarre - eine Bildergalerie\" \/>\n<meta property=\"og:description\" content=\"Der Bau einer Dreadnought Westerngitarre wird auf dieser Seite dargestellt, vom Einleimen der Zargen bis zur Hochzeit von Hals und Korpus.\" \/>\n<meta property=\"og:url\" content=\"https:\/\/stringsandwood.de\/index.php\/akustikgitarren\/bau-einer-dreadnought-westerngitarre\/\" \/>\n<meta property=\"og:site_name\" content=\"Strings And Wood - Gitarrenbau aus Hamm\" \/>\n<meta property=\"article:publisher\" content=\"https:\/\/www.facebook.com\/F.Zillmann\" \/>\n<meta property=\"article:modified_time\" content=\"2018-08-13T09:15:18+00:00\" \/>\n<meta property=\"og:image\" content=\"https:\/\/stringsandwood.de\/wp-content\/uploads\/2016\/01\/20140801_174738-300x300.jpg\" \/>\n<meta name=\"twitter:card\" content=\"summary_large_image\" \/>\n<meta name=\"twitter:label1\" content=\"Gesch\u00e4tzte Lesezeit\" \/>\n\t<meta name=\"twitter:data1\" content=\"1\u00a0Minute\" \/>\n<script type=\"application\/ld+json\" class=\"yoast-schema-graph\">{\"@context\":\"https:\\\/\\\/schema.org\",\"@graph\":[{\"@type\":\"WebPage\",\"@id\":\"https:\\\/\\\/stringsandwood.de\\\/index.php\\\/akustikgitarren\\\/bau-einer-dreadnought-westerngitarre\\\/\",\"url\":\"https:\\\/\\\/stringsandwood.de\\\/index.php\\\/akustikgitarren\\\/bau-einer-dreadnought-westerngitarre\\\/\",\"name\":\"Bau einer Dreadnought Westerngitarre - eine Bildergalerie\",\"isPartOf\":{\"@id\":\"https:\\\/\\\/stringsandwood.de\\\/#website\"},\"datePublished\":\"2016-01-26T15:09:39+00:00\",\"dateModified\":\"2018-08-13T09:15:18+00:00\",\"description\":\"Der Bau einer Dreadnought Westerngitarre wird auf dieser Seite dargestellt, vom Einleimen der Zargen bis zur Hochzeit von Hals und Korpus.\",\"breadcrumb\":{\"@id\":\"https:\\\/\\\/stringsandwood.de\\\/index.php\\\/akustikgitarren\\\/bau-einer-dreadnought-westerngitarre\\\/#breadcrumb\"},\"inLanguage\":\"de\",\"potentialAction\":[{\"@type\":\"ReadAction\",\"target\":[\"https:\\\/\\\/stringsandwood.de\\\/index.php\\\/akustikgitarren\\\/bau-einer-dreadnought-westerngitarre\\\/\"]}]},{\"@type\":\"BreadcrumbList\",\"@id\":\"https:\\\/\\\/stringsandwood.de\\\/index.php\\\/akustikgitarren\\\/bau-einer-dreadnought-westerngitarre\\\/#breadcrumb\",\"itemListElement\":[{\"@type\":\"ListItem\",\"position\":1,\"name\":\"Home\",\"item\":\"https:\\\/\\\/stringsandwood.de\\\/\"},{\"@type\":\"ListItem\",\"position\":2,\"name\":\"Akustikgitarren\",\"item\":\"https:\\\/\\\/stringsandwood.de\\\/index.php\\\/akustikgitarren\\\/\"},{\"@type\":\"ListItem\",\"position\":3,\"name\":\"Bau einer Dreadnought Westerngitarre\"}]},{\"@type\":\"WebSite\",\"@id\":\"https:\\\/\\\/stringsandwood.de\\\/#website\",\"url\":\"https:\\\/\\\/stringsandwood.de\\\/\",\"name\":\"Strings And Wood - Gitarrenbau aus Hamm\",\"description\":\"Gitarren in Handarbeit - Custom Guitars\",\"publisher\":{\"@id\":\"https:\\\/\\\/stringsandwood.de\\\/#organization\"},\"potentialAction\":[{\"@type\":\"SearchAction\",\"target\":{\"@type\":\"EntryPoint\",\"urlTemplate\":\"https:\\\/\\\/stringsandwood.de\\\/?s={search_term_string}\"},\"query-input\":{\"@type\":\"PropertyValueSpecification\",\"valueRequired\":true,\"valueName\":\"search_term_string\"}}],\"inLanguage\":\"de\"},{\"@type\":\"Organization\",\"@id\":\"https:\\\/\\\/stringsandwood.de\\\/#organization\",\"name\":\"Frank Zillmann Custom Guitars - Strings And Wood\",\"url\":\"https:\\\/\\\/stringsandwood.de\\\/\",\"logo\":{\"@type\":\"ImageObject\",\"inLanguage\":\"de\",\"@id\":\"https:\\\/\\\/stringsandwood.de\\\/#\\\/schema\\\/logo\\\/image\\\/\",\"url\":\"https:\\\/\\\/stringsandwood.de\\\/wp-content\\\/uploads\\\/2015\\\/08\\\/Strings-And-Wood.png\",\"contentUrl\":\"https:\\\/\\\/stringsandwood.de\\\/wp-content\\\/uploads\\\/2015\\\/08\\\/Strings-And-Wood.png\",\"width\":300,\"height\":31,\"caption\":\"Frank Zillmann Custom Guitars - Strings And Wood\"},\"image\":{\"@id\":\"https:\\\/\\\/stringsandwood.de\\\/#\\\/schema\\\/logo\\\/image\\\/\"},\"sameAs\":[\"https:\\\/\\\/www.facebook.com\\\/F.Zillmann\",\"https:\\\/\\\/www.instagram.com\\\/fzillmann\\\/\"]}]}<\/script>\n<!-- \/ Yoast SEO plugin. -->","yoast_head_json":{"title":"Bau einer Dreadnought Westerngitarre - eine Bildergalerie","description":"Der Bau einer Dreadnought Westerngitarre wird auf dieser Seite dargestellt, vom Einleimen der Zargen bis zur Hochzeit von Hals und Korpus.","robots":{"index":"index","follow":"follow","max-snippet":"max-snippet:-1","max-image-preview":"max-image-preview:large","max-video-preview":"max-video-preview:-1"},"canonical":"https:\/\/stringsandwood.de\/index.php\/akustikgitarren\/bau-einer-dreadnought-westerngitarre\/","og_locale":"de_DE","og_type":"article","og_title":"Bau einer Dreadnought Westerngitarre - eine Bildergalerie","og_description":"Der Bau einer Dreadnought Westerngitarre wird auf dieser Seite dargestellt, vom Einleimen der Zargen bis zur Hochzeit von Hals und Korpus.","og_url":"https:\/\/stringsandwood.de\/index.php\/akustikgitarren\/bau-einer-dreadnought-westerngitarre\/","og_site_name":"Strings And Wood - Gitarrenbau aus Hamm","article_publisher":"https:\/\/www.facebook.com\/F.Zillmann","article_modified_time":"2018-08-13T09:15:18+00:00","og_image":[{"url":"https:\/\/stringsandwood.de\/wp-content\/uploads\/2016\/01\/20140801_174738-300x300.jpg","type":"","width":"","height":""}],"twitter_card":"summary_large_image","twitter_misc":{"Gesch\u00e4tzte Lesezeit":"1\u00a0Minute"},"schema":{"@context":"https:\/\/schema.org","@graph":[{"@type":"WebPage","@id":"https:\/\/stringsandwood.de\/index.php\/akustikgitarren\/bau-einer-dreadnought-westerngitarre\/","url":"https:\/\/stringsandwood.de\/index.php\/akustikgitarren\/bau-einer-dreadnought-westerngitarre\/","name":"Bau einer Dreadnought Westerngitarre - eine Bildergalerie","isPartOf":{"@id":"https:\/\/stringsandwood.de\/#website"},"datePublished":"2016-01-26T15:09:39+00:00","dateModified":"2018-08-13T09:15:18+00:00","description":"Der Bau einer Dreadnought Westerngitarre wird auf dieser Seite dargestellt, vom Einleimen der Zargen bis zur Hochzeit von Hals und Korpus.","breadcrumb":{"@id":"https:\/\/stringsandwood.de\/index.php\/akustikgitarren\/bau-einer-dreadnought-westerngitarre\/#breadcrumb"},"inLanguage":"de","potentialAction":[{"@type":"ReadAction","target":["https:\/\/stringsandwood.de\/index.php\/akustikgitarren\/bau-einer-dreadnought-westerngitarre\/"]}]},{"@type":"BreadcrumbList","@id":"https:\/\/stringsandwood.de\/index.php\/akustikgitarren\/bau-einer-dreadnought-westerngitarre\/#breadcrumb","itemListElement":[{"@type":"ListItem","position":1,"name":"Home","item":"https:\/\/stringsandwood.de\/"},{"@type":"ListItem","position":2,"name":"Akustikgitarren","item":"https:\/\/stringsandwood.de\/index.php\/akustikgitarren\/"},{"@type":"ListItem","position":3,"name":"Bau einer Dreadnought Westerngitarre"}]},{"@type":"WebSite","@id":"https:\/\/stringsandwood.de\/#website","url":"https:\/\/stringsandwood.de\/","name":"Strings And Wood - Gitarrenbau aus Hamm","description":"Gitarren in Handarbeit - Custom Guitars","publisher":{"@id":"https:\/\/stringsandwood.de\/#organization"},"potentialAction":[{"@type":"SearchAction","target":{"@type":"EntryPoint","urlTemplate":"https:\/\/stringsandwood.de\/?s={search_term_string}"},"query-input":{"@type":"PropertyValueSpecification","valueRequired":true,"valueName":"search_term_string"}}],"inLanguage":"de"},{"@type":"Organization","@id":"https:\/\/stringsandwood.de\/#organization","name":"Frank Zillmann Custom Guitars - Strings And Wood","url":"https:\/\/stringsandwood.de\/","logo":{"@type":"ImageObject","inLanguage":"de","@id":"https:\/\/stringsandwood.de\/#\/schema\/logo\/image\/","url":"https:\/\/stringsandwood.de\/wp-content\/uploads\/2015\/08\/Strings-And-Wood.png","contentUrl":"https:\/\/stringsandwood.de\/wp-content\/uploads\/2015\/08\/Strings-And-Wood.png","width":300,"height":31,"caption":"Frank Zillmann Custom Guitars - Strings And Wood"},"image":{"@id":"https:\/\/stringsandwood.de\/#\/schema\/logo\/image\/"},"sameAs":["https:\/\/www.facebook.com\/F.Zillmann","https:\/\/www.instagram.com\/fzillmann\/"]}]}},"_links":{"self":[{"href":"https:\/\/stringsandwood.de\/index.php\/wp-json\/wp\/v2\/pages\/380","targetHints":{"allow":["GET"]}}],"collection":[{"href":"https:\/\/stringsandwood.de\/index.php\/wp-json\/wp\/v2\/pages"}],"about":[{"href":"https:\/\/stringsandwood.de\/index.php\/wp-json\/wp\/v2\/types\/page"}],"author":[{"embeddable":true,"href":"https:\/\/stringsandwood.de\/index.php\/wp-json\/wp\/v2\/users\/3"}],"replies":[{"embeddable":true,"href":"https:\/\/stringsandwood.de\/index.php\/wp-json\/wp\/v2\/comments?post=380"}],"version-history":[{"count":15,"href":"https:\/\/stringsandwood.de\/index.php\/wp-json\/wp\/v2\/pages\/380\/revisions"}],"predecessor-version":[{"id":1063,"href":"https:\/\/stringsandwood.de\/index.php\/wp-json\/wp\/v2\/pages\/380\/revisions\/1063"}],"up":[{"embeddable":true,"href":"https:\/\/stringsandwood.de\/index.php\/wp-json\/wp\/v2\/pages\/199"}],"wp:attachment":[{"href":"https:\/\/stringsandwood.de\/index.php\/wp-json\/wp\/v2\/media?parent=380"}],"curies":[{"name":"wp","href":"https:\/\/api.w.org\/{rel}","templated":true}]}}