{"id":565,"date":"2016-06-20T15:51:03","date_gmt":"2016-06-20T13:51:03","guid":{"rendered":"https:\/\/stringsandwood.de\/?page_id=565"},"modified":"2018-08-13T11:05:51","modified_gmt":"2018-08-13T09:05:51","slug":"tonholz","status":"publish","type":"page","link":"https:\/\/stringsandwood.de\/index.php\/informationen-zum-gitarrenbau\/tonholz\/","title":{"rendered":"Tonholz"},"content":{"rendered":"<h4 style=\"color: #990000;\">Was klingt wie?<\/h4>\n<h1>Tonholz<\/h1>\n<p>Tonholz ist die Grundlage f\u00fcr ein gutes Instrument. Im folgenden habe ich eine \u00dcbersicht zu den wichtigsten Tonh\u00f6lzern und deren Eigenschaften zusammengetragen. Da im Laufe der Zeit immer mehr H\u00f6lzer hinzugekommen sind und zum Teil auch vergessen wurden, erhebt diese Darstellung nicht den Anspruch vollst\u00e4ndig zu sein. Ich beschr\u00e4nke mich daher auf die am meisten Verwendeten und werde im Laufe der Zeit nocht weitere Tonholzarten hinzuf\u00fcgen. Ebenso gibt es nicht <em>den<\/em> Ahorn und <em>die<\/em> Sumpfesche. Holz ist wie jedes Naturprodukt abh\u00e4ngig von Standort und Witterung, daher gibt es innerhalb einer Art auch oft gravierende Unterschiede. Die Beschreibungen beziehen sich daher auf die am h\u00e4ufigsten vorkommenden Eigenschaften.<\/p>\n<p>Vorab m\u00f6chte ich noch der Unterschied zwischen Normalschnitt- und <span lang=\"de-DE\">Viertelschnittholz darstellen. <\/span>Aufgrund der Ausrichtung der <span lang=\"de-DE\">Wachstumsringe besitzt Viertelschnittholz (quarter sawn lumber) gegen\u00fcber Normalschnittholz (plain sawn lumber) einige Vorteile. Da die Wachstumsringe im Viertelschnittholz im gesamten Holz parallel laufen kommt es mit saisonalen Schwankungen der Feuchtigkeit und Temperaturen deutlich besser zurecht. Normalschnittholz dehnt sich deutlich mehr aus und ist auch nicht so verwindungssteif wie Viertelschnittholz.<\/span><\/p>\n<div id=\"attachment_653\" style=\"width: 301px\" class=\"wp-caption alignleft\"><img loading=\"lazy\" decoding=\"async\" aria-describedby=\"caption-attachment-653\" class=\"wp-image-653 size-full\" src=\"https:\/\/stringsandwood.de\/wp-content\/uploads\/2016\/06\/brett-plainsawn.jpg\" alt=\"Normalschnittholz\" width=\"291\" height=\"67\" \/><p id=\"caption-attachment-653\" class=\"wp-caption-text\">Normalschnittholz<\/p><\/div>\n<div id=\"attachment_654\" style=\"width: 301px\" class=\"wp-caption alignleft\"><img loading=\"lazy\" decoding=\"async\" aria-describedby=\"caption-attachment-654\" class=\"wp-image-654 size-full\" src=\"https:\/\/stringsandwood.de\/wp-content\/uploads\/2016\/06\/brett-quartersawn.jpg\" alt=\"Viertelschnittholz\" width=\"291\" height=\"67\" \/><p id=\"caption-attachment-654\" class=\"wp-caption-text\">Viertelschnittholz<\/p><\/div>\n<div style=\"clear: both;\"><\/div>\n<p>Viertelschnittholz kann f\u00fcr alle Teile der Gitarre verwendet werden, insbesondere f\u00fcr Zargen und ist absolut auch f\u00fcr H\u00e4lse zu empfehlen.<\/p>\n<div id=\"attachment_656\" style=\"width: 310px\" class=\"wp-caption alignleft\"><a href=\"https:\/\/stringsandwood.de\/wp-content\/uploads\/2016\/06\/quartersawn.jpg\"><img loading=\"lazy\" decoding=\"async\" aria-describedby=\"caption-attachment-656\" class=\"wp-image-656 size-thumbnail\" src=\"https:\/\/stringsandwood.de\/wp-content\/uploads\/2016\/06\/quartersawn-300x300.jpg\" alt=\"Schnittmuster Viertelschnittholz\" width=\"300\" height=\"300\" srcset=\"https:\/\/stringsandwood.de\/wp-content\/uploads\/2016\/06\/quartersawn-300x300.jpg 300w, https:\/\/stringsandwood.de\/wp-content\/uploads\/2016\/06\/quartersawn.jpg 600w\" sizes=\"auto, (max-width: 300px) 100vw, 300px\" \/><\/a><p id=\"caption-attachment-656\" class=\"wp-caption-text\">Schnittmuster Viertelschnittholz<\/p><\/div>\n<div id=\"attachment_655\" style=\"width: 310px\" class=\"wp-caption alignleft\"><a href=\"https:\/\/stringsandwood.de\/wp-content\/uploads\/2016\/06\/plainsawn.jpg\"><img loading=\"lazy\" decoding=\"async\" aria-describedby=\"caption-attachment-655\" class=\"wp-image-655 size-thumbnail\" src=\"https:\/\/stringsandwood.de\/wp-content\/uploads\/2016\/06\/plainsawn-300x300.jpg\" alt=\"Schnittmuster Normalschnittholz\" width=\"300\" height=\"300\" srcset=\"https:\/\/stringsandwood.de\/wp-content\/uploads\/2016\/06\/plainsawn-300x300.jpg 300w, https:\/\/stringsandwood.de\/wp-content\/uploads\/2016\/06\/plainsawn.jpg 600w\" sizes=\"auto, (max-width: 300px) 100vw, 300px\" \/><\/a><p id=\"caption-attachment-655\" class=\"wp-caption-text\">Schnittmuster Normalschnittholz<\/p><\/div>\n<div style=\"clear: both;\"><\/div>\n<h2>Tonholz &#8211; Tonh\u00f6lzer<\/h2>\n<h3>Ahorn (Maple)<\/h3>\n<p><img loading=\"lazy\" decoding=\"async\" class=\"aligncenter wp-image-571\" style=\"float: right; padding-left: 1em;\" src=\"https:\/\/stringsandwood.de\/wp-content\/uploads\/2016\/06\/Riegelahorn_200x200.jpg\" alt=\"Ahorn geriegelt\" width=\"200\" height=\"200\" \/>Im Instrumentenbau spielt Ahorn als Tonholz \/ Klangholz eine enorme Rolle, wenn vieleicht nicht gar die Wichtigste. Von Streichinstrumenten wie Geige, Cello, etc. \u00fcber Akustik- und E-Gitarre, bis zum E-Bass findet Ahorn seinen Einsatz. Die Eigenschaften dieses Tonholzes sorgen f\u00fcr klaren brillanten und obertonreichen Klang, die B\u00e4sse sind klar definiert. Mit dem Einsatz von Ahornaufleimern gewinnen E-Gitarren an Durchsetzungskraft. H\u00e4lse und Griffbretter werden sehr oft aus Ahorn hergestellt. Dar\u00fcber hinaus bietet Ahorn mit seinen mannigfaltigen\u00a0Variationen wie bspw. wie Riegelahorn, Vogelaugenahorn auch eine sehr edle und hochwertige Optik. Jede gute Les Paul hat einen Aufleimer aus Ahorn. Ebenso findet mit gro\u00dfem Abstand Ahorn seinen Einsatz bei Bau von H\u00e4lsen f\u00fcr Telecaster und Stratocaster.<\/p>\n<p><strong>Verwendung<\/strong>: B\u00f6dern, Zargen, Tops, H\u00e4lse und Griffbretter<\/p>\n<p><strong>Eigenschaften<\/strong>: heller, brillanter Klang, sch\u00f6ne Obert\u00f6ne, schnelle Ansprache (Attack), Durchsetzungskraft, aufgrund der H\u00e4rte eher leiser, neigt wenig zu R\u00fcckkopplungen.<\/p>\n<h3>Sumpfesche (Swamp Ash)<\/h3>\n<p><img loading=\"lazy\" decoding=\"async\" class=\"aligncenter wp-image-580\" style=\"float: right; padding-left: 1em;\" src=\"https:\/\/stringsandwood.de\/wp-content\/uploads\/2016\/06\/Sumpfesche_200x200.jpg\" alt=\"Tonholz Sumpfesche\" width=\"200\" height=\"200\" \/>Botanisch handelt es sich um dieselbe Art, die auch einfach Esche genannt wird. Der Unterschied liegt im Standort des Baumes. Wie der Name schon sagt stammt die Sumpfesche &#8211; unglaublich aber wahr &#8211; aus sumpfigen, sehr feuchten bis nassen Gebieten. Zur Verwendung kommt nur des Teil des Stammes der entweder direkt und permanent dem Wasser ausgesetzt ist, oder der immer feucht ist. Hieraus resultiert ein gegen\u00fcber dem normalen Eschenholz deutlich leichtes Holz. Die Klangeigenschaften sind ebenfalls anders als bei der gew\u00f6hnlichen Esche. Der Ton ist ausgewogen mit dezenten H\u00f6hen und ausgewogenen B\u00e4ssen. Die normale Esche bietet oft nur sehr harte unausgewogene H\u00f6hen. Haupts\u00e4chlich wird die Sumpfesche als Korpusholz eingesetzt. Vor allem sind Telecaster-Bodies sehr h\u00e4uftig aus Sumpfesche, aber auch die Stratocaster gibt es immer wieder in der Sumpfeschenvariante.<\/p>\n<p><strong>Verwendung<\/strong>: Bodies<\/p>\n<p><strong>Eigenschaften<\/strong>: Im Vergleich zu normaler Esche das leichtere Tonholz, ordentlicher Bass, luftiger und druckvoller Ton<\/p>\n<h3>Erle \/ Roterle (Alder \/ Red Alder)<\/h3>\n<p><img loading=\"lazy\" decoding=\"async\" class=\"aligncenter wp-image-583\" style=\"float: right; padding-left: 1em;\" src=\"https:\/\/stringsandwood.de\/wp-content\/uploads\/2016\/06\/Roterle_200x200.jpg\" alt=\"Tonholz Roterle, Erle, Red Alder\" width=\"200\" height=\"200\" \/><\/p>\n<p>Wie die \u00dcberschrift schon zeigt, gibt es verschiedene Arten der Erle aus der Gattung <i>Alnus<\/i>. Verwendung finden die amerikanische Roterle und die europ\u00e4ische Erle. Das Holz ist recht weich und sehr gut zu verarbeiten und zu lackieren. Die Erle wird fast ausschlie\u00dflich f\u00fcr den Bau von Bodies f\u00fcr E-Gitarren verwendet. Gerade bei der Stratocaster und teilweise bei der Telecaster ist der Body aus amerikanischer Roterle gefertigt. Das preislich attraktive Holz verleiht dem Instrument einen sehr ausgewogenen Klang. Satte B\u00e4sse, Mitten und obertonreiche H\u00f6hen sind gen\u00fcgend vorhanden, ohne dabei im Verh\u00e4ltnis zueinander zu dominant zu sein.<\/p>\n<p><strong>Verwendung<\/strong>: Bodies<\/p>\n<p><strong>Eigenschaften<\/strong>: Ausreichend Sustain, ausgewogen, satter Bass, gute Mitten und obertonreiche H\u00f6hen<\/p>\n<h3>Mahagoni<\/h3>\n<p><img loading=\"lazy\" decoding=\"async\" class=\"aligncenter wp-image-585\" style=\"float: right; padding-left: 1em;\" src=\"https:\/\/stringsandwood.de\/wp-content\/uploads\/2016\/06\/Mahagoni_200x200.jpg\" alt=\"Tonholz Mahagoni\" width=\"200\" height=\"200\" \/><\/p>\n<p>Das Tropenholz findet als Tonholz im Gitarrenbau eine sehr h\u00e4ufige Verwendung. Fr\u00fcher wurde es im Schiffsbau eingesetzt. Das amerikanische Mahagoniholz\u00a0(Swietenia) \u00fcberzeugt durch einen sustainreichen warmen, bassigen und mittenbetonten Klang. Daher wird es sehr h\u00e4uftig mit Ahorn als Top verarbeitet. Das Ahorn verleiht dann dem Instrument sch\u00f6ne obertonreiche H\u00f6hen und deutlich mehr Durchsetzungskraft &#8211; bestes Beispiel hierf\u00fcr, ist die Les Paul von Gibson. Neben der bekanntesten Art, dem Swietenia werden noch Sipo und Khaya Mahagoni, die beide aus Afrika stammen, im Gitarrenbau genutzt. Tropenholz, insbesondere Mahagoni unterliegen dem Artenschutz, aus \u00f6kologischer Sicht sollten daher ausschlie\u00dflich FSC zertifizierte H\u00f6lzer verwendet werden.<\/p>\n<p><strong>Verwendung<\/strong>: B\u00f6den, Zargen, Bodies, H\u00e4lse<\/p>\n<p><strong>Eigenschaften<\/strong>: Viel Sustain, warm und ausgewogen, satter Bass und reichlich Mitten<\/p>\n<h3>Ebenholz (Ebony)<\/h3>\n<p><img loading=\"lazy\" decoding=\"async\" class=\"aligncenter wp-image-609\" style=\"float: right; padding-left: 1em;\" src=\"https:\/\/stringsandwood.de\/wp-content\/uploads\/2016\/06\/Ebenholzi_200x200.jpg\" alt=\"Ebenholz\" width=\"200\" height=\"200\" \/><\/p>\n<p>Dieses Tropenholz zeichnet sich durch eine \u00fcberdurchschnittliche Dichte und Festigkeit aus und ist daher extrem haltbar. Das sehr teure Holz wird f\u00fcr Griffbretter hochpreisiger Gitarren und B\u00e4sse verwendet. Das aus Zentralafrika, S\u00fcdostasien und Mittelamerika stammende Holz gibt es nicht nur in sehr dunklen, fast schwarzen T\u00f6nen, sondern auch in der Makassar-Variante, hier ist das Holz gestreift (Zebralook). Diese Variante wird auch f\u00fcr B\u00f6den und Zargen verwendet. Da es sich um Tropenholz handelt, bitte auch hier darauf achten, das es FSC zertifiziert ist. Informationen zum Thema FSC findet ihr hier: <a href=\"http:\/\/www.wwf.de\/themen-projekte\/waelder\/nachhaltige-waldnutzung-fsc\/fsc-was-ist-das\/\" target=\"_blank\" rel=\"noopener noreferrer\">www.wwf.de<\/a><\/p>\n<p><strong>Verwendung<\/strong>: Griffbretter, Br\u00fccken, als Makkassar auch B\u00f6den und Zargen, Kopfplattenfurnier<\/p>\n<p><strong>Eigenschaften<\/strong>: Sehr hart und haltbar, viel Sustain<\/p>\n<h3>Palisander (Rosewood)<\/h3>\n<p><img loading=\"lazy\" decoding=\"async\" class=\"aligncenter wp-image-615\" style=\"float: right; padding-left: 1em;\" src=\"https:\/\/stringsandwood.de\/wp-content\/uploads\/2016\/06\/Palisander_200x200.jpg\" alt=\"Palisander\" width=\"200\" height=\"200\" \/><\/p>\n<p>Das Tropenholz aus der Dalbergia Familie ist seit langem oft erste Wahl f\u00fcr Zargen und B\u00f6den beim Bau von Akustikgitarren (Western- und Klassikgitarre). E-Gitarren haben oft Griffbretter aus Palisander. Die bekanntere Art der Rio-Palisander (Dalbergia nigra) stammt aus S\u00fcdamerika; die zweite Art\u00a0Dalbergia latifolia, ist der Ost-Indische-Palisander. Die Unterschiede sind gering, wobei der Rio-Palisander oft sch\u00f6ner daherkommt. Welche Art zu bevorzugen ist, mache ich von dem jeweligen St\u00fcck Holz abh\u00e4ngig. Beide Arten geben dr\u00fcckende B\u00e4sse und brillante Obert\u00f6ne. Da es sich um Tropenholz handelt, bitte auch hier wieder darauf achten, das es FSC zertifiziert ist.<\/p>\n<p><strong>Verwendung<\/strong>: Griffbretter, Br\u00fccken, B\u00f6den und Zargen, Kopfplattenfurnier<\/p>\n<p><strong>Eigenschaften<\/strong>: Dr\u00fcckende B\u00e4sse und brillante Obert\u00f6ne, hart und haltbar, viel Sustain<\/p>\n<h3>Fichte (Spruce)<\/h3>\n<p><img loading=\"lazy\" decoding=\"async\" class=\"aligncenter wp-image-618\" style=\"float: right; padding-left: 1em;\" src=\"https:\/\/stringsandwood.de\/wp-content\/uploads\/2016\/06\/Sitkafichte_200x200.jpg\" alt=\"Sitkafichte\" width=\"200\" height=\"200\" \/><\/p>\n<p>Fichte (Picea) in seinen unterschiedlichen Variantionen wird haupts\u00e4chlich als Deckenholz eingesetzt. Dieses Tonholz <span class=\"st\"> ist leicht, elastisch und biegefest<\/span>. Die Decke ist zu ca. 80% f\u00fcr den Klang einer Akustikgitarre verantwortlich. Hieraus wird ersichtlich, dass Fichte eine enorme Rolle im Gitarrenbau einnimmt. Aufgrund der vielen Fichtenarten, die Verwendung finden, ist das Spektrum an Klangfarben sehr gro\u00df. Ein singender Diskant (die hohen Saiten betreffend) und eine sehr gute Modulationsf\u00e4higkeit zeichnen i.d.R. dieses Tonholz aus.<\/p>\n<ul>\n<li><strong>Sitkafichte<\/strong> stammt von der Pazifikk\u00fcste Nordamerikas und ist die wohl gr\u00f6\u00dfte Fichtenart. Aufgrund seiner Vielseitigkeit ist sie f\u00fcr alle Spielarten geeignet und daher sehr beliebt.<\/li>\n<li><strong>Bear Claw Sitkafichte<\/strong> hat im Vergleich zur Sitkafichte eine seitliche Maserung, die die Steifigkeit verbessert, hieraus resultieren reine und runde Grundt\u00f6ne. Der Gesamteindruck ist druckvoll und klar.<\/li>\n<li><strong>Adirondack Fichte<\/strong> hat eine leicht r\u00f6tliche F\u00e4rbung aus den Winterlinien, die eine sch\u00f6ne Optik geben. Der Klang ist sehr kraftvoll, wobei das Holz trotzdem sehr leicht ist.<\/li>\n<li><strong>Engelmann Fichte<\/strong> weist ein bl\u00e4ssliche, aber sch\u00f6ne Seidenoptik auf. Sie ist sehr flexiblel, klingt mit klaren Obert\u00f6nen und reagiert gut auf zarte Anschl\u00e4ge.<\/li>\n<li><strong>Deutsche Fichte<\/strong> ist die am hellsten klingende Fichte. Der Klang ist klar und glocken\u00e4hnlich mit opulenten Obert\u00f6nen.<\/li>\n<\/ul>\n<p style=\"text-align: center;\"><img loading=\"lazy\" decoding=\"async\" class=\"aligncenter wp-image-593 size-full\" src=\"https:\/\/stringsandwood.de\/wp-content\/uploads\/2016\/06\/Banner-Holz-2.jpg\" alt=\"Tonholz - Klangholz\" width=\"1920\" height=\"324\" srcset=\"https:\/\/stringsandwood.de\/wp-content\/uploads\/2016\/06\/Banner-Holz-2.jpg 1920w, https:\/\/stringsandwood.de\/wp-content\/uploads\/2016\/06\/Banner-Holz-2-600x101.jpg 600w, https:\/\/stringsandwood.de\/wp-content\/uploads\/2016\/06\/Banner-Holz-2-768x130.jpg 768w, https:\/\/stringsandwood.de\/wp-content\/uploads\/2016\/06\/Banner-Holz-2-1024x173.jpg 1024w\" sizes=\"auto, (max-width: 1920px) 100vw, 1920px\" \/><\/p>\n<p><strong>\u00a0<\/strong>Hier findet ihr <a href=\"https:\/\/de.wikipedia.org\/wiki\/Klangholz_(Musikinstrumentenbau)\" target=\"_blank\" rel=\"noopener noreferrer\">weitere Informationen zum Thema Klangholz<\/a> (externer Link zu Wikipedia).<\/p>\n","protected":false},"excerpt":{"rendered":"<p>Was klingt wie? Tonholz Tonholz ist die Grundlage f\u00fcr ein gutes Instrument. Im folgenden habe ich eine \u00dcbersicht zu den wichtigsten Tonh\u00f6lzern und deren Eigenschaften zusammengetragen. Da im Laufe der [&hellip;]<\/p>\n","protected":false},"author":3,"featured_media":735,"parent":363,"menu_order":41,"comment_status":"closed","ping_status":"closed","template":"page_tonholz.php","meta":{"footnotes":""},"class_list":["post-565","page","type-page","status-publish","has-post-thumbnail","hentry"],"yoast_head":"<!-- This site is optimized with the Yoast SEO plugin v27.4 - https:\/\/yoast.com\/product\/yoast-seo-wordpress\/ -->\n<title>Tonholz, das im Gitarrenbau verwendet wird - eine \u00dcbersicht<\/title>\n<meta name=\"description\" content=\"Hier findet ihr eine \u00dcbersicht der am h\u00e4ufigsten verwendeten T\u00f6nholzer. Tonholz hat je nach Art unterschiedliche Eigenschaften, die hier beschreiben werden.\" \/>\n<meta name=\"robots\" content=\"index, follow, max-snippet:-1, max-image-preview:large, max-video-preview:-1\" \/>\n<link rel=\"canonical\" href=\"https:\/\/stringsandwood.de\/index.php\/informationen-zum-gitarrenbau\/tonholz\/\" \/>\n<meta property=\"og:locale\" content=\"de_DE\" \/>\n<meta property=\"og:type\" content=\"article\" \/>\n<meta property=\"og:title\" content=\"Tonholz, das im Gitarrenbau verwendet wird - eine \u00dcbersicht\" \/>\n<meta property=\"og:description\" content=\"Hier findet ihr eine \u00dcbersicht der am h\u00e4ufigsten verwendeten T\u00f6nholzer. Tonholz hat je nach Art unterschiedliche Eigenschaften, die hier beschreiben werden.\" \/>\n<meta property=\"og:url\" content=\"https:\/\/stringsandwood.de\/index.php\/informationen-zum-gitarrenbau\/tonholz\/\" \/>\n<meta property=\"og:site_name\" content=\"Strings And Wood - Gitarrenbau aus Hamm\" \/>\n<meta property=\"article:publisher\" content=\"https:\/\/www.facebook.com\/F.Zillmann\" \/>\n<meta property=\"article:modified_time\" content=\"2018-08-13T09:05:51+00:00\" \/>\n<meta property=\"og:image\" content=\"https:\/\/stringsandwood.de\/wp-content\/uploads\/2016\/06\/tonholz.jpg\" \/>\n\t<meta property=\"og:image:width\" content=\"1920\" \/>\n\t<meta property=\"og:image:height\" content=\"500\" \/>\n\t<meta property=\"og:image:type\" content=\"image\/jpeg\" \/>\n<meta name=\"twitter:card\" content=\"summary_large_image\" \/>\n<meta name=\"twitter:label1\" content=\"Gesch\u00e4tzte Lesezeit\" \/>\n\t<meta name=\"twitter:data1\" content=\"6\u00a0Minuten\" \/>\n<script type=\"application\/ld+json\" class=\"yoast-schema-graph\">{\"@context\":\"https:\\\/\\\/schema.org\",\"@graph\":[{\"@type\":\"WebPage\",\"@id\":\"https:\\\/\\\/stringsandwood.de\\\/index.php\\\/informationen-zum-gitarrenbau\\\/tonholz\\\/\",\"url\":\"https:\\\/\\\/stringsandwood.de\\\/index.php\\\/informationen-zum-gitarrenbau\\\/tonholz\\\/\",\"name\":\"Tonholz, das im Gitarrenbau verwendet wird - eine \u00dcbersicht\",\"isPartOf\":{\"@id\":\"https:\\\/\\\/stringsandwood.de\\\/#website\"},\"primaryImageOfPage\":{\"@id\":\"https:\\\/\\\/stringsandwood.de\\\/index.php\\\/informationen-zum-gitarrenbau\\\/tonholz\\\/#primaryimage\"},\"image\":{\"@id\":\"https:\\\/\\\/stringsandwood.de\\\/index.php\\\/informationen-zum-gitarrenbau\\\/tonholz\\\/#primaryimage\"},\"thumbnailUrl\":\"https:\\\/\\\/stringsandwood.de\\\/wp-content\\\/uploads\\\/2016\\\/06\\\/tonholz.jpg\",\"datePublished\":\"2016-06-20T13:51:03+00:00\",\"dateModified\":\"2018-08-13T09:05:51+00:00\",\"description\":\"Hier findet ihr eine \u00dcbersicht der am h\u00e4ufigsten verwendeten T\u00f6nholzer. Tonholz hat je nach Art unterschiedliche Eigenschaften, die hier beschreiben werden.\",\"breadcrumb\":{\"@id\":\"https:\\\/\\\/stringsandwood.de\\\/index.php\\\/informationen-zum-gitarrenbau\\\/tonholz\\\/#breadcrumb\"},\"inLanguage\":\"de\",\"potentialAction\":[{\"@type\":\"ReadAction\",\"target\":[\"https:\\\/\\\/stringsandwood.de\\\/index.php\\\/informationen-zum-gitarrenbau\\\/tonholz\\\/\"]}]},{\"@type\":\"ImageObject\",\"inLanguage\":\"de\",\"@id\":\"https:\\\/\\\/stringsandwood.de\\\/index.php\\\/informationen-zum-gitarrenbau\\\/tonholz\\\/#primaryimage\",\"url\":\"https:\\\/\\\/stringsandwood.de\\\/wp-content\\\/uploads\\\/2016\\\/06\\\/tonholz.jpg\",\"contentUrl\":\"https:\\\/\\\/stringsandwood.de\\\/wp-content\\\/uploads\\\/2016\\\/06\\\/tonholz.jpg\",\"width\":1920,\"height\":500},{\"@type\":\"BreadcrumbList\",\"@id\":\"https:\\\/\\\/stringsandwood.de\\\/index.php\\\/informationen-zum-gitarrenbau\\\/tonholz\\\/#breadcrumb\",\"itemListElement\":[{\"@type\":\"ListItem\",\"position\":1,\"name\":\"Home\",\"item\":\"https:\\\/\\\/stringsandwood.de\\\/\"},{\"@type\":\"ListItem\",\"position\":2,\"name\":\"Infos zum Gitarrenbau\",\"item\":\"https:\\\/\\\/stringsandwood.de\\\/index.php\\\/informationen-zum-gitarrenbau\\\/\"},{\"@type\":\"ListItem\",\"position\":3,\"name\":\"Tonholz\"}]},{\"@type\":\"WebSite\",\"@id\":\"https:\\\/\\\/stringsandwood.de\\\/#website\",\"url\":\"https:\\\/\\\/stringsandwood.de\\\/\",\"name\":\"Strings And Wood - Gitarrenbau aus Hamm\",\"description\":\"Gitarren in Handarbeit - Custom Guitars\",\"publisher\":{\"@id\":\"https:\\\/\\\/stringsandwood.de\\\/#organization\"},\"potentialAction\":[{\"@type\":\"SearchAction\",\"target\":{\"@type\":\"EntryPoint\",\"urlTemplate\":\"https:\\\/\\\/stringsandwood.de\\\/?s={search_term_string}\"},\"query-input\":{\"@type\":\"PropertyValueSpecification\",\"valueRequired\":true,\"valueName\":\"search_term_string\"}}],\"inLanguage\":\"de\"},{\"@type\":\"Organization\",\"@id\":\"https:\\\/\\\/stringsandwood.de\\\/#organization\",\"name\":\"Frank Zillmann Custom Guitars - Strings And Wood\",\"url\":\"https:\\\/\\\/stringsandwood.de\\\/\",\"logo\":{\"@type\":\"ImageObject\",\"inLanguage\":\"de\",\"@id\":\"https:\\\/\\\/stringsandwood.de\\\/#\\\/schema\\\/logo\\\/image\\\/\",\"url\":\"https:\\\/\\\/stringsandwood.de\\\/wp-content\\\/uploads\\\/2015\\\/08\\\/Strings-And-Wood.png\",\"contentUrl\":\"https:\\\/\\\/stringsandwood.de\\\/wp-content\\\/uploads\\\/2015\\\/08\\\/Strings-And-Wood.png\",\"width\":300,\"height\":31,\"caption\":\"Frank Zillmann Custom Guitars - Strings And Wood\"},\"image\":{\"@id\":\"https:\\\/\\\/stringsandwood.de\\\/#\\\/schema\\\/logo\\\/image\\\/\"},\"sameAs\":[\"https:\\\/\\\/www.facebook.com\\\/F.Zillmann\",\"https:\\\/\\\/www.instagram.com\\\/fzillmann\\\/\"]}]}<\/script>\n<!-- \/ Yoast SEO plugin. -->","yoast_head_json":{"title":"Tonholz, das im Gitarrenbau verwendet wird - eine \u00dcbersicht","description":"Hier findet ihr eine \u00dcbersicht der am h\u00e4ufigsten verwendeten T\u00f6nholzer. Tonholz hat je nach Art unterschiedliche Eigenschaften, die hier beschreiben werden.","robots":{"index":"index","follow":"follow","max-snippet":"max-snippet:-1","max-image-preview":"max-image-preview:large","max-video-preview":"max-video-preview:-1"},"canonical":"https:\/\/stringsandwood.de\/index.php\/informationen-zum-gitarrenbau\/tonholz\/","og_locale":"de_DE","og_type":"article","og_title":"Tonholz, das im Gitarrenbau verwendet wird - eine \u00dcbersicht","og_description":"Hier findet ihr eine \u00dcbersicht der am h\u00e4ufigsten verwendeten T\u00f6nholzer. Tonholz hat je nach Art unterschiedliche Eigenschaften, die hier beschreiben werden.","og_url":"https:\/\/stringsandwood.de\/index.php\/informationen-zum-gitarrenbau\/tonholz\/","og_site_name":"Strings And Wood - Gitarrenbau aus Hamm","article_publisher":"https:\/\/www.facebook.com\/F.Zillmann","article_modified_time":"2018-08-13T09:05:51+00:00","og_image":[{"width":1920,"height":500,"url":"https:\/\/stringsandwood.de\/wp-content\/uploads\/2016\/06\/tonholz.jpg","type":"image\/jpeg"}],"twitter_card":"summary_large_image","twitter_misc":{"Gesch\u00e4tzte Lesezeit":"6\u00a0Minuten"},"schema":{"@context":"https:\/\/schema.org","@graph":[{"@type":"WebPage","@id":"https:\/\/stringsandwood.de\/index.php\/informationen-zum-gitarrenbau\/tonholz\/","url":"https:\/\/stringsandwood.de\/index.php\/informationen-zum-gitarrenbau\/tonholz\/","name":"Tonholz, das im Gitarrenbau verwendet wird - eine \u00dcbersicht","isPartOf":{"@id":"https:\/\/stringsandwood.de\/#website"},"primaryImageOfPage":{"@id":"https:\/\/stringsandwood.de\/index.php\/informationen-zum-gitarrenbau\/tonholz\/#primaryimage"},"image":{"@id":"https:\/\/stringsandwood.de\/index.php\/informationen-zum-gitarrenbau\/tonholz\/#primaryimage"},"thumbnailUrl":"https:\/\/stringsandwood.de\/wp-content\/uploads\/2016\/06\/tonholz.jpg","datePublished":"2016-06-20T13:51:03+00:00","dateModified":"2018-08-13T09:05:51+00:00","description":"Hier findet ihr eine \u00dcbersicht der am h\u00e4ufigsten verwendeten T\u00f6nholzer. Tonholz hat je nach Art unterschiedliche Eigenschaften, die hier beschreiben werden.","breadcrumb":{"@id":"https:\/\/stringsandwood.de\/index.php\/informationen-zum-gitarrenbau\/tonholz\/#breadcrumb"},"inLanguage":"de","potentialAction":[{"@type":"ReadAction","target":["https:\/\/stringsandwood.de\/index.php\/informationen-zum-gitarrenbau\/tonholz\/"]}]},{"@type":"ImageObject","inLanguage":"de","@id":"https:\/\/stringsandwood.de\/index.php\/informationen-zum-gitarrenbau\/tonholz\/#primaryimage","url":"https:\/\/stringsandwood.de\/wp-content\/uploads\/2016\/06\/tonholz.jpg","contentUrl":"https:\/\/stringsandwood.de\/wp-content\/uploads\/2016\/06\/tonholz.jpg","width":1920,"height":500},{"@type":"BreadcrumbList","@id":"https:\/\/stringsandwood.de\/index.php\/informationen-zum-gitarrenbau\/tonholz\/#breadcrumb","itemListElement":[{"@type":"ListItem","position":1,"name":"Home","item":"https:\/\/stringsandwood.de\/"},{"@type":"ListItem","position":2,"name":"Infos zum Gitarrenbau","item":"https:\/\/stringsandwood.de\/index.php\/informationen-zum-gitarrenbau\/"},{"@type":"ListItem","position":3,"name":"Tonholz"}]},{"@type":"WebSite","@id":"https:\/\/stringsandwood.de\/#website","url":"https:\/\/stringsandwood.de\/","name":"Strings And Wood - Gitarrenbau aus Hamm","description":"Gitarren in Handarbeit - Custom Guitars","publisher":{"@id":"https:\/\/stringsandwood.de\/#organization"},"potentialAction":[{"@type":"SearchAction","target":{"@type":"EntryPoint","urlTemplate":"https:\/\/stringsandwood.de\/?s={search_term_string}"},"query-input":{"@type":"PropertyValueSpecification","valueRequired":true,"valueName":"search_term_string"}}],"inLanguage":"de"},{"@type":"Organization","@id":"https:\/\/stringsandwood.de\/#organization","name":"Frank Zillmann Custom Guitars - Strings And Wood","url":"https:\/\/stringsandwood.de\/","logo":{"@type":"ImageObject","inLanguage":"de","@id":"https:\/\/stringsandwood.de\/#\/schema\/logo\/image\/","url":"https:\/\/stringsandwood.de\/wp-content\/uploads\/2015\/08\/Strings-And-Wood.png","contentUrl":"https:\/\/stringsandwood.de\/wp-content\/uploads\/2015\/08\/Strings-And-Wood.png","width":300,"height":31,"caption":"Frank Zillmann Custom Guitars - Strings And Wood"},"image":{"@id":"https:\/\/stringsandwood.de\/#\/schema\/logo\/image\/"},"sameAs":["https:\/\/www.facebook.com\/F.Zillmann","https:\/\/www.instagram.com\/fzillmann\/"]}]}},"_links":{"self":[{"href":"https:\/\/stringsandwood.de\/index.php\/wp-json\/wp\/v2\/pages\/565","targetHints":{"allow":["GET"]}}],"collection":[{"href":"https:\/\/stringsandwood.de\/index.php\/wp-json\/wp\/v2\/pages"}],"about":[{"href":"https:\/\/stringsandwood.de\/index.php\/wp-json\/wp\/v2\/types\/page"}],"author":[{"embeddable":true,"href":"https:\/\/stringsandwood.de\/index.php\/wp-json\/wp\/v2\/users\/3"}],"replies":[{"embeddable":true,"href":"https:\/\/stringsandwood.de\/index.php\/wp-json\/wp\/v2\/comments?post=565"}],"version-history":[{"count":44,"href":"https:\/\/stringsandwood.de\/index.php\/wp-json\/wp\/v2\/pages\/565\/revisions"}],"predecessor-version":[{"id":958,"href":"https:\/\/stringsandwood.de\/index.php\/wp-json\/wp\/v2\/pages\/565\/revisions\/958"}],"up":[{"embeddable":true,"href":"https:\/\/stringsandwood.de\/index.php\/wp-json\/wp\/v2\/pages\/363"}],"wp:featuredmedia":[{"embeddable":true,"href":"https:\/\/stringsandwood.de\/index.php\/wp-json\/wp\/v2\/media\/735"}],"wp:attachment":[{"href":"https:\/\/stringsandwood.de\/index.php\/wp-json\/wp\/v2\/media?parent=565"}],"curies":[{"name":"wp","href":"https:\/\/api.w.org\/{rel}","templated":true}]}}