{"id":604,"date":"2016-06-24T11:13:11","date_gmt":"2016-06-24T09:13:11","guid":{"rendered":"https:\/\/stringsandwood.de\/?page_id=604"},"modified":"2018-08-13T11:18:02","modified_gmt":"2018-08-13T09:18:02","slug":"bauformen","status":"publish","type":"page","link":"https:\/\/stringsandwood.de\/index.php\/informationen-zum-gitarrenbau\/bauformen\/","title":{"rendered":"Bauformen"},"content":{"rendered":"<h4 style=\"color: #990000;\">Die h\u00e4ufigsten Gitarrentypen<\/h4>\n<h1>Bauformen<\/h1>\n<h2>Akustikgitarren Bauformen<\/h2>\n<div id=\"attachment_672\" style=\"width: 210px\" class=\"wp-caption alignleft\"><a href=\"https:\/\/stringsandwood.de\/wp-content\/uploads\/2016\/07\/Bauform-00.png\"><img loading=\"lazy\" decoding=\"async\" aria-describedby=\"caption-attachment-672\" class=\"wp-image-672\" src=\"https:\/\/stringsandwood.de\/wp-content\/uploads\/2016\/07\/Bauform-00.png\" alt=\"Bauform 00\" width=\"200\" height=\"250\" \/><\/a><p id=\"caption-attachment-672\" class=\"wp-caption-text\">Bauform 00<\/p><\/div>\n<div id=\"attachment_636\" style=\"width: 210px\" class=\"wp-caption alignleft\"><a href=\"https:\/\/stringsandwood.de\/wp-content\/uploads\/2016\/06\/Bauform-000.png\"><img loading=\"lazy\" decoding=\"async\" aria-describedby=\"caption-attachment-636\" class=\"wp-image-636\" src=\"https:\/\/stringsandwood.de\/wp-content\/uploads\/2016\/06\/Bauform-000.png\" alt=\"Bauform 000\" width=\"200\" height=\"250\" \/><\/a><p id=\"caption-attachment-636\" class=\"wp-caption-text\">Bauform 000<\/p><\/div>\n<div id=\"attachment_634\" style=\"width: 210px\" class=\"wp-caption alignleft\"><a href=\"https:\/\/stringsandwood.de\/wp-content\/uploads\/2016\/06\/Bauform-Dreadnought-1.png\"><img loading=\"lazy\" decoding=\"async\" aria-describedby=\"caption-attachment-634\" class=\"wp-image-634\" src=\"https:\/\/stringsandwood.de\/wp-content\/uploads\/2016\/06\/Bauform-Dreadnought-1.png\" alt=\"Bauformen Dreadnought\" width=\"200\" height=\"250\" \/><\/a><p id=\"caption-attachment-634\" class=\"wp-caption-text\">Bauform Dreadnought<\/p><\/div>\n<div id=\"attachment_676\" style=\"width: 210px\" class=\"wp-caption alignleft\"><a href=\"https:\/\/stringsandwood.de\/wp-content\/uploads\/2016\/06\/Bauform-Jumbo.png\"><img loading=\"lazy\" decoding=\"async\" aria-describedby=\"caption-attachment-676\" class=\"wp-image-676\" src=\"https:\/\/stringsandwood.de\/wp-content\/uploads\/2016\/06\/Bauform-Jumbo.png\" alt=\"Bauform Jumbo\" width=\"200\" height=\"250\" \/><\/a><p id=\"caption-attachment-676\" class=\"wp-caption-text\">Bauform Jumbo<\/p><\/div>\n<div style=\"clear: both; width: 100%;\"><\/div>\n<p>Bei Akustikgitarren beschr\u00e4nken wir uns auf die Bauformen von Westerngitarren. Die vier wichtigten Bauformen stellen die OO (Double-O), OOO (Triple-O), Dreadnought und Jumbo da.<br \/>\nAuff\u00e4llig sind nat\u00fcrlich die unterschiedlichen Gr\u00f6\u00dfen und Proportionen vom unteren zum oben Teil des Korpus. Der Korpus oder auch Resonanzk\u00f6rper ist f\u00fcr die Verst\u00e4rkung der durch die Saiten erzeugten Schwingungen verantwortlich und besteht im Wesentlichen aus der Schulter, Taille und Bauch die eine 8 ergeben, wobei die untere Rundung deutlich gr\u00f6\u00dfer ist als die obere. Das Schallloch befindet sich an der schmalsten Stelle, der Taille. Gr\u00f6\u00dfe und Proportion von Schulter und Bauch sind verantwortlich f\u00fcr die Lautst\u00e4rke, die Ausgewogenheit und den klanglichen Charakter der Gitarre. Nun mehr zu den einzelnen Modellen \u2026<\/p>\n<h3>OO oder auch \u201eGrand Concert\u201c<\/h3>\n<p>Die OO ist die Mutter aller Westerngitarren. Sie hat den kleinsten Resonanzk\u00f6rper und damit auch am leistesten. Sie eignet sich sehr gut f\u00fcr Fingerpicking. Ebenfalls haben kleine Menschen aufgrund der hervorragenden Bespielbarkeit ihre Freunde an diesen Instrumenten. Der Hals m\u00fcndet am 12 Bund in den Korpus. Der Klang der Double-O ist ausgewogen, wenn auch manchmal etwas d\u00fcnn.<\/p>\n<h3>OOO oder \u201e Grand Auditorium\u201c<\/h3>\n<p>Wie der Name es schon verr\u00e4t, ist die Triple-O eine Weiterentwicklung der Grand Concert. Die Proportionen sind \u00e4hnlich, wobei sie etwas tiefer und breiter ist. Oft die der Boden gew\u00f6lbt, um noch mehr Volumen zu bekommen. Das Ergebnis ist mehr Lautst\u00e4rke mit gr\u00f6\u00dferer Klangdichte und verbesserter Pr\u00e4zission. Auch dieses Modell eignet sich f\u00fcr Fingerpicking und Solospiel.<\/p>\n<h3>Dreadnought<\/h3>\n<p>Was, ein Schlachtschiff aus dem ersten Weltkrieg als Gitarre? Ja, die HMS Dreadnought (\u00fcbersetzt \u201eF\u00fcrchtenichts\u201c) der Royal Navy galt auch aufgrund ihrer Gr\u00f6\u00dfe als \u00dcberlegen in allen Belangen im Vergleich zu den Schiffen aus dieser Zeit. F\u00fcr Dreadnought-Modelle mit 6 oder 12 Saiten gilt das in etwa auch.<br \/>\nDer Korpus ist im Vergleich zu OO und OOO deutlich gr\u00f6\u00dfer, die Schulter ist proportional kleiner und l\u00e4uft fast gerade in die Taille. Der durch diese Bauweise erzielte Klang zeichnet sich durch deutlich kr\u00e4ftigere B\u00e4sse lautere H\u00f6hen aus. Wenn es einen Schwachpunkt bei D-Modellen gibt, dann liegen sie oft im Bereich der Mitten. Das ist aber stark von Modell und Hersteller abh\u00e4ngig. Der Halsansatz ist am 14. Bund. Die Dreadnought ist der unumstrittene Allrounder und damit auch am weitesten verbreitet. Entwickelt und eingef\u00fchrt wurde diese Bauform durch C.F. Martin Guitars, Klassiker sind hier die D-28 und die D-18.<\/p>\n<h3>Jumbo<\/h3>\n<p>Die Jumbo war Gibson\u00b4s Antwort auf die Dreadnought. Auch sie hat einen gro\u00dfen Korpus, der allerdings in den Proportionen eher der OOO \u00e4hnelt. Sie erzeugt ebenfalls einen tieferen Klang mit sehr viel Sustain, ist aber nicht ganz so gut bespielbar wie eine Dreadnought. Der Halsansatz ist auch hier am 14. Bund. Die Gibson J-200 ist das bekannteste Modell dieser Art.<\/p>\n<h2>E-Gitarren<\/h2>\n<div id=\"attachment_639\" style=\"width: 210px\" class=\"wp-caption alignleft\"><a href=\"https:\/\/stringsandwood.de\/wp-content\/uploads\/2016\/06\/Bauform-Telecaster.png\"><img loading=\"lazy\" decoding=\"async\" aria-describedby=\"caption-attachment-639\" class=\"wp-image-639\" src=\"https:\/\/stringsandwood.de\/wp-content\/uploads\/2016\/06\/Bauform-Telecaster.png\" alt=\"Bauform Telecaster\" width=\"200\" height=\"250\" \/><\/a><p id=\"caption-attachment-639\" class=\"wp-caption-text\">Bauform Telecaster<\/p><\/div>\n<div id=\"attachment_638\" style=\"width: 210px\" class=\"wp-caption alignleft\"><a href=\"https:\/\/stringsandwood.de\/wp-content\/uploads\/2016\/06\/Bauform-Stratocaster.png\"><img loading=\"lazy\" decoding=\"async\" aria-describedby=\"caption-attachment-638\" class=\"wp-image-638\" src=\"https:\/\/stringsandwood.de\/wp-content\/uploads\/2016\/06\/Bauform-Stratocaster.png\" alt=\"Bauform Stratocaster\" width=\"200\" height=\"250\" \/><\/a><p id=\"caption-attachment-638\" class=\"wp-caption-text\">Bauform Stratocaster<\/p><\/div>\n<div id=\"attachment_643\" style=\"width: 210px\" class=\"wp-caption alignleft\"><a href=\"https:\/\/stringsandwood.de\/wp-content\/uploads\/2016\/06\/Bauform-Les-Paul.png\"><img loading=\"lazy\" decoding=\"async\" aria-describedby=\"caption-attachment-643\" class=\"wp-image-643\" src=\"https:\/\/stringsandwood.de\/wp-content\/uploads\/2016\/06\/Bauform-Les-Paul.png\" alt=\"Bauform Les Paul\" width=\"200\" height=\"250\" \/><\/a><p id=\"caption-attachment-643\" class=\"wp-caption-text\">Bauform Les Paul<\/p><\/div>\n<div id=\"attachment_644\" style=\"width: 210px\" class=\"wp-caption alignleft\"><a href=\"https:\/\/stringsandwood.de\/wp-content\/uploads\/2016\/06\/Bauform-SG.png\"><img loading=\"lazy\" decoding=\"async\" aria-describedby=\"caption-attachment-644\" class=\"wp-image-644\" src=\"https:\/\/stringsandwood.de\/wp-content\/uploads\/2016\/06\/Bauform-SG.png\" alt=\"Bauformen SG\" width=\"200\" height=\"250\" \/><\/a><p id=\"caption-attachment-644\" class=\"wp-caption-text\">Bauform SG<\/p><\/div>\n<div style=\"clear: both; width: 100%;\"><\/div>\n<h2>Halbresonanz-Gitarren (Blues &amp; Jazz)<\/h2>\n<div id=\"attachment_622\" style=\"width: 210px\" class=\"wp-caption alignleft\"><a href=\"https:\/\/stringsandwood.de\/wp-content\/uploads\/2016\/06\/Bauform-Gibson-ES335.png\"><img loading=\"lazy\" decoding=\"async\" aria-describedby=\"caption-attachment-622\" class=\"wp-image-622\" src=\"https:\/\/stringsandwood.de\/wp-content\/uploads\/2016\/06\/Bauform-Gibson-ES335.png\" alt=\"Bauform Gibson ES 335\" width=\"200\" height=\"250\" \/><\/a><p id=\"caption-attachment-622\" class=\"wp-caption-text\">Bauform Gibson ES 335<\/p><\/div>\n<div id=\"attachment_647\" style=\"width: 210px\" class=\"wp-caption alignleft\"><a href=\"https:\/\/stringsandwood.de\/wp-content\/uploads\/2016\/06\/Bauform-Gibson-L4.png\"><img loading=\"lazy\" decoding=\"async\" aria-describedby=\"caption-attachment-647\" class=\"wp-image-647\" src=\"https:\/\/stringsandwood.de\/wp-content\/uploads\/2016\/06\/Bauform-Gibson-L4.png\" alt=\"Bauform Gibson L4\" width=\"200\" height=\"250\" \/><\/a><p id=\"caption-attachment-647\" class=\"wp-caption-text\">Bauform Gibson L4<\/p><\/div>\n<div id=\"attachment_648\" style=\"width: 210px\" class=\"wp-caption alignleft\"><a href=\"https:\/\/stringsandwood.de\/wp-content\/uploads\/2016\/06\/Bauform-Gibson-L5.png\"><img loading=\"lazy\" decoding=\"async\" aria-describedby=\"caption-attachment-648\" class=\"wp-image-648\" src=\"https:\/\/stringsandwood.de\/wp-content\/uploads\/2016\/06\/Bauform-Gibson-L5.png\" alt=\"Bauformen Gibson L5\" width=\"200\" height=\"250\" \/><\/a><p id=\"caption-attachment-648\" class=\"wp-caption-text\">Bauform Gibson L5<\/p><\/div>\n<div style=\"clear: both; width: 100%;\"><\/div>\n","protected":false},"excerpt":{"rendered":"<p>Die h\u00e4ufigsten Gitarrentypen Bauformen Akustikgitarren Bauformen Bei Akustikgitarren beschr\u00e4nken wir uns auf die Bauformen von Westerngitarren. Die vier wichtigten Bauformen stellen die OO (Double-O), OOO (Triple-O), Dreadnought und Jumbo da. [&hellip;]<\/p>\n","protected":false},"author":3,"featured_media":0,"parent":363,"menu_order":0,"comment_status":"closed","ping_status":"closed","template":"page_bauformen.php","meta":{"footnotes":""},"class_list":["post-604","page","type-page","status-publish","hentry"],"yoast_head":"<!-- This site is optimized with the Yoast SEO plugin v27.6 - https:\/\/yoast.com\/product\/yoast-seo-wordpress\/ -->\n<title>Bauformen von Akustik, E- und Halbresonanzgitarren<\/title>\n<meta name=\"description\" content=\"Hier stelle ich die wichtigten Bauformen von Akustik, E- und Halbresonanzgitarren vor. Die Silhouette verr\u00e4t schon so einiges \u00fcber den Sound.\" \/>\n<meta name=\"robots\" content=\"index, follow, max-snippet:-1, max-image-preview:large, max-video-preview:-1\" \/>\n<link rel=\"canonical\" href=\"https:\/\/stringsandwood.de\/index.php\/informationen-zum-gitarrenbau\/bauformen\/\" \/>\n<meta property=\"og:locale\" content=\"de_DE\" \/>\n<meta property=\"og:type\" content=\"article\" \/>\n<meta property=\"og:title\" content=\"Bauformen von Akustik, E- und Halbresonanzgitarren\" \/>\n<meta property=\"og:description\" content=\"Hier stelle ich die wichtigten Bauformen von Akustik, E- und Halbresonanzgitarren vor. Die Silhouette verr\u00e4t schon so einiges \u00fcber den Sound.\" \/>\n<meta property=\"og:url\" content=\"https:\/\/stringsandwood.de\/index.php\/informationen-zum-gitarrenbau\/bauformen\/\" \/>\n<meta property=\"og:site_name\" content=\"Strings And Wood - Gitarrenbau aus Hamm\" \/>\n<meta property=\"article:publisher\" content=\"https:\/\/www.facebook.com\/F.Zillmann\" \/>\n<meta property=\"article:modified_time\" content=\"2018-08-13T09:18:02+00:00\" \/>\n<meta property=\"og:image\" content=\"https:\/\/stringsandwood.de\/wp-content\/uploads\/2016\/07\/Bauform-00.png\" \/>\n<meta name=\"twitter:card\" content=\"summary_large_image\" \/>\n<meta name=\"twitter:label1\" content=\"Gesch\u00e4tzte Lesezeit\" \/>\n\t<meta name=\"twitter:data1\" content=\"3\u00a0Minuten\" \/>\n<script type=\"application\/ld+json\" class=\"yoast-schema-graph\">{\"@context\":\"https:\\\/\\\/schema.org\",\"@graph\":[{\"@type\":\"WebPage\",\"@id\":\"https:\\\/\\\/stringsandwood.de\\\/index.php\\\/informationen-zum-gitarrenbau\\\/bauformen\\\/\",\"url\":\"https:\\\/\\\/stringsandwood.de\\\/index.php\\\/informationen-zum-gitarrenbau\\\/bauformen\\\/\",\"name\":\"Bauformen von Akustik, E- und Halbresonanzgitarren\",\"isPartOf\":{\"@id\":\"https:\\\/\\\/stringsandwood.de\\\/#website\"},\"primaryImageOfPage\":{\"@id\":\"https:\\\/\\\/stringsandwood.de\\\/index.php\\\/informationen-zum-gitarrenbau\\\/bauformen\\\/#primaryimage\"},\"image\":{\"@id\":\"https:\\\/\\\/stringsandwood.de\\\/index.php\\\/informationen-zum-gitarrenbau\\\/bauformen\\\/#primaryimage\"},\"thumbnailUrl\":\"https:\\\/\\\/stringsandwood.de\\\/wp-content\\\/uploads\\\/2016\\\/07\\\/Bauform-00.png\",\"datePublished\":\"2016-06-24T09:13:11+00:00\",\"dateModified\":\"2018-08-13T09:18:02+00:00\",\"description\":\"Hier stelle ich die wichtigten Bauformen von Akustik, E- und Halbresonanzgitarren vor. Die Silhouette verr\u00e4t schon so einiges \u00fcber den Sound.\",\"breadcrumb\":{\"@id\":\"https:\\\/\\\/stringsandwood.de\\\/index.php\\\/informationen-zum-gitarrenbau\\\/bauformen\\\/#breadcrumb\"},\"inLanguage\":\"de\",\"potentialAction\":[{\"@type\":\"ReadAction\",\"target\":[\"https:\\\/\\\/stringsandwood.de\\\/index.php\\\/informationen-zum-gitarrenbau\\\/bauformen\\\/\"]}]},{\"@type\":\"ImageObject\",\"inLanguage\":\"de\",\"@id\":\"https:\\\/\\\/stringsandwood.de\\\/index.php\\\/informationen-zum-gitarrenbau\\\/bauformen\\\/#primaryimage\",\"url\":\"https:\\\/\\\/stringsandwood.de\\\/wp-content\\\/uploads\\\/2016\\\/07\\\/Bauform-00.png\",\"contentUrl\":\"https:\\\/\\\/stringsandwood.de\\\/wp-content\\\/uploads\\\/2016\\\/07\\\/Bauform-00.png\"},{\"@type\":\"BreadcrumbList\",\"@id\":\"https:\\\/\\\/stringsandwood.de\\\/index.php\\\/informationen-zum-gitarrenbau\\\/bauformen\\\/#breadcrumb\",\"itemListElement\":[{\"@type\":\"ListItem\",\"position\":1,\"name\":\"Home\",\"item\":\"https:\\\/\\\/stringsandwood.de\\\/\"},{\"@type\":\"ListItem\",\"position\":2,\"name\":\"Infos zum Gitarrenbau\",\"item\":\"https:\\\/\\\/stringsandwood.de\\\/index.php\\\/informationen-zum-gitarrenbau\\\/\"},{\"@type\":\"ListItem\",\"position\":3,\"name\":\"Bauformen\"}]},{\"@type\":\"WebSite\",\"@id\":\"https:\\\/\\\/stringsandwood.de\\\/#website\",\"url\":\"https:\\\/\\\/stringsandwood.de\\\/\",\"name\":\"Strings And Wood - Gitarrenbau aus Hamm\",\"description\":\"Gitarren in Handarbeit - Custom Guitars\",\"publisher\":{\"@id\":\"https:\\\/\\\/stringsandwood.de\\\/#organization\"},\"potentialAction\":[{\"@type\":\"SearchAction\",\"target\":{\"@type\":\"EntryPoint\",\"urlTemplate\":\"https:\\\/\\\/stringsandwood.de\\\/?s={search_term_string}\"},\"query-input\":{\"@type\":\"PropertyValueSpecification\",\"valueRequired\":true,\"valueName\":\"search_term_string\"}}],\"inLanguage\":\"de\"},{\"@type\":\"Organization\",\"@id\":\"https:\\\/\\\/stringsandwood.de\\\/#organization\",\"name\":\"Frank Zillmann Custom Guitars - Strings And Wood\",\"url\":\"https:\\\/\\\/stringsandwood.de\\\/\",\"logo\":{\"@type\":\"ImageObject\",\"inLanguage\":\"de\",\"@id\":\"https:\\\/\\\/stringsandwood.de\\\/#\\\/schema\\\/logo\\\/image\\\/\",\"url\":\"https:\\\/\\\/stringsandwood.de\\\/wp-content\\\/uploads\\\/2015\\\/08\\\/Strings-And-Wood.png\",\"contentUrl\":\"https:\\\/\\\/stringsandwood.de\\\/wp-content\\\/uploads\\\/2015\\\/08\\\/Strings-And-Wood.png\",\"width\":300,\"height\":31,\"caption\":\"Frank Zillmann Custom Guitars - Strings And Wood\"},\"image\":{\"@id\":\"https:\\\/\\\/stringsandwood.de\\\/#\\\/schema\\\/logo\\\/image\\\/\"},\"sameAs\":[\"https:\\\/\\\/www.facebook.com\\\/F.Zillmann\",\"https:\\\/\\\/www.instagram.com\\\/fzillmann\\\/\"]}]}<\/script>\n<!-- \/ Yoast SEO plugin. -->","yoast_head_json":{"title":"Bauformen von Akustik, E- und Halbresonanzgitarren","description":"Hier stelle ich die wichtigten Bauformen von Akustik, E- und Halbresonanzgitarren vor. Die Silhouette verr\u00e4t schon so einiges \u00fcber den Sound.","robots":{"index":"index","follow":"follow","max-snippet":"max-snippet:-1","max-image-preview":"max-image-preview:large","max-video-preview":"max-video-preview:-1"},"canonical":"https:\/\/stringsandwood.de\/index.php\/informationen-zum-gitarrenbau\/bauformen\/","og_locale":"de_DE","og_type":"article","og_title":"Bauformen von Akustik, E- und Halbresonanzgitarren","og_description":"Hier stelle ich die wichtigten Bauformen von Akustik, E- und Halbresonanzgitarren vor. Die Silhouette verr\u00e4t schon so einiges \u00fcber den Sound.","og_url":"https:\/\/stringsandwood.de\/index.php\/informationen-zum-gitarrenbau\/bauformen\/","og_site_name":"Strings And Wood - Gitarrenbau aus Hamm","article_publisher":"https:\/\/www.facebook.com\/F.Zillmann","article_modified_time":"2018-08-13T09:18:02+00:00","og_image":[{"url":"https:\/\/stringsandwood.de\/wp-content\/uploads\/2016\/07\/Bauform-00.png","type":"","width":"","height":""}],"twitter_card":"summary_large_image","twitter_misc":{"Gesch\u00e4tzte Lesezeit":"3\u00a0Minuten"},"schema":{"@context":"https:\/\/schema.org","@graph":[{"@type":"WebPage","@id":"https:\/\/stringsandwood.de\/index.php\/informationen-zum-gitarrenbau\/bauformen\/","url":"https:\/\/stringsandwood.de\/index.php\/informationen-zum-gitarrenbau\/bauformen\/","name":"Bauformen von Akustik, E- und Halbresonanzgitarren","isPartOf":{"@id":"https:\/\/stringsandwood.de\/#website"},"primaryImageOfPage":{"@id":"https:\/\/stringsandwood.de\/index.php\/informationen-zum-gitarrenbau\/bauformen\/#primaryimage"},"image":{"@id":"https:\/\/stringsandwood.de\/index.php\/informationen-zum-gitarrenbau\/bauformen\/#primaryimage"},"thumbnailUrl":"https:\/\/stringsandwood.de\/wp-content\/uploads\/2016\/07\/Bauform-00.png","datePublished":"2016-06-24T09:13:11+00:00","dateModified":"2018-08-13T09:18:02+00:00","description":"Hier stelle ich die wichtigten Bauformen von Akustik, E- und Halbresonanzgitarren vor. Die Silhouette verr\u00e4t schon so einiges \u00fcber den Sound.","breadcrumb":{"@id":"https:\/\/stringsandwood.de\/index.php\/informationen-zum-gitarrenbau\/bauformen\/#breadcrumb"},"inLanguage":"de","potentialAction":[{"@type":"ReadAction","target":["https:\/\/stringsandwood.de\/index.php\/informationen-zum-gitarrenbau\/bauformen\/"]}]},{"@type":"ImageObject","inLanguage":"de","@id":"https:\/\/stringsandwood.de\/index.php\/informationen-zum-gitarrenbau\/bauformen\/#primaryimage","url":"https:\/\/stringsandwood.de\/wp-content\/uploads\/2016\/07\/Bauform-00.png","contentUrl":"https:\/\/stringsandwood.de\/wp-content\/uploads\/2016\/07\/Bauform-00.png"},{"@type":"BreadcrumbList","@id":"https:\/\/stringsandwood.de\/index.php\/informationen-zum-gitarrenbau\/bauformen\/#breadcrumb","itemListElement":[{"@type":"ListItem","position":1,"name":"Home","item":"https:\/\/stringsandwood.de\/"},{"@type":"ListItem","position":2,"name":"Infos zum Gitarrenbau","item":"https:\/\/stringsandwood.de\/index.php\/informationen-zum-gitarrenbau\/"},{"@type":"ListItem","position":3,"name":"Bauformen"}]},{"@type":"WebSite","@id":"https:\/\/stringsandwood.de\/#website","url":"https:\/\/stringsandwood.de\/","name":"Strings And Wood - Gitarrenbau aus Hamm","description":"Gitarren in Handarbeit - Custom Guitars","publisher":{"@id":"https:\/\/stringsandwood.de\/#organization"},"potentialAction":[{"@type":"SearchAction","target":{"@type":"EntryPoint","urlTemplate":"https:\/\/stringsandwood.de\/?s={search_term_string}"},"query-input":{"@type":"PropertyValueSpecification","valueRequired":true,"valueName":"search_term_string"}}],"inLanguage":"de"},{"@type":"Organization","@id":"https:\/\/stringsandwood.de\/#organization","name":"Frank Zillmann Custom Guitars - Strings And Wood","url":"https:\/\/stringsandwood.de\/","logo":{"@type":"ImageObject","inLanguage":"de","@id":"https:\/\/stringsandwood.de\/#\/schema\/logo\/image\/","url":"https:\/\/stringsandwood.de\/wp-content\/uploads\/2015\/08\/Strings-And-Wood.png","contentUrl":"https:\/\/stringsandwood.de\/wp-content\/uploads\/2015\/08\/Strings-And-Wood.png","width":300,"height":31,"caption":"Frank Zillmann Custom Guitars - Strings And Wood"},"image":{"@id":"https:\/\/stringsandwood.de\/#\/schema\/logo\/image\/"},"sameAs":["https:\/\/www.facebook.com\/F.Zillmann","https:\/\/www.instagram.com\/fzillmann\/"]}]}},"_links":{"self":[{"href":"https:\/\/stringsandwood.de\/index.php\/wp-json\/wp\/v2\/pages\/604","targetHints":{"allow":["GET"]}}],"collection":[{"href":"https:\/\/stringsandwood.de\/index.php\/wp-json\/wp\/v2\/pages"}],"about":[{"href":"https:\/\/stringsandwood.de\/index.php\/wp-json\/wp\/v2\/types\/page"}],"author":[{"embeddable":true,"href":"https:\/\/stringsandwood.de\/index.php\/wp-json\/wp\/v2\/users\/3"}],"replies":[{"embeddable":true,"href":"https:\/\/stringsandwood.de\/index.php\/wp-json\/wp\/v2\/comments?post=604"}],"version-history":[{"count":28,"href":"https:\/\/stringsandwood.de\/index.php\/wp-json\/wp\/v2\/pages\/604\/revisions"}],"predecessor-version":[{"id":959,"href":"https:\/\/stringsandwood.de\/index.php\/wp-json\/wp\/v2\/pages\/604\/revisions\/959"}],"up":[{"embeddable":true,"href":"https:\/\/stringsandwood.de\/index.php\/wp-json\/wp\/v2\/pages\/363"}],"wp:attachment":[{"href":"https:\/\/stringsandwood.de\/index.php\/wp-json\/wp\/v2\/media?parent=604"}],"curies":[{"name":"wp","href":"https:\/\/api.w.org\/{rel}","templated":true}]}}