{"id":693,"date":"2016-09-11T16:21:48","date_gmt":"2016-09-11T14:21:48","guid":{"rendered":"https:\/\/stringsandwood.de\/?page_id=693"},"modified":"2020-05-28T17:24:00","modified_gmt":"2020-05-28T15:24:00","slug":"floyd-rose-tremolo-einstellen","status":"publish","type":"page","link":"https:\/\/stringsandwood.de\/index.php\/informationen-zum-gitarrenbau\/floyd-rose-tremolo-einstellen\/","title":{"rendered":"Floyd Rose Tremolo einstellen"},"content":{"rendered":"<h4 style=\"color: #990000;\">Wie geht das?<\/h4>\n<h1>Floyd Rose Tremolo einstellen<\/h1>\n<p>Eine Gitarre mit Floyd Rose Temolo zu stimmen, oder das Tremolo selbst einzustellen ist kein Hexenwerk. Jedoch muss man einige Sachen dringend\u00a0 beachten, um ein wirklich stimmstabiles Instrument in den H\u00e4nden zu halten.\u00a0 An dieser Stelle hilft es wirklich erst einmal genau zu verstehen, wie ein Floyd Rose funktioniert.<\/p>\n<p>Anders als bei anderen Tremolos und Br\u00fccken, werden die Saiten zwischen Sattel und Br\u00fccke fest eingeklemmt. Da sich das Floyd Rose in beide Richtungen bewegen kann \u2013 nach oben, h\u00f6herer Ton und nach unten, tieferer Ton\u00a0 \u2013 ist es wichtig, dass bei neutraler Stellung, das Tremolo parallel zum Body eingestellt ist. Das wird dadurch erreicht, indem die Spannung der Federn die Spannung der Saiten komplett kompensiert.\u00a0 Bildlich gesprochen schwimmt das Tremolo in einer neutralen Stellung. Wenn die Gitarre perfekt eingestellt ist, funktioniert das Setup allerdings nur f\u00fcr den verwendeten Saitentyp. Beim Wechsel von 09er auf 010er muss das Floyd Rose neu eingestellt werden. Dieser Effekt ergibt sich auch, wenn man innerhalb der gleichen St\u00e4rke die Marke wechselt. So haben bspw. Ernie Ball Saiten eine etwas h\u00f6here Spannung als D`Addario Saiten, auch wenn beide S\u00e4tze 010er sind! Auch hier gilt, Setup \u00fcberpr\u00fcfen und neu einstellen.<\/p>\n<p>Und so funktioniert es:<\/p>\n<h3>Step 1:<\/h3>\n<p>Zuerst werden die Saitenklemmen am Sattel gel\u00f6st. Hierzu werden die drei Inbusschrauben an den Klemmen gel\u00f6st.<\/p>\n<h3>Step 2:<\/h3>\n<p>Nun werden die Feinstimmschauben in Mittelstellung gebracht. Die Mittelstellung findet Ihr indem die Schrauben komplett gel\u00f6st werden. Dann zieht man sie vorsichtig an und z\u00e4hlt dabei die Umdrehungen. Die Feinstimmschrauben werden dann wieder genau um die H\u00e4lfte der gez\u00e4hlten Umdrehungen gel\u00f6st; sie sind nun in der Mittelstellung. So k\u00f6nnen die Saiten sp\u00e4ter um ca. \u00bc Ton h\u00f6her oder niedriger gestimmt werden.<\/p>\n<h3>Step 3:<\/h3>\n<p>Nun werden die Saiten gestimmt. Musiker mit perfektem Geh\u00f6r k\u00f6nnen das ohne Stimmger\u00e4t machen, die anderen 99,9% sollten dringend ein hochwertiges Stimmger\u00e4t benutzen. Hierbei ist zu beachten, wenn eine Saite gespannt wird, sich die anderen entspannen, Stichwort: \u201eSpannung &#8211; Gegenspannung. Hier gilt das oben gesagte. Die Federn kompensieren die Spannung aller Saiten. Genauso spannen sich die restlichen Saiten, wenn eine entspannt wird. Daher ist dieser Vorgang \u00f6fters zu wiederholen. Wichtig hierbei ist, dass immer mit der tiefen A-Saite begonnen wird. Sie ist zwar d\u00fcnner als die &#8222;dicke&#8220; E-Saite hat aber die gr\u00f6\u00dfte Spannung und damit auch den gr\u00f6\u00dften Einfluss auf die anderen. Dann folgen die Saiten E, D, G, b (h) und e. Das gilt nicht nur f\u00fcr Gitarren mit Floyd Rose Tremolo, sonder f\u00fcr jedes Saiteninstrument, selbst das Klavier. Je genauer die Stimmung an dieser Stelle ist, um so besser k\u00f6nnt ihr sp\u00e4ter mit den Feinstimmschrauben arbeiten.<\/p>\n<p>Ein guter Trick ist hierbei, das Verhalten der restlichen Saiten vorauszuahnen (also doch Hexenwerk). Wenn die Gitarre insgesamt zu tief ist, m\u00fcssen alle Saiten st\u00e4rker gespannt werden. Das bedeutet, dass die tiefe E-Saite mit Stimmen jeder weiteren Saite tiefer wird. Also k\u00f6nnt ihr f\u00fcr diesen Fall die tiefe E-Saite etwas zu hoch stimmen, sie kommt dann mit Stimmen der weiteren Saiten immer n\u00e4her an das gew\u00fcnschte Ergebnis ran. Wenn man es ein paar mal gemacht hat, dann bekommt man ein Gef\u00fchl daf\u00fcr und logisch ist es allemal (doch kein Hexenwerk).<\/p>\n<h3>Step 4:<\/h3>\n<p>Wo nun die Saiten die korrekte Spannung haben, muss kontrolliert werden, ob die durch die Federn erzeugte Gegenspannung so hoch ist, dass der Tremolofu\u00df parallel zum Body liegt. Wenn das so ist, kann man bei Schritt 5 weitermachen. Wenn nicht, also das Tremolo nach oben oder unten zeigt, dann muss die Federspannung korrigiert werden. Hierzu muss das Tremolofach auf der Gitarrenr\u00fcckseite ge\u00f6ffnet werden, also Deckel runter und schauen was wie verbaut ist.<br \/>\nBei extremen Abweichungen, oder dem Wechsel von 09er auf 012er Saiten und umgekehrt m\u00fcssen weitere Federn hinzugef\u00fcgt oder entnommen werden. Hierbei ist zu beachten, dass im oberen Bereich, da wo die dicken Saiten E und A im Tremolo klemmen die gr\u00f6\u00dfte Spannung erzeugt wird. Hier ist probieren angesagt, da es hierf\u00fcr keine Faustregel gibt. Zu viele Parameter beeinflussen die Federspannung. Bspw. Wie weit die Federnklaue mit den beiden Kreuzschlitzschrauben angedreht ist, oder auch wie alt die Federn sind, oder wie extrem sie gedehnt wurden.<\/p>\n<p>Bei kleineren Abweichungen reicht es aus die Federnklaue zu l\u00f6sen, oder anzuziehen. Beim L\u00f6sen, bitte nur etwas und sehr vorsichtig l\u00f6sen, da sie euch sonst um die Ohren fliegen k\u00f6nnen. Wenn man sich nicht sicher ist, lieber mit den Federn arbeiten.<\/p>\n<p>Die korrekte Einstellung, also parallel zum Body erreicht man bei Tremolos die zu flach liegen mit Erh\u00f6hung der Federspannung und bei Tremolos, die zu hoch liegen mit Verringern der Federspannung.<\/p>\n<p>Wenn die Federspannung korrekt ist, dann wird ab Schritt 3 wiederholt. Das hei\u00dft Gitarre sauber stimmen und weiter zu Schritt 4 Tremololage kontrollieren und ggf. einstellen.<\/p>\n<p>Diese Schritte m\u00fcssen so oft wiederholt werden, bis die Saiten sauber gestimmt sind und das Tremolo parallel liegt (schwimmt).<\/p>\n<h3>Step 5:<\/h3>\n<p>Da nun die Gitarre gestimmt ist und das Tremolo sich in neutraler (paralleler) Stellung befindet, werden die Saitenklemmen am Sattel festgezogen. Die Stimmung wird danach kontrolliert und ggf. mit den Feinstimmschrauben optimiert.<\/p>\n<h3>Step 6:<\/h3>\n<p>Das Setup des Tremolos ist nun fast fertig. Jetzt wird noch einmal die Saitenlage kontrolliert. Entspricht sie euren W\u00fcnschen ist alles gut. Falls sie zu hoch oder niedrig ist, dann kann sie mit den beiden Br\u00fcckenschrauben korrigiert werden (3 mm Inbusschl\u00fcssel). Danach muss nat\u00fcrlich die Stimmung kontrolliert und \u00fcber die Feinstimmschrauben korrigiert werden. Falls das nicht m\u00f6glich ist, oder die Feinstimmschrauben dann fast am Anschlag sind, muss die Prozedur komplett wiederholt werden. Dann solltet ihr aber ein gut bespielbares und stimmstabiles Instrument in den H\u00e4nden halten.<\/p>\n<h3>Tipps:<\/h3>\n<p>Wenn das Tremolo mit Ballistol (Waffen\u00f6l) gepflegt wird, wird es euch das danken und lange seinen Dienst ordentlich verrichten.<br \/>\nDie H\u00f6he der Saitenlage ist nat\u00fcrlich von den Gewohnheiten und der Spielweise des einzelnen Gitarristen abh\u00e4ngig. Ich finde einen Saitenabstand von 1,5 mm am 12. Bund optimal. Der Saitenabstand wird an der tiefen E-Saite gemessen und verringert sich geringf\u00fcgig zur hohen E-Saite hin. Wenn man keine Messwerkzeuge zur Hand hat, kann es man einfach mit einem Plektrum testen. Es muss locker hinter die tiefe E-Saite passen. Wenn es beim loslassen dann an den unteren Saiten h\u00e4ngen bleibt ist es OK. Pr\u00e4zises Messen und Kontrolle mit einer Radienlehre ist nat\u00fcrlich besser, aber man hat zumindest einen Anhaltspunkt.<\/p>\n<p><a href=\"https:\/\/stringsandwood.de\/wp-content\/uploads\/2016\/09\/Floyd-Rose-einstellen.pdf\">Dieses How to als PDF downloaden (floyd-rose-einstellen.pdf, 69kb).<\/a><\/p>\n<p>Ich \u00fcbernehme keine Haftung f\u00fcr Sch\u00e4den, die aus Nutzung dieser Anleitung resultieren. Ihr schraubt also auf eigene Gefahr.<\/p>\n","protected":false},"excerpt":{"rendered":"<p>Wie geht das? Floyd Rose Tremolo einstellen Eine Gitarre mit Floyd Rose Temolo zu stimmen, oder das Tremolo selbst einzustellen ist kein Hexenwerk. Jedoch muss man einige Sachen dringend\u00a0 beachten, [&hellip;]<\/p>\n","protected":false},"author":3,"featured_media":0,"parent":363,"menu_order":0,"comment_status":"closed","ping_status":"closed","template":"page_floyd-rose.php","meta":{"footnotes":""},"class_list":["post-693","page","type-page","status-publish","hentry"],"yoast_head":"<!-- This site is optimized with the Yoast SEO plugin v27.3 - https:\/\/yoast.com\/product\/yoast-seo-wordpress\/ -->\n<title>Floyd Rose Tremolo richtig einstellen - hier erfahrt ihr wie es geht.<\/title>\n<meta name=\"description\" content=\"Ein Floyd Rose Tremolo einstellen ist gar nicht so einfach. Wenn man versteht wie funktioniert wird einiges klar. Wie es eingestelltwird erfahrt ihr hier.\" \/>\n<meta name=\"robots\" content=\"index, follow, max-snippet:-1, max-image-preview:large, max-video-preview:-1\" \/>\n<link rel=\"canonical\" href=\"https:\/\/stringsandwood.de\/index.php\/informationen-zum-gitarrenbau\/floyd-rose-tremolo-einstellen\/\" \/>\n<meta property=\"og:locale\" content=\"de_DE\" \/>\n<meta property=\"og:type\" content=\"article\" \/>\n<meta property=\"og:title\" content=\"Floyd Rose Tremolo richtig einstellen - hier erfahrt ihr wie es geht.\" \/>\n<meta property=\"og:description\" content=\"Ein Floyd Rose Tremolo einstellen ist gar nicht so einfach. Wenn man versteht wie funktioniert wird einiges klar. Wie es eingestelltwird erfahrt ihr hier.\" \/>\n<meta property=\"og:url\" content=\"https:\/\/stringsandwood.de\/index.php\/informationen-zum-gitarrenbau\/floyd-rose-tremolo-einstellen\/\" \/>\n<meta property=\"og:site_name\" content=\"Strings And Wood - Gitarrenbau aus Hamm\" \/>\n<meta property=\"article:publisher\" content=\"https:\/\/www.facebook.com\/F.Zillmann\" \/>\n<meta property=\"article:modified_time\" content=\"2020-05-28T15:24:00+00:00\" \/>\n<meta name=\"twitter:card\" content=\"summary_large_image\" \/>\n<meta name=\"twitter:label1\" content=\"Gesch\u00e4tzte Lesezeit\" \/>\n\t<meta name=\"twitter:data1\" content=\"6\u00a0Minuten\" \/>\n<script type=\"application\/ld+json\" class=\"yoast-schema-graph\">{\"@context\":\"https:\\\/\\\/schema.org\",\"@graph\":[{\"@type\":\"WebPage\",\"@id\":\"https:\\\/\\\/stringsandwood.de\\\/index.php\\\/informationen-zum-gitarrenbau\\\/floyd-rose-tremolo-einstellen\\\/\",\"url\":\"https:\\\/\\\/stringsandwood.de\\\/index.php\\\/informationen-zum-gitarrenbau\\\/floyd-rose-tremolo-einstellen\\\/\",\"name\":\"Floyd Rose Tremolo richtig einstellen - hier erfahrt ihr wie es geht.\",\"isPartOf\":{\"@id\":\"https:\\\/\\\/stringsandwood.de\\\/#website\"},\"datePublished\":\"2016-09-11T14:21:48+00:00\",\"dateModified\":\"2020-05-28T15:24:00+00:00\",\"description\":\"Ein Floyd Rose Tremolo einstellen ist gar nicht so einfach. Wenn man versteht wie funktioniert wird einiges klar. Wie es eingestelltwird erfahrt ihr hier.\",\"breadcrumb\":{\"@id\":\"https:\\\/\\\/stringsandwood.de\\\/index.php\\\/informationen-zum-gitarrenbau\\\/floyd-rose-tremolo-einstellen\\\/#breadcrumb\"},\"inLanguage\":\"de\",\"potentialAction\":[{\"@type\":\"ReadAction\",\"target\":[\"https:\\\/\\\/stringsandwood.de\\\/index.php\\\/informationen-zum-gitarrenbau\\\/floyd-rose-tremolo-einstellen\\\/\"]}]},{\"@type\":\"BreadcrumbList\",\"@id\":\"https:\\\/\\\/stringsandwood.de\\\/index.php\\\/informationen-zum-gitarrenbau\\\/floyd-rose-tremolo-einstellen\\\/#breadcrumb\",\"itemListElement\":[{\"@type\":\"ListItem\",\"position\":1,\"name\":\"Home\",\"item\":\"https:\\\/\\\/stringsandwood.de\\\/\"},{\"@type\":\"ListItem\",\"position\":2,\"name\":\"Infos zum Gitarrenbau\",\"item\":\"https:\\\/\\\/stringsandwood.de\\\/index.php\\\/informationen-zum-gitarrenbau\\\/\"},{\"@type\":\"ListItem\",\"position\":3,\"name\":\"Floyd Rose Tremolo einstellen\"}]},{\"@type\":\"WebSite\",\"@id\":\"https:\\\/\\\/stringsandwood.de\\\/#website\",\"url\":\"https:\\\/\\\/stringsandwood.de\\\/\",\"name\":\"Strings And Wood - Gitarrenbau aus Hamm\",\"description\":\"Gitarren in Handarbeit - Custom Guitars\",\"publisher\":{\"@id\":\"https:\\\/\\\/stringsandwood.de\\\/#organization\"},\"potentialAction\":[{\"@type\":\"SearchAction\",\"target\":{\"@type\":\"EntryPoint\",\"urlTemplate\":\"https:\\\/\\\/stringsandwood.de\\\/?s={search_term_string}\"},\"query-input\":{\"@type\":\"PropertyValueSpecification\",\"valueRequired\":true,\"valueName\":\"search_term_string\"}}],\"inLanguage\":\"de\"},{\"@type\":\"Organization\",\"@id\":\"https:\\\/\\\/stringsandwood.de\\\/#organization\",\"name\":\"Frank Zillmann Custom Guitars - Strings And Wood\",\"url\":\"https:\\\/\\\/stringsandwood.de\\\/\",\"logo\":{\"@type\":\"ImageObject\",\"inLanguage\":\"de\",\"@id\":\"https:\\\/\\\/stringsandwood.de\\\/#\\\/schema\\\/logo\\\/image\\\/\",\"url\":\"https:\\\/\\\/stringsandwood.de\\\/wp-content\\\/uploads\\\/2015\\\/08\\\/Strings-And-Wood.png\",\"contentUrl\":\"https:\\\/\\\/stringsandwood.de\\\/wp-content\\\/uploads\\\/2015\\\/08\\\/Strings-And-Wood.png\",\"width\":300,\"height\":31,\"caption\":\"Frank Zillmann Custom Guitars - Strings And Wood\"},\"image\":{\"@id\":\"https:\\\/\\\/stringsandwood.de\\\/#\\\/schema\\\/logo\\\/image\\\/\"},\"sameAs\":[\"https:\\\/\\\/www.facebook.com\\\/F.Zillmann\",\"https:\\\/\\\/www.instagram.com\\\/fzillmann\\\/\"]}]}<\/script>\n<!-- \/ Yoast SEO plugin. -->","yoast_head_json":{"title":"Floyd Rose Tremolo richtig einstellen - hier erfahrt ihr wie es geht.","description":"Ein Floyd Rose Tremolo einstellen ist gar nicht so einfach. Wenn man versteht wie funktioniert wird einiges klar. Wie es eingestelltwird erfahrt ihr hier.","robots":{"index":"index","follow":"follow","max-snippet":"max-snippet:-1","max-image-preview":"max-image-preview:large","max-video-preview":"max-video-preview:-1"},"canonical":"https:\/\/stringsandwood.de\/index.php\/informationen-zum-gitarrenbau\/floyd-rose-tremolo-einstellen\/","og_locale":"de_DE","og_type":"article","og_title":"Floyd Rose Tremolo richtig einstellen - hier erfahrt ihr wie es geht.","og_description":"Ein Floyd Rose Tremolo einstellen ist gar nicht so einfach. Wenn man versteht wie funktioniert wird einiges klar. Wie es eingestelltwird erfahrt ihr hier.","og_url":"https:\/\/stringsandwood.de\/index.php\/informationen-zum-gitarrenbau\/floyd-rose-tremolo-einstellen\/","og_site_name":"Strings And Wood - Gitarrenbau aus Hamm","article_publisher":"https:\/\/www.facebook.com\/F.Zillmann","article_modified_time":"2020-05-28T15:24:00+00:00","twitter_card":"summary_large_image","twitter_misc":{"Gesch\u00e4tzte Lesezeit":"6\u00a0Minuten"},"schema":{"@context":"https:\/\/schema.org","@graph":[{"@type":"WebPage","@id":"https:\/\/stringsandwood.de\/index.php\/informationen-zum-gitarrenbau\/floyd-rose-tremolo-einstellen\/","url":"https:\/\/stringsandwood.de\/index.php\/informationen-zum-gitarrenbau\/floyd-rose-tremolo-einstellen\/","name":"Floyd Rose Tremolo richtig einstellen - hier erfahrt ihr wie es geht.","isPartOf":{"@id":"https:\/\/stringsandwood.de\/#website"},"datePublished":"2016-09-11T14:21:48+00:00","dateModified":"2020-05-28T15:24:00+00:00","description":"Ein Floyd Rose Tremolo einstellen ist gar nicht so einfach. Wenn man versteht wie funktioniert wird einiges klar. Wie es eingestelltwird erfahrt ihr hier.","breadcrumb":{"@id":"https:\/\/stringsandwood.de\/index.php\/informationen-zum-gitarrenbau\/floyd-rose-tremolo-einstellen\/#breadcrumb"},"inLanguage":"de","potentialAction":[{"@type":"ReadAction","target":["https:\/\/stringsandwood.de\/index.php\/informationen-zum-gitarrenbau\/floyd-rose-tremolo-einstellen\/"]}]},{"@type":"BreadcrumbList","@id":"https:\/\/stringsandwood.de\/index.php\/informationen-zum-gitarrenbau\/floyd-rose-tremolo-einstellen\/#breadcrumb","itemListElement":[{"@type":"ListItem","position":1,"name":"Home","item":"https:\/\/stringsandwood.de\/"},{"@type":"ListItem","position":2,"name":"Infos zum Gitarrenbau","item":"https:\/\/stringsandwood.de\/index.php\/informationen-zum-gitarrenbau\/"},{"@type":"ListItem","position":3,"name":"Floyd Rose Tremolo einstellen"}]},{"@type":"WebSite","@id":"https:\/\/stringsandwood.de\/#website","url":"https:\/\/stringsandwood.de\/","name":"Strings And Wood - Gitarrenbau aus Hamm","description":"Gitarren in Handarbeit - Custom Guitars","publisher":{"@id":"https:\/\/stringsandwood.de\/#organization"},"potentialAction":[{"@type":"SearchAction","target":{"@type":"EntryPoint","urlTemplate":"https:\/\/stringsandwood.de\/?s={search_term_string}"},"query-input":{"@type":"PropertyValueSpecification","valueRequired":true,"valueName":"search_term_string"}}],"inLanguage":"de"},{"@type":"Organization","@id":"https:\/\/stringsandwood.de\/#organization","name":"Frank Zillmann Custom Guitars - Strings And Wood","url":"https:\/\/stringsandwood.de\/","logo":{"@type":"ImageObject","inLanguage":"de","@id":"https:\/\/stringsandwood.de\/#\/schema\/logo\/image\/","url":"https:\/\/stringsandwood.de\/wp-content\/uploads\/2015\/08\/Strings-And-Wood.png","contentUrl":"https:\/\/stringsandwood.de\/wp-content\/uploads\/2015\/08\/Strings-And-Wood.png","width":300,"height":31,"caption":"Frank Zillmann Custom Guitars - Strings And Wood"},"image":{"@id":"https:\/\/stringsandwood.de\/#\/schema\/logo\/image\/"},"sameAs":["https:\/\/www.facebook.com\/F.Zillmann","https:\/\/www.instagram.com\/fzillmann\/"]}]}},"_links":{"self":[{"href":"https:\/\/stringsandwood.de\/index.php\/wp-json\/wp\/v2\/pages\/693","targetHints":{"allow":["GET"]}}],"collection":[{"href":"https:\/\/stringsandwood.de\/index.php\/wp-json\/wp\/v2\/pages"}],"about":[{"href":"https:\/\/stringsandwood.de\/index.php\/wp-json\/wp\/v2\/types\/page"}],"author":[{"embeddable":true,"href":"https:\/\/stringsandwood.de\/index.php\/wp-json\/wp\/v2\/users\/3"}],"replies":[{"embeddable":true,"href":"https:\/\/stringsandwood.de\/index.php\/wp-json\/wp\/v2\/comments?post=693"}],"version-history":[{"count":8,"href":"https:\/\/stringsandwood.de\/index.php\/wp-json\/wp\/v2\/pages\/693\/revisions"}],"predecessor-version":[{"id":1172,"href":"https:\/\/stringsandwood.de\/index.php\/wp-json\/wp\/v2\/pages\/693\/revisions\/1172"}],"up":[{"embeddable":true,"href":"https:\/\/stringsandwood.de\/index.php\/wp-json\/wp\/v2\/pages\/363"}],"wp:attachment":[{"href":"https:\/\/stringsandwood.de\/index.php\/wp-json\/wp\/v2\/media?parent=693"}],"curies":[{"name":"wp","href":"https:\/\/api.w.org\/{rel}","templated":true}]}}