{"id":707,"date":"2016-12-05T14:03:43","date_gmt":"2016-12-05T13:03:43","guid":{"rendered":"https:\/\/stringsandwood.de\/?page_id=707"},"modified":"2018-08-13T10:20:20","modified_gmt":"2018-08-13T08:20:20","slug":"preisliste-reparaturen","status":"publish","type":"page","link":"https:\/\/stringsandwood.de\/index.php\/informationen-zum-gitarrenbau\/preisliste-reparaturen\/","title":{"rendered":"Preisliste Reparaturen"},"content":{"rendered":"<h4 style=\"color: #990000;\">Was kostet das?<\/h4>\n<h1>Preisliste Reparaturen<\/h1>\n<p>Im folgenden sind die Preise f\u00fcr die h\u00e4ufigsten Reparaturen aufgef\u00fchrt. Beim Austausch von Hardware, Elektronik und neuer Saiten kann das Material gerne mitgebracht werden. Viele Positionen sind mit Preisen &#8222;ab&#8220; ausgezeichnet. In den meisten F\u00e4llen trifft diese Kalkulation zu, jedoch k\u00f6nnen die Preise auch aufgrund besonderer Umst\u00e4nde (Schadensbild, Material, Bauweise, Lackierung, etc.) nach oben abweichen.<\/p>\n<p>Wenn du eine Neubesaitung w\u00fcnschst, teile mir das bitte zwei bis drei Tage vorher mit, damit auch der Wunschsaitensatz vorr\u00e4tig ist. H\u00e4ufig verwendete Saiten sind zwar vorr\u00e4tig, jedoch k\u00f6nnen nicht alle Hersteller und Typen in allen St\u00e4rken am Lager sein.<\/p>\n<table>\n<tbody>\n<tr>\n<td valign=\"top\"><strong>Austauscharbeiten<\/strong><\/td>\n<td valign=\"top\"><\/td>\n<td align=\"right\" valign=\"top\">Preise in EUR inkl. MwSt.<\/td>\n<\/tr>\n<tr>\n<td valign=\"top\">Instrument neu besaiten, ohne Saitensatz<\/td>\n<td valign=\"top\"><\/td>\n<td align=\"right\" valign=\"top\">15,00<\/td>\n<\/tr>\n<tr>\n<td valign=\"top\">Sattel (6 Saiten) erneuern inkl. Kerben<\/td>\n<td valign=\"top\"><\/td>\n<td align=\"right\" valign=\"top\">40,00<\/td>\n<\/tr>\n<tr>\n<td valign=\"top\">Sattel (12 Saiten) erneuern inkl. Kerben<\/td>\n<td valign=\"top\"><\/td>\n<td align=\"right\" valign=\"top\">55,00<\/td>\n<\/tr>\n<tr>\n<td valign=\"top\">Mechaniken einbauen bei passenden Bohrungen (ohne Mechaniken)<\/td>\n<td valign=\"top\"><\/td>\n<td align=\"right\" valign=\"top\">ab 25,00<\/td>\n<\/tr>\n<tr>\n<td valign=\"top\">Mechanik einbauen inkl. Schlie\u00dfen der alten Bohrungen und neu bohren (ohne Mechaniken und ohne Lackierarbeiten)<\/td>\n<td valign=\"top\"><\/td>\n<td align=\"right\" valign=\"top\">ab 55,00<\/td>\n<\/tr>\n<tr>\n<td valign=\"top\">E-Gitarre Tonabnehmer tauschen ohne Fr\u00e4s- und Holzarbeiten<\/td>\n<td valign=\"top\"><\/td>\n<td align=\"right\" valign=\"top\">ab 25,00<\/td>\n<\/tr>\n<tr>\n<td valign=\"top\">Poties austauschen (ohne Material)<\/td>\n<td valign=\"top\"><\/td>\n<td align=\"right\" valign=\"top\">ab 30,00<\/td>\n<\/tr>\n<tr>\n<td valign=\"top\"><\/td>\n<td valign=\"top\"><\/td>\n<td align=\"right\" valign=\"top\"><\/td>\n<\/tr>\n<tr>\n<td valign=\"top\"><strong>Bundierarbeiten<\/strong><\/td>\n<td valign=\"top\"><\/td>\n<td align=\"right\" valign=\"top\"><\/td>\n<\/tr>\n<tr>\n<td valign=\"top\">B\u00fcnde abrichten und polieren<\/td>\n<td valign=\"top\"><\/td>\n<td align=\"right\" valign=\"top\">ab 75,00<\/td>\n<\/tr>\n<tr>\n<td valign=\"top\">B\u00fcnde nur seitlich abrichten<\/td>\n<td valign=\"top\"><\/td>\n<td align=\"right\" valign=\"top\">40,00<\/td>\n<\/tr>\n<tr>\n<td valign=\"top\">neu Bundieren (Aufpreise f\u00fcr Binding oder Lackierarbeiten werden individuell berechnet)<\/td>\n<td valign=\"top\"><\/td>\n<td align=\"right\" valign=\"top\">ab 230,00<\/td>\n<\/tr>\n<tr>\n<td valign=\"top\"><\/td>\n<td valign=\"top\"><\/td>\n<td align=\"right\" valign=\"top\"><\/td>\n<\/tr>\n<tr>\n<td valign=\"top\"><strong>Einstellarbeiten<\/strong><\/td>\n<td valign=\"top\"><\/td>\n<td align=\"right\" valign=\"top\"><\/td>\n<\/tr>\n<tr>\n<td valign=\"top\">enthalten sind: Halskr\u00fcmmung, Saitenlage inkl. Sattel und Steg (Br\u00fccke), Kompensation, ggf. Oktavreinheit<\/td>\n<td valign=\"top\"><\/td>\n<td align=\"right\" valign=\"top\"><\/td>\n<\/tr>\n<tr>\n<td valign=\"top\">E-Gitarre mit und ohne Tremolo (Bigsby, Standard Strat, etc.)<\/td>\n<td valign=\"top\"><\/td>\n<td align=\"right\" valign=\"top\">45,00<\/td>\n<\/tr>\n<tr>\n<td valign=\"top\">E-Gitarre mit Floyd Rose Tremolo<\/td>\n<td valign=\"top\"><\/td>\n<td align=\"right\" valign=\"top\">60,00<\/td>\n<\/tr>\n<tr>\n<td valign=\"top\">A-Gitarre<\/td>\n<td valign=\"top\"><\/td>\n<td align=\"right\" valign=\"top\">ab 45,00<\/td>\n<\/tr>\n<tr>\n<td valign=\"top\"><\/td>\n<td valign=\"top\"><\/td>\n<td align=\"right\" valign=\"top\"><\/td>\n<\/tr>\n<tr>\n<td valign=\"top\"><strong>Holzarbeiten<\/strong><\/td>\n<td valign=\"top\"><\/td>\n<td align=\"right\" valign=\"top\"><\/td>\n<\/tr>\n<tr>\n<td valign=\"top\">Steg neu aufleimen<\/td>\n<td valign=\"top\"><\/td>\n<td align=\"right\" valign=\"top\">ab 70,00<\/td>\n<\/tr>\n<tr>\n<td valign=\"top\">Deckenriss leimen<sup>(1)<\/sup><\/td>\n<td valign=\"top\"><\/td>\n<td align=\"right\" valign=\"top\">ab 40,00<\/td>\n<\/tr>\n<tr>\n<td valign=\"top\">Halsbruch reparieren<\/td>\n<td valign=\"top\"><\/td>\n<td align=\"right\" valign=\"top\">ab 80,00<\/td>\n<\/tr>\n<tr>\n<td valign=\"top\">Fr\u00e4sarbeiten Humbucker und\/oder Single Coil<\/td>\n<td valign=\"top\"><\/td>\n<td align=\"right\" valign=\"top\">ab 70,00<\/td>\n<\/tr>\n<\/tbody>\n<\/table>\n<p>(1) Falls sich ein Riss in Decke, Zarge oder Boden bemerkbar macht, sollten Sie folgendes sofort tun um weitere Sch\u00e4den zu vermeiden. Entspannen Sie vorsichtig die Saiten und lassen den Riss so schnell wie m\u00f6glich reparieren. Die Gefahr des Weiterreissens ist gro\u00df. Als weiteren Tipp rate ich \u00fcber den Riss einen Streifen Tesafilm zu kleben, um zu verhindern das sich Schmutz im Riss absetzt.<\/p>\n<div id='gallery-1' class='gallery galleryid-707 gallery-columns-3 gallery-size-thumbnail'><dl class='gallery-item'>\n\t\t\t<dt class='gallery-icon landscape'>\n\t\t\t\t<a href='https:\/\/stringsandwood.de\/wp-content\/uploads\/2016\/12\/00.jpg'><img loading=\"lazy\" decoding=\"async\" width=\"300\" height=\"300\" src=\"https:\/\/stringsandwood.de\/wp-content\/uploads\/2016\/12\/00-300x300.jpg\" class=\"attachment-thumbnail size-thumbnail\" alt=\"Gebrochene Schlagbretthalterung leimen\" aria-describedby=\"gallery-1-821\" \/><\/a>\n\t\t\t<\/dt>\n\t\t\t\t<dd class='wp-caption-text gallery-caption' id='gallery-1-821'>\n\t\t\t\tSchlagbretthalterung\n\t\t\t\t<\/dd><\/dl><dl class='gallery-item'>\n\t\t\t<dt class='gallery-icon landscape'>\n\t\t\t\t<a href='https:\/\/stringsandwood.de\/wp-content\/uploads\/2016\/12\/002.jpg'><img loading=\"lazy\" decoding=\"async\" width=\"300\" height=\"300\" src=\"https:\/\/stringsandwood.de\/wp-content\/uploads\/2016\/12\/002-300x300.jpg\" class=\"attachment-thumbnail size-thumbnail\" alt=\"Sattel aus Rindsknochen erneuern\" aria-describedby=\"gallery-1-822\" \/><\/a>\n\t\t\t<\/dt>\n\t\t\t\t<dd class='wp-caption-text gallery-caption' id='gallery-1-822'>\n\t\t\t\tSattel erneuern\n\t\t\t\t<\/dd><\/dl><dl class='gallery-item'>\n\t\t\t<dt class='gallery-icon landscape'>\n\t\t\t\t<a href='https:\/\/stringsandwood.de\/wp-content\/uploads\/2016\/12\/003.jpg'><img loading=\"lazy\" decoding=\"async\" width=\"300\" height=\"300\" src=\"https:\/\/stringsandwood.de\/wp-content\/uploads\/2016\/12\/003-300x300.jpg\" class=\"attachment-thumbnail size-thumbnail\" alt=\"Halsstab (Truss Rod) erneuern\" aria-describedby=\"gallery-1-823\" \/><\/a>\n\t\t\t<\/dt>\n\t\t\t\t<dd class='wp-caption-text gallery-caption' id='gallery-1-823'>\n\t\t\t\tHalsstab erneuern\n\t\t\t\t<\/dd><\/dl><br style=\"clear: both\" \/>\n\t\t<\/div>\n\n","protected":false},"excerpt":{"rendered":"<p>Was kostet das? Preisliste Reparaturen Im folgenden sind die Preise f\u00fcr die h\u00e4ufigsten Reparaturen aufgef\u00fchrt. Beim Austausch von Hardware, Elektronik und neuer Saiten kann das Material gerne mitgebracht werden. Viele [&hellip;]<\/p>\n","protected":false},"author":3,"featured_media":0,"parent":363,"menu_order":44,"comment_status":"closed","ping_status":"closed","template":"page_reparaturen.php","meta":{"footnotes":""},"class_list":["post-707","page","type-page","status-publish","hentry"],"yoast_head":"<!-- This site is optimized with the Yoast SEO plugin v27.5 - https:\/\/yoast.com\/product\/yoast-seo-wordpress\/ -->\n<title>Preise f\u00fcr Reparaturen an A- und E-Gitarren - vom Riss bis neue Saiten<\/title>\n<meta name=\"description\" content=\"Hier findest du unsere Preisliste f\u00fcr Reparaturen an E-Gitarren und Akustikgitarren. Die Priese f\u00fcr h\u00e4ufigsten Arbeiten sind aufgef\u00fchrt.\" \/>\n<meta name=\"robots\" content=\"index, follow, max-snippet:-1, max-image-preview:large, max-video-preview:-1\" \/>\n<link rel=\"canonical\" href=\"https:\/\/stringsandwood.de\/index.php\/informationen-zum-gitarrenbau\/preisliste-reparaturen\/\" \/>\n<meta property=\"og:locale\" content=\"de_DE\" \/>\n<meta property=\"og:type\" content=\"article\" \/>\n<meta property=\"og:title\" content=\"Preise f\u00fcr Reparaturen an A- und E-Gitarren - vom Riss bis neue Saiten\" \/>\n<meta property=\"og:description\" content=\"Hier findest du unsere Preisliste f\u00fcr Reparaturen an E-Gitarren und Akustikgitarren. Die Priese f\u00fcr h\u00e4ufigsten Arbeiten sind aufgef\u00fchrt.\" \/>\n<meta property=\"og:url\" content=\"https:\/\/stringsandwood.de\/index.php\/informationen-zum-gitarrenbau\/preisliste-reparaturen\/\" \/>\n<meta property=\"og:site_name\" content=\"Strings And Wood - Gitarrenbau aus Hamm\" \/>\n<meta property=\"article:publisher\" content=\"https:\/\/www.facebook.com\/F.Zillmann\" \/>\n<meta property=\"article:modified_time\" content=\"2018-08-13T08:20:20+00:00\" \/>\n<meta property=\"og:image\" content=\"https:\/\/stringsandwood.de\/wp-content\/uploads\/2016\/12\/00-300x300.jpg\" \/>\n<meta name=\"twitter:card\" content=\"summary_large_image\" \/>\n<meta name=\"twitter:label1\" content=\"Gesch\u00e4tzte Lesezeit\" \/>\n\t<meta name=\"twitter:data1\" content=\"2\u00a0Minuten\" \/>\n<script type=\"application\/ld+json\" class=\"yoast-schema-graph\">{\"@context\":\"https:\\\/\\\/schema.org\",\"@graph\":[{\"@type\":\"WebPage\",\"@id\":\"https:\\\/\\\/stringsandwood.de\\\/index.php\\\/informationen-zum-gitarrenbau\\\/preisliste-reparaturen\\\/\",\"url\":\"https:\\\/\\\/stringsandwood.de\\\/index.php\\\/informationen-zum-gitarrenbau\\\/preisliste-reparaturen\\\/\",\"name\":\"Preise f\u00fcr Reparaturen an A- und E-Gitarren - vom Riss bis neue Saiten\",\"isPartOf\":{\"@id\":\"https:\\\/\\\/stringsandwood.de\\\/#website\"},\"datePublished\":\"2016-12-05T13:03:43+00:00\",\"dateModified\":\"2018-08-13T08:20:20+00:00\",\"description\":\"Hier findest du unsere Preisliste f\u00fcr Reparaturen an E-Gitarren und Akustikgitarren. Die Priese f\u00fcr h\u00e4ufigsten Arbeiten sind aufgef\u00fchrt.\",\"breadcrumb\":{\"@id\":\"https:\\\/\\\/stringsandwood.de\\\/index.php\\\/informationen-zum-gitarrenbau\\\/preisliste-reparaturen\\\/#breadcrumb\"},\"inLanguage\":\"de\",\"potentialAction\":[{\"@type\":\"ReadAction\",\"target\":[\"https:\\\/\\\/stringsandwood.de\\\/index.php\\\/informationen-zum-gitarrenbau\\\/preisliste-reparaturen\\\/\"]}]},{\"@type\":\"BreadcrumbList\",\"@id\":\"https:\\\/\\\/stringsandwood.de\\\/index.php\\\/informationen-zum-gitarrenbau\\\/preisliste-reparaturen\\\/#breadcrumb\",\"itemListElement\":[{\"@type\":\"ListItem\",\"position\":1,\"name\":\"Home\",\"item\":\"https:\\\/\\\/stringsandwood.de\\\/\"},{\"@type\":\"ListItem\",\"position\":2,\"name\":\"Infos zum Gitarrenbau\",\"item\":\"https:\\\/\\\/stringsandwood.de\\\/index.php\\\/informationen-zum-gitarrenbau\\\/\"},{\"@type\":\"ListItem\",\"position\":3,\"name\":\"Preisliste Reparaturen\"}]},{\"@type\":\"WebSite\",\"@id\":\"https:\\\/\\\/stringsandwood.de\\\/#website\",\"url\":\"https:\\\/\\\/stringsandwood.de\\\/\",\"name\":\"Strings And Wood - Gitarrenbau aus Hamm\",\"description\":\"Gitarren in Handarbeit - Custom Guitars\",\"publisher\":{\"@id\":\"https:\\\/\\\/stringsandwood.de\\\/#organization\"},\"potentialAction\":[{\"@type\":\"SearchAction\",\"target\":{\"@type\":\"EntryPoint\",\"urlTemplate\":\"https:\\\/\\\/stringsandwood.de\\\/?s={search_term_string}\"},\"query-input\":{\"@type\":\"PropertyValueSpecification\",\"valueRequired\":true,\"valueName\":\"search_term_string\"}}],\"inLanguage\":\"de\"},{\"@type\":\"Organization\",\"@id\":\"https:\\\/\\\/stringsandwood.de\\\/#organization\",\"name\":\"Frank Zillmann Custom Guitars - Strings And Wood\",\"url\":\"https:\\\/\\\/stringsandwood.de\\\/\",\"logo\":{\"@type\":\"ImageObject\",\"inLanguage\":\"de\",\"@id\":\"https:\\\/\\\/stringsandwood.de\\\/#\\\/schema\\\/logo\\\/image\\\/\",\"url\":\"https:\\\/\\\/stringsandwood.de\\\/wp-content\\\/uploads\\\/2015\\\/08\\\/Strings-And-Wood.png\",\"contentUrl\":\"https:\\\/\\\/stringsandwood.de\\\/wp-content\\\/uploads\\\/2015\\\/08\\\/Strings-And-Wood.png\",\"width\":300,\"height\":31,\"caption\":\"Frank Zillmann Custom Guitars - Strings And Wood\"},\"image\":{\"@id\":\"https:\\\/\\\/stringsandwood.de\\\/#\\\/schema\\\/logo\\\/image\\\/\"},\"sameAs\":[\"https:\\\/\\\/www.facebook.com\\\/F.Zillmann\",\"https:\\\/\\\/www.instagram.com\\\/fzillmann\\\/\"]}]}<\/script>\n<!-- \/ Yoast SEO plugin. -->","yoast_head_json":{"title":"Preise f\u00fcr Reparaturen an A- und E-Gitarren - vom Riss bis neue Saiten","description":"Hier findest du unsere Preisliste f\u00fcr Reparaturen an E-Gitarren und Akustikgitarren. Die Priese f\u00fcr h\u00e4ufigsten Arbeiten sind aufgef\u00fchrt.","robots":{"index":"index","follow":"follow","max-snippet":"max-snippet:-1","max-image-preview":"max-image-preview:large","max-video-preview":"max-video-preview:-1"},"canonical":"https:\/\/stringsandwood.de\/index.php\/informationen-zum-gitarrenbau\/preisliste-reparaturen\/","og_locale":"de_DE","og_type":"article","og_title":"Preise f\u00fcr Reparaturen an A- und E-Gitarren - vom Riss bis neue Saiten","og_description":"Hier findest du unsere Preisliste f\u00fcr Reparaturen an E-Gitarren und Akustikgitarren. Die Priese f\u00fcr h\u00e4ufigsten Arbeiten sind aufgef\u00fchrt.","og_url":"https:\/\/stringsandwood.de\/index.php\/informationen-zum-gitarrenbau\/preisliste-reparaturen\/","og_site_name":"Strings And Wood - Gitarrenbau aus Hamm","article_publisher":"https:\/\/www.facebook.com\/F.Zillmann","article_modified_time":"2018-08-13T08:20:20+00:00","og_image":[{"url":"https:\/\/stringsandwood.de\/wp-content\/uploads\/2016\/12\/00-300x300.jpg","type":"","width":"","height":""}],"twitter_card":"summary_large_image","twitter_misc":{"Gesch\u00e4tzte Lesezeit":"2\u00a0Minuten"},"schema":{"@context":"https:\/\/schema.org","@graph":[{"@type":"WebPage","@id":"https:\/\/stringsandwood.de\/index.php\/informationen-zum-gitarrenbau\/preisliste-reparaturen\/","url":"https:\/\/stringsandwood.de\/index.php\/informationen-zum-gitarrenbau\/preisliste-reparaturen\/","name":"Preise f\u00fcr Reparaturen an A- und E-Gitarren - vom Riss bis neue Saiten","isPartOf":{"@id":"https:\/\/stringsandwood.de\/#website"},"datePublished":"2016-12-05T13:03:43+00:00","dateModified":"2018-08-13T08:20:20+00:00","description":"Hier findest du unsere Preisliste f\u00fcr Reparaturen an E-Gitarren und Akustikgitarren. Die Priese f\u00fcr h\u00e4ufigsten Arbeiten sind aufgef\u00fchrt.","breadcrumb":{"@id":"https:\/\/stringsandwood.de\/index.php\/informationen-zum-gitarrenbau\/preisliste-reparaturen\/#breadcrumb"},"inLanguage":"de","potentialAction":[{"@type":"ReadAction","target":["https:\/\/stringsandwood.de\/index.php\/informationen-zum-gitarrenbau\/preisliste-reparaturen\/"]}]},{"@type":"BreadcrumbList","@id":"https:\/\/stringsandwood.de\/index.php\/informationen-zum-gitarrenbau\/preisliste-reparaturen\/#breadcrumb","itemListElement":[{"@type":"ListItem","position":1,"name":"Home","item":"https:\/\/stringsandwood.de\/"},{"@type":"ListItem","position":2,"name":"Infos zum Gitarrenbau","item":"https:\/\/stringsandwood.de\/index.php\/informationen-zum-gitarrenbau\/"},{"@type":"ListItem","position":3,"name":"Preisliste Reparaturen"}]},{"@type":"WebSite","@id":"https:\/\/stringsandwood.de\/#website","url":"https:\/\/stringsandwood.de\/","name":"Strings And Wood - Gitarrenbau aus Hamm","description":"Gitarren in Handarbeit - Custom Guitars","publisher":{"@id":"https:\/\/stringsandwood.de\/#organization"},"potentialAction":[{"@type":"SearchAction","target":{"@type":"EntryPoint","urlTemplate":"https:\/\/stringsandwood.de\/?s={search_term_string}"},"query-input":{"@type":"PropertyValueSpecification","valueRequired":true,"valueName":"search_term_string"}}],"inLanguage":"de"},{"@type":"Organization","@id":"https:\/\/stringsandwood.de\/#organization","name":"Frank Zillmann Custom Guitars - Strings And Wood","url":"https:\/\/stringsandwood.de\/","logo":{"@type":"ImageObject","inLanguage":"de","@id":"https:\/\/stringsandwood.de\/#\/schema\/logo\/image\/","url":"https:\/\/stringsandwood.de\/wp-content\/uploads\/2015\/08\/Strings-And-Wood.png","contentUrl":"https:\/\/stringsandwood.de\/wp-content\/uploads\/2015\/08\/Strings-And-Wood.png","width":300,"height":31,"caption":"Frank Zillmann Custom Guitars - Strings And Wood"},"image":{"@id":"https:\/\/stringsandwood.de\/#\/schema\/logo\/image\/"},"sameAs":["https:\/\/www.facebook.com\/F.Zillmann","https:\/\/www.instagram.com\/fzillmann\/"]}]}},"_links":{"self":[{"href":"https:\/\/stringsandwood.de\/index.php\/wp-json\/wp\/v2\/pages\/707","targetHints":{"allow":["GET"]}}],"collection":[{"href":"https:\/\/stringsandwood.de\/index.php\/wp-json\/wp\/v2\/pages"}],"about":[{"href":"https:\/\/stringsandwood.de\/index.php\/wp-json\/wp\/v2\/types\/page"}],"author":[{"embeddable":true,"href":"https:\/\/stringsandwood.de\/index.php\/wp-json\/wp\/v2\/users\/3"}],"replies":[{"embeddable":true,"href":"https:\/\/stringsandwood.de\/index.php\/wp-json\/wp\/v2\/comments?post=707"}],"version-history":[{"count":11,"href":"https:\/\/stringsandwood.de\/index.php\/wp-json\/wp\/v2\/pages\/707\/revisions"}],"predecessor-version":[{"id":957,"href":"https:\/\/stringsandwood.de\/index.php\/wp-json\/wp\/v2\/pages\/707\/revisions\/957"}],"up":[{"embeddable":true,"href":"https:\/\/stringsandwood.de\/index.php\/wp-json\/wp\/v2\/pages\/363"}],"wp:attachment":[{"href":"https:\/\/stringsandwood.de\/index.php\/wp-json\/wp\/v2\/media?parent=707"}],"curies":[{"name":"wp","href":"https:\/\/api.w.org\/{rel}","templated":true}]}}